{"id":167,"date":"2022-09-06T08:42:30","date_gmt":"2022-09-06T08:42:30","guid":{"rendered":"http:\/\/lamathelab.com\/?page_id=167"},"modified":"2022-09-06T08:42:30","modified_gmt":"2022-09-06T08:42:30","slug":"faq","status":"publish","type":"page","link":"https:\/\/lamathelab.com\/eng\/faq\/","title":{"rendered":"FAQ"},"content":{"rendered":"<div class=\"wpb-content-wrapper\"><div class=\"vc_row wpb_row vc_row-fluid\"><div class=\"wpb_column vc_column_container vc_col-sm-12\"><div class=\"vc_column-inner\"><div class=\"wpb_wrapper\">\n\t<div class=\"wpb_text_column wpb_content_element\" >\n\t\t<div class=\"wpb_wrapper\">\n\t\t\t<p><span style=\"text-decoration: underline;\">What payment methods do you accept?<\/span><\/p>\n<p>We accept most major credit cards and accounts registered to Paypal and Apple Pay. We are working on accepting alternative payment methods in the near future.<\/p>\n<p>&nbsp;<\/p>\n<p><span style=\"text-decoration: underline;\">What is my size?<\/span><\/p>\n<p>Click \"Sizes\" on any product page to view our size chart. Please also reference the fit tips and model stats on each page. If you need any help, please email us at <a href=\"mailto:info@lamathelab.com\">info@lamathelab.com<\/a>.<\/p>\n<p>&nbsp;<\/p>\n<p><span style=\"text-decoration: underline;\">I'd love some advice on how to style the pieces. Can you help? <\/span><\/p>\n<p>Of course! If you have any questions on any garment or fit or how to style it, we are available for you. You can contact us in <a href=\"mailto:info@lamathelab.com\">info@lamathelab.com<\/a>.<\/p>\n<p>&nbsp;<\/p>\n<p><span style=\"text-decoration: underline;\">The piece I want is sold out, is there anything I can do?<\/span><\/p>\n<p>Our collections are timeless; that is, they don't follow the fashion industry's calendar. We try to keep our classic in stock all year round. If the garment in question is sold out, please send us an email <a href=\"mailto:info@lamathelab.com\">info@lamathelab.com<\/a>and inquire when it is restocked. For our seasonal items, we cannot guarantee they will be restocked. Visit the product page and select the option \"Notify me when back in-store\" to keep track.<\/p>\n<p>&nbsp;<\/p>\n<p><span style=\"text-decoration: underline;\">Can I cancel or modify my order?<\/span><\/p>\n<p>Please email us at <a href=\"mailto:info@lamathelab.com\">info@lamathelab.com<\/a> as soon as possible. If your order has yet to be processed, we can still cancel your order or edit the shipping details. Please note that we cannot cancel or change sizes, or add or remove pieces once an order has been placed. \nPlease note cancellations for any full-price or sale purchases are prohibited during any sale period. This restriction is also listed at checkout during sale times.<\/p>\n<p>&nbsp;<\/p>\n<p><span style=\"text-decoration: underline;\">How do I track my order?<\/span><\/p>\n<p>Once your order has been shipped, you will receive an email from us with a tracking link in the email that you provided us. If you are unable to locate this email or believe you have yet to receive your shipping confirmation, please email us at <a href=\"mailto:info@lamathelab.com\">info@lamathelab.com<\/a>.<\/p>\n<p>&nbsp;<\/p>\n<p><span style=\"text-decoration: underline;\">Can I return or exchange my garment?<\/span><\/p>\n<p>Please email us at <a href=\"mailto:info@lamathelab.com\">info@lamathelab.com<\/a> to initiate a return or exchange process within 15 days of receiving your package. Returns and exchanges only apply for unworn and unwashed merchandise.<\/p>\n<p>For more information, please check <a href=\"http:\/\/lamathelab.com\/eng\/envios-cambios-y-devoluciones\/\">SHIPPING, EXCHANGE AND RETURNS<\/a><\/p>\n<p>&nbsp;<\/p>\n<p><span style=\"text-decoration: underline;\">How can I contact you?<\/span><\/p>\n<p>We love hearing from our customers. For help finding the perfect fit or for styling tips, please contact us at <a href=\"mailto:info@lamathelab.com\">info@lamathelab.com<\/a>. We recommend emailing us at <a href=\"mailto:info@lamathelab.com\">info@lamathelab.com<\/a>for returns, exchanges, order status, or shipping issues. We aim to respond to all customer inquiries within one business day.<\/p>\n<p>&nbsp;<\/p>\n<p><span style=\"text-decoration: underline;\">What does \"oversized\" mean?<\/span><\/p>\n<p>Many of our styles are intended to fit a little more oversized. If this affects the sizing of a product, we will specify it in the \"Fit and measurements\" section. Otherwise, we encourage you to take your usual size and experiment with styling tips (layering, tucking or folding). Please email us at <a href=\"mailto:info@lamathelab.com\">info@lamathelab.com<\/a> for fit or styling recommendations.<\/p>\n\n\t\t<\/div>\n\t<\/div>\n<\/div><\/div><\/div><\/div>\n<\/div>","protected":false},"excerpt":{"rendered":"\u00bfCu\u00e1les son los m\u00e9todos de pago? Aceptamos pagos a trav\u00e9s de tarjetas de cr\u00e9dito y cuentas registradas en PayPal y Apple Pay. Estamos trabajando para introducir m\u00e1s m\u00e9todos de pago en el futuro. &nbsp; \u00bfCu\u00e1l es mi talla? Haz clic en la opci\u00f3n \u201cGu\u00eda de tallas\u201d en la ficha de cada producto para ver nuestra [...]","protected":false},"author":1,"featured_media":0,"parent":0,"menu_order":0,"comment_status":"closed","ping_status":"closed","template":"","meta":{"inline_featured_image":false,"footnotes":""},"class_list":["post-167","page","type-page","status-publish","hentry"],"yoast_head":"<!-- This site is optimized with the Yoast SEO plugin v27.4 - https:\/\/yoast.com\/product\/yoast-seo-wordpress\/ -->\n<title>FAQ - LAMA THE LAB<\/title>\n<meta name=\"robots\" content=\"index, follow, max-snippet:-1, max-image-preview:large, max-video-preview:-1\" \/>\n<link rel=\"canonical\" href=\"https:\/\/lamathelab.com\/eng\/faq\/\" \/>\n<meta property=\"og:locale\" content=\"en_GB\" \/>\n<meta property=\"og:type\" content=\"article\" \/>\n<meta property=\"og:title\" content=\"FAQ - LAMA THE LAB\" \/>\n<meta property=\"og:url\" content=\"https:\/\/lamathelab.com\/eng\/faq\/\" \/>\n<meta property=\"og:site_name\" content=\"LAMA THE LAB\" \/>\n<meta property=\"article:publisher\" content=\"https:\/\/www.facebook.com\/LamaTheLab\" \/>\n<meta name=\"twitter:card\" content=\"summary_large_image\" \/>\n<meta name=\"twitter:label1\" content=\"Estimated reading time\" \/>\n\t<meta name=\"twitter:data1\" content=\"3 minutes\" \/>\n<script type=\"application\/ld+json\" class=\"yoast-schema-graph\">{\"@context\":\"https:\\\/\\\/schema.org\",\"@graph\":[{\"@type\":\"WebPage\",\"@id\":\"https:\\\/\\\/lamathelab.com\\\/faq\\\/\",\"url\":\"https:\\\/\\\/lamathelab.com\\\/faq\\\/\",\"name\":\"FAQ - LAMA THE LAB\",\"isPartOf\":{\"@id\":\"https:\\\/\\\/lamathelab.com\\\/#website\"},\"datePublished\":\"2022-09-06T08:42:30+00:00\",\"breadcrumb\":{\"@id\":\"https:\\\/\\\/lamathelab.com\\\/faq\\\/#breadcrumb\"},\"inLanguage\":\"en-GB\",\"potentialAction\":[{\"@type\":\"ReadAction\",\"target\":[\"https:\\\/\\\/lamathelab.com\\\/faq\\\/\"]}]},{\"@type\":\"BreadcrumbList\",\"@id\":\"https:\\\/\\\/lamathelab.com\\\/faq\\\/#breadcrumb\",\"itemListElement\":[{\"@type\":\"ListItem\",\"position\":1,\"name\":\"Portada\",\"item\":\"https:\\\/\\\/lamathelab.com\\\/\"},{\"@type\":\"ListItem\",\"position\":2,\"name\":\"FAQ\"}]},{\"@type\":\"WebSite\",\"@id\":\"https:\\\/\\\/lamathelab.com\\\/#website\",\"url\":\"https:\\\/\\\/lamathelab.com\\\/\",\"name\":\"LAMA THE LAB\",\"description\":\"For a shared life.\",\"publisher\":{\"@id\":\"https:\\\/\\\/lamathelab.com\\\/#organization\"},\"potentialAction\":[{\"@type\":\"SearchAction\",\"target\":{\"@type\":\"EntryPoint\",\"urlTemplate\":\"https:\\\/\\\/lamathelab.com\\\/?s={search_term_string}\"},\"query-input\":{\"@type\":\"PropertyValueSpecification\",\"valueRequired\":true,\"valueName\":\"search_term_string\"}}],\"inLanguage\":\"en-GB\"},{\"@type\":\"Organization\",\"@id\":\"https:\\\/\\\/lamathelab.com\\\/#organization\",\"name\":\"LAMA THE LAB CLOTHING\",\"url\":\"https:\\\/\\\/lamathelab.com\\\/\",\"logo\":{\"@type\":\"ImageObject\",\"inLanguage\":\"en-GB\",\"@id\":\"https:\\\/\\\/lamathelab.com\\\/#\\\/schema\\\/logo\\\/image\\\/\",\"url\":\"https:\\\/\\\/lamathelab.com\\\/wp-content\\\/uploads\\\/LAMA-LOGO.jpg\",\"contentUrl\":\"https:\\\/\\\/lamathelab.com\\\/wp-content\\\/uploads\\\/LAMA-LOGO.jpg\",\"width\":1697,\"height\":612,\"caption\":\"LAMA THE LAB CLOTHING\"},\"image\":{\"@id\":\"https:\\\/\\\/lamathelab.com\\\/#\\\/schema\\\/logo\\\/image\\\/\"},\"sameAs\":[\"https:\\\/\\\/www.facebook.com\\\/LamaTheLab\",\"https:\\\/\\\/www.instagram.com\\\/lamathelab\\\/\",\"https:\\\/\\\/www.pinterest.es\\\/lamathelab\\\/\",\"https:\\\/\\\/www.tiktok.com\\\/@lamathelab\"]}]}<\/script>\n<!-- \/ Yoast SEO plugin. -->","yoast_head_json":{"title":"FAQ - LAMA THE LAB","robots":{"index":"index","follow":"follow","max-snippet":"max-snippet:-1","max-image-preview":"max-image-preview:large","max-video-preview":"max-video-preview:-1"},"canonical":"https:\/\/lamathelab.com\/eng\/faq\/","og_locale":"en_GB","og_type":"article","og_title":"FAQ - LAMA THE LAB","og_url":"https:\/\/lamathelab.com\/eng\/faq\/","og_site_name":"LAMA THE LAB","article_publisher":"https:\/\/www.facebook.com\/LamaTheLab","twitter_card":"summary_large_image","twitter_misc":{"Estimated reading time":"3 minutes"},"schema":{"@context":"https:\/\/schema.org","@graph":[{"@type":"WebPage","@id":"https:\/\/lamathelab.com\/faq\/","url":"https:\/\/lamathelab.com\/faq\/","name":"FAQ - LAMA THE LAB","isPartOf":{"@id":"https:\/\/lamathelab.com\/#website"},"datePublished":"2022-09-06T08:42:30+00:00","breadcrumb":{"@id":"https:\/\/lamathelab.com\/faq\/#breadcrumb"},"inLanguage":"en-GB","potentialAction":[{"@type":"ReadAction","target":["https:\/\/lamathelab.com\/faq\/"]}]},{"@type":"BreadcrumbList","@id":"https:\/\/lamathelab.com\/faq\/#breadcrumb","itemListElement":[{"@type":"ListItem","position":1,"name":"Portada","item":"https:\/\/lamathelab.com\/"},{"@type":"ListItem","position":2,"name":"FAQ"}]},{"@type":"WebSite","@id":"https:\/\/lamathelab.com\/#website","url":"https:\/\/lamathelab.com\/","name":"LAMA THE LAB","description":"For a shared life.","publisher":{"@id":"https:\/\/lamathelab.com\/#organization"},"potentialAction":[{"@type":"SearchAction","target":{"@type":"EntryPoint","urlTemplate":"https:\/\/lamathelab.com\/?s={search_term_string}"},"query-input":{"@type":"PropertyValueSpecification","valueRequired":true,"valueName":"search_term_string"}}],"inLanguage":"en-GB"},{"@type":"Organization","@id":"https:\/\/lamathelab.com\/#organization","name":"LAMA THE LAB CLOTHING","url":"https:\/\/lamathelab.com\/","logo":{"@type":"ImageObject","inLanguage":"en-GB","@id":"https:\/\/lamathelab.com\/#\/schema\/logo\/image\/","url":"https:\/\/lamathelab.com\/wp-content\/uploads\/LAMA-LOGO.jpg","contentUrl":"https:\/\/lamathelab.com\/wp-content\/uploads\/LAMA-LOGO.jpg","width":1697,"height":612,"caption":"LAMA THE LAB CLOTHING"},"image":{"@id":"https:\/\/lamathelab.com\/#\/schema\/logo\/image\/"},"sameAs":["https:\/\/www.facebook.com\/LamaTheLab","https:\/\/www.instagram.com\/lamathelab\/","https:\/\/www.pinterest.es\/lamathelab\/","https:\/\/www.tiktok.com\/@lamathelab"]}]}},"_links":{"self":[{"href":"https:\/\/lamathelab.com\/eng\/wp-json\/wp\/v2\/pages\/167","targetHints":{"allow":["GET"]}}],"collection":[{"href":"https:\/\/lamathelab.com\/eng\/wp-json\/wp\/v2\/pages"}],"about":[{"href":"https:\/\/lamathelab.com\/eng\/wp-json\/wp\/v2\/types\/page"}],"author":[{"embeddable":true,"href":"https:\/\/lamathelab.com\/eng\/wp-json\/wp\/v2\/users\/1"}],"replies":[{"embeddable":true,"href":"https:\/\/lamathelab.com\/eng\/wp-json\/wp\/v2\/comments?post=167"}],"version-history":[{"count":1,"href":"https:\/\/lamathelab.com\/eng\/wp-json\/wp\/v2\/pages\/167\/revisions"}],"predecessor-version":[{"id":168,"href":"https:\/\/lamathelab.com\/eng\/wp-json\/wp\/v2\/pages\/167\/revisions\/168"}],"wp:attachment":[{"href":"https:\/\/lamathelab.com\/eng\/wp-json\/wp\/v2\/media?parent=167"}],"curies":[{"name":"wp","href":"https:\/\/api.w.org\/{rel}","templated":true}]}}