{"id":18,"date":"2022-05-16T09:09:44","date_gmt":"2022-05-16T09:09:44","guid":{"rendered":"http:\/\/lamathelab.com\/?page_id=18"},"modified":"2024-11-27T17:42:37","modified_gmt":"2024-11-27T17:42:37","slug":"home","status":"publish","type":"page","link":"https:\/\/lamathelab.com\/eng\/","title":{"rendered":"Home"},"content":{"rendered":"<div class=\"wpb-content-wrapper\"><div class=\"vc_row wpb_row vc_row-fluid\"><div class=\"wpb_column vc_column_container vc_col-sm-6 vc_col-lg-offset-0 vc_col-lg-2 vc_col-sm-offset-1 vc_col-xs-6\"><div class=\"vc_column-inner\"><div class=\"wpb_wrapper\">\n\t<div  class=\"wpb_single_image wpb_content_element vc_align_left wpb_content_element\">\n\t\t\n\t\t<figure class=\"wpb_wrapper vc_figure\">\n\t\t\t<div class=\"vc_single_image-wrapper   vc_box_border_grey\"><img loading=\"lazy\" decoding=\"async\" width=\"1280\" height=\"1920\" src=\"https:\/\/lamathelab.com\/wp-content\/uploads\/2022\/05\/2.jpg\" class=\"vc_single_image-img attachment-full\" alt=\"LAMA - THE LAB Moda sostenible\" title=\"LAMA - THE LAB Moda sostenible\" srcset=\"https:\/\/lamathelab.com\/wp-content\/uploads\/2022\/05\/2.jpg 1280w, https:\/\/lamathelab.com\/wp-content\/uploads\/2022\/05\/2-450x675.jpg 450w, https:\/\/lamathelab.com\/wp-content\/uploads\/2022\/05\/2-600x900.jpg 600w\" sizes=\"auto, (max-width: 1280px) 100vw, 1280px\" \/><\/div>\n\t\t<\/figure>\n\t<\/div>\n<\/div><\/div><\/div><div class=\"wpb_column vc_column_container vc_col-sm-12\"><div class=\"vc_column-inner\"><div class=\"wpb_wrapper\">\n\t<div class=\"wpb_text_column wpb_content_element\" >\n\t\t<div class=\"wpb_wrapper\">\n\t\t\t<h2 style=\"text-align: center;\"><span style=\"color: #4d4d4d;\">SALE<\/span><\/h2>\n<h2 style=\"text-align: center;\"><span style=\"color: #4d4d4d;\">HASTA UN 50% EN TODA LA WEB<\/span><\/h2>\n\n\t\t<\/div>\n\t<\/div>\n<\/div><\/div><\/div><\/div><div class=\"vc_row wpb_row vc_row-fluid\"><div class=\"texto_home wpb_column vc_column_container vc_col-sm-6 vc_col-lg-offset-0 vc_col-lg-2 vc_col-sm-offset-1 vc_col-xs-6\"><div class=\"vc_column-inner\"><div class=\"wpb_wrapper\">\n\t<div class=\"wpb_text_column wpb_content_element\" >\n\t\t<div class=\"wpb_wrapper\">\n\t\t\t<h1 style=\"text-align: left;\"><span style=\"color: #000000;\">LAMA THE LAB<\/span><\/h1>\n\n\t\t<\/div>\n\t<\/div>\n<\/div><\/div><\/div><\/div><div class=\"vc_row wpb_row vc_row-fluid\"><div class=\"wpb_column vc_column_container vc_col-sm-4 vc_col-lg-offset-9 vc_col-lg-3 vc_col-xs-offset-6 vc_col-xs-5\"><div class=\"vc_column-inner\"><div class=\"wpb_wrapper\">\n\t<div  class=\"wpb_single_image wpb_content_element vc_align_left wpb_content_element\">\n\t\t\n\t\t<figure class=\"wpb_wrapper vc_figure\">\n\t\t\t<div class=\"vc_single_image-wrapper   vc_box_border_grey\"><img loading=\"lazy\" decoding=\"async\" width=\"1280\" height=\"1920\" src=\"https:\/\/lamathelab.com\/wp-content\/uploads\/Lama_retoque-21.jpg\" class=\"vc_single_image-img attachment-full\" alt=\"LAMA - THE LAB Moda sostenible\" title=\"LAMA - THE LAB Moda sostenible\" srcset=\"https:\/\/lamathelab.com\/wp-content\/uploads\/Lama_retoque-21.jpg 1280w, https:\/\/lamathelab.com\/wp-content\/uploads\/Lama_retoque-21-450x675.jpg 450w, https:\/\/lamathelab.com\/wp-content\/uploads\/Lama_retoque-21-600x900.jpg 600w, https:\/\/lamathelab.com\/wp-content\/uploads\/Lama_retoque-21-768x1152.jpg 768w, https:\/\/lamathelab.com\/wp-content\/uploads\/Lama_retoque-21-1024x1536.jpg 1024w, https:\/\/lamathelab.com\/wp-content\/uploads\/Lama_retoque-21-8x12.jpg 8w\" sizes=\"auto, (max-width: 1280px) 100vw, 1280px\" \/><\/div>\n\t\t<\/figure>\n\t<\/div>\n<\/div><\/div><\/div><\/div><div class=\"vc_row wpb_row vc_row-fluid\"><div class=\"wpb_column vc_column_container vc_col-sm-3 vc_col-lg-2 vc_col-sm-offset-2 vc_col-xs-7\"><div class=\"vc_column-inner\"><div class=\"wpb_wrapper\">\n\t<div  class=\"wpb_single_image wpb_content_element vc_align_left wpb_content_element\">\n\t\t\n\t\t<figure class=\"wpb_wrapper vc_figure\">\n\t\t\t<a href=\"\/eng\/producto\/banako\/\" target=\"_self\" class=\"vc_single_image-wrapper   vc_box_border_grey\"><img loading=\"lazy\" decoding=\"async\" width=\"1280\" height=\"1920\" src=\"https:\/\/lamathelab.com\/wp-content\/uploads\/1-1-2.jpeg\" class=\"vc_single_image-img attachment-full\" alt=\"LAMA - THE LAB Moda sostenible\" title=\"Camiseta Lama the lab\" srcset=\"https:\/\/lamathelab.com\/wp-content\/uploads\/1-1-2.jpeg 1280w, https:\/\/lamathelab.com\/wp-content\/uploads\/1-1-2-768x1152.jpeg 768w, https:\/\/lamathelab.com\/wp-content\/uploads\/1-1-2-1024x1536.jpeg 1024w, https:\/\/lamathelab.com\/wp-content\/uploads\/1-1-2-8x12.jpeg 8w\" sizes=\"auto, (max-width: 1280px) 100vw, 1280px\" \/><\/a>\n\t\t<\/figure>\n\t<\/div>\n\n\t<div class=\"wpb_text_column wpb_content_element\" >\n\t\t<div class=\"wpb_wrapper\">\n\t\t\t<p><a href=\"\/eng\/producto\/banako\/\">BANAKO &#8211; 57.00\u20ac<\/a><\/p>\n\n\t\t<\/div>\n\t<\/div>\n<\/div><\/div><\/div><\/div><div class=\"vc_row wpb_row vc_row-fluid texto_home\"><div class=\"texto_home wpb_column vc_column_container vc_col-sm-4 vc_col-lg-2 vc_col-sm-offset-8 vc_col-xs-8\"><div class=\"vc_column-inner\"><div class=\"wpb_wrapper\">\n\t<div class=\"wpb_text_column wpb_content_element texto_home\" >\n\t\t<div class=\"wpb_wrapper\">\n\t\t\t<h2><span style=\"font-size: small;\">Lama The Lab is the perfect harmony between minimalism, timelessness and design.<\/span><\/h2>\n\n\t\t<\/div>\n\t<\/div>\n<\/div><\/div><\/div><\/div><div class=\"vc_row wpb_row vc_row-fluid\"><div class=\"wpb_column vc_column_container vc_col-sm-4 vc_col-lg-offset-4 vc_col-lg-4 vc_col-xs-offset-1 vc_col-xs-10\"><div class=\"vc_column-inner\"><div class=\"wpb_wrapper\">\n\t<div  class=\"wpb_single_image wpb_content_element vc_align_left wpb_content_element\">\n\t\t\n\t\t<figure class=\"wpb_wrapper vc_figure\">\n\t\t\t<div class=\"vc_single_image-wrapper   vc_box_border_grey\"><img loading=\"lazy\" decoding=\"async\" width=\"1280\" height=\"1920\" src=\"https:\/\/lamathelab.com\/wp-content\/uploads\/Lama_retoque-18.jpg\" class=\"vc_single_image-img attachment-full\" alt=\"LAMA - THE LAB Moda sostenible\" title=\"Colecci\u00f3n Dantza\" srcset=\"https:\/\/lamathelab.com\/wp-content\/uploads\/Lama_retoque-18.jpg 1280w, https:\/\/lamathelab.com\/wp-content\/uploads\/Lama_retoque-18-450x675.jpg 450w, https:\/\/lamathelab.com\/wp-content\/uploads\/Lama_retoque-18-600x900.jpg 600w, https:\/\/lamathelab.com\/wp-content\/uploads\/Lama_retoque-18-768x1152.jpg 768w, https:\/\/lamathelab.com\/wp-content\/uploads\/Lama_retoque-18-1024x1536.jpg 1024w, https:\/\/lamathelab.com\/wp-content\/uploads\/Lama_retoque-18-8x12.jpg 8w\" sizes=\"auto, (max-width: 1280px) 100vw, 1280px\" \/><\/div>\n\t\t<\/figure>\n\t<\/div>\n<\/div><\/div><\/div><\/div><div class=\"vc_row wpb_row vc_row-fluid\"><div class=\"wpb_column vc_column_container vc_col-sm-3 vc_col-lg-2 vc_col-sm-offset-8 vc_col-xs-offset-6 vc_col-xs-6\"><div class=\"vc_column-inner\"><div class=\"wpb_wrapper\">\n\t<div  class=\"wpb_single_image wpb_content_element vc_align_left wpb_content_element\">\n\t\t\n\t\t<figure class=\"wpb_wrapper vc_figure\">\n\t\t\t<a href=\"\/eng\/producto\/batido\/\" target=\"_self\" class=\"vc_single_image-wrapper   vc_box_border_grey\"><img loading=\"lazy\" decoding=\"async\" width=\"1280\" height=\"1920\" src=\"https:\/\/lamathelab.com\/wp-content\/uploads\/1-3-2.jpeg\" class=\"vc_single_image-img attachment-full\" alt=\"LAMA - THE LAB Moda sostenible\" title=\"Falda Lama the lab\" srcset=\"https:\/\/lamathelab.com\/wp-content\/uploads\/1-3-2.jpeg 1280w, https:\/\/lamathelab.com\/wp-content\/uploads\/1-3-2-768x1152.jpeg 768w, https:\/\/lamathelab.com\/wp-content\/uploads\/1-3-2-1024x1536.jpeg 1024w, https:\/\/lamathelab.com\/wp-content\/uploads\/1-3-2-8x12.jpeg 8w\" sizes=\"auto, (max-width: 1280px) 100vw, 1280px\" \/><\/a>\n\t\t<\/figure>\n\t<\/div>\n\n\t<div class=\"wpb_text_column wpb_content_element\" >\n\t\t<div class=\"wpb_wrapper\">\n\t\t\t<p><a href=\"\/eng\/producto\/batido\/\">BATIDO &#8211; 125.00\u20ac<\/a><\/p>\n\n\t\t<\/div>\n\t<\/div>\n<\/div><\/div><\/div><\/div><div class=\"vc_row wpb_row vc_row-fluid texto_home\"><div class=\"wpb_column vc_column_container vc_col-sm-4 vc_col-lg-offset-0 vc_col-lg-3 vc_col-sm-offset-0 vc_col-xs-10\"><div class=\"vc_column-inner\"><div class=\"wpb_wrapper\">\n\t<div class=\"wpb_text_column wpb_content_element\" >\n\t\t<div class=\"wpb_wrapper\">\n\t\t\t<p>We are committed to the most ethical, transparent and fair path. We're committed to the planet, and so all of our designs are produced from sustainable textiles in local workshops that respect the worker and the environment.<\/p>\n\n\t\t<\/div>\n\t<\/div>\n<\/div><\/div><\/div><\/div><div class=\"vc_row wpb_row vc_row-fluid\"><div class=\"wpb_column vc_column_container vc_col-sm-4 vc_col-lg-3 vc_col-sm-offset-6\"><div class=\"vc_column-inner\"><div class=\"wpb_wrapper\">\n\t<div  class=\"wpb_single_image wpb_content_element vc_align_left wpb_content_element\">\n\t\t\n\t\t<figure class=\"wpb_wrapper vc_figure\">\n\t\t\t<div class=\"vc_single_image-wrapper   vc_box_border_grey\"><img loading=\"lazy\" decoding=\"async\" width=\"1280\" height=\"1920\" src=\"https:\/\/lamathelab.com\/wp-content\/uploads\/img1.jpg\" class=\"vc_single_image-img attachment-full\" alt=\"\" title=\"img1\" srcset=\"https:\/\/lamathelab.com\/wp-content\/uploads\/img1.jpg 1280w, https:\/\/lamathelab.com\/wp-content\/uploads\/img1-450x675.jpg 450w, https:\/\/lamathelab.com\/wp-content\/uploads\/img1-600x900.jpg 600w, https:\/\/lamathelab.com\/wp-content\/uploads\/img1-768x1152.jpg 768w, https:\/\/lamathelab.com\/wp-content\/uploads\/img1-1024x1536.jpg 1024w\" sizes=\"auto, (max-width: 1280px) 100vw, 1280px\" \/><\/div>\n\t\t<\/figure>\n\t<\/div>\n<\/div><\/div><\/div><\/div><div class=\"vc_row wpb_row vc_row-fluid\"><div class=\"wpb_column vc_column_container vc_col-sm-3 vc_col-sm-offset-1 vc_col-xs-6\"><div class=\"vc_column-inner\"><div class=\"wpb_wrapper\">\n\t<div  class=\"wpb_single_image wpb_content_element vc_align_left wpb_content_element\">\n\t\t\n\t\t<figure class=\"wpb_wrapper vc_figure\">\n\t\t\t<a href=\"\/eng\/producto\/fandango\/\" target=\"_self\" class=\"vc_single_image-wrapper   vc_box_border_grey\"><img loading=\"lazy\" decoding=\"async\" width=\"1280\" height=\"1920\" src=\"https:\/\/lamathelab.com\/wp-content\/uploads\/1-2.jpg\" class=\"vc_single_image-img attachment-full\" alt=\"LAMA - THE LAB Moda sostenible\" title=\"LAMA - THE LAB Moda sostenible\" \/><\/a>\n\t\t<\/figure>\n\t<\/div>\n\n\t<div class=\"wpb_text_column wpb_content_element\" >\n\t\t<div class=\"wpb_wrapper\">\n\t\t\t<p><a href=\"\/eng\/producto\/fandango\/\">FANDANGO &#8211; 125.00\u20ac<\/a><\/p>\n\n\t\t<\/div>\n\t<\/div>\n<\/div><\/div><\/div><\/div><div class=\"vc_row wpb_row vc_row-fluid texto_home\"><div class=\"wpb_column vc_column_container vc_col-sm-4 vc_col-lg-2 vc_col-sm-offset-7 vc_col-xs-offset-4 vc_col-xs-7\"><div class=\"vc_column-inner\"><div class=\"wpb_wrapper\">\n\t<div class=\"wpb_text_column wpb_content_element\" >\n\t\t<div class=\"wpb_wrapper\">\n\t\t\t<p>We want to innovate, support local artists, communicate the Basque values and culture to the world and empower women.<\/p>\n\n\t\t<\/div>\n\t<\/div>\n<\/div><\/div><\/div><\/div><div class=\"vc_row wpb_row vc_row-fluid\"><div class=\"wpb_column vc_column_container vc_col-sm-3 vc_col-lg-2 vc_col-sm-offset-4 vc_col-xs-offset-4 vc_col-xs-8\"><div class=\"vc_column-inner\"><div class=\"wpb_wrapper\">\n\t<div  class=\"wpb_single_image wpb_content_element vc_align_left wpb_content_element\">\n\t\t\n\t\t<figure class=\"wpb_wrapper vc_figure\">\n\t\t\t<a href=\"\/eng\/producto\/agintari\/\" target=\"_self\" class=\"vc_single_image-wrapper   vc_box_border_grey\"><img loading=\"lazy\" decoding=\"async\" width=\"1280\" height=\"1920\" src=\"https:\/\/lamathelab.com\/wp-content\/uploads\/tote1.jpeg\" class=\"vc_single_image-img attachment-full\" alt=\"LAMA - THE LAB Moda sostenible\" title=\"LAMA - THE LAB Moda sostenible\" srcset=\"https:\/\/lamathelab.com\/wp-content\/uploads\/tote1.jpeg 1280w, https:\/\/lamathelab.com\/wp-content\/uploads\/tote1-768x1152.jpeg 768w, https:\/\/lamathelab.com\/wp-content\/uploads\/tote1-1024x1536.jpeg 1024w, https:\/\/lamathelab.com\/wp-content\/uploads\/tote1-8x12.jpeg 8w\" sizes=\"auto, (max-width: 1280px) 100vw, 1280px\" \/><\/a>\n\t\t<\/figure>\n\t<\/div>\n\n\t<div class=\"wpb_text_column wpb_content_element\" >\n\t\t<div class=\"wpb_wrapper\">\n\t\t\t<p><a href=\"\/eng\/producto\/agintari\/\">AGINTARI &#8211; 30.00\u20ac<\/a><\/p>\n\n\t\t<\/div>\n\t<\/div>\n<\/div><\/div><\/div><\/div><div class=\"vc_row wpb_row vc_row-fluid\"><div class=\"wpb_column vc_column_container vc_col-sm-4 vc_col-sm-offset-8 vc_col-xs-offset-1 vc_col-xs-6\"><div class=\"vc_column-inner\"><div class=\"wpb_wrapper\">\n\t<div  class=\"wpb_single_image wpb_content_element vc_align_left wpb_content_element\">\n\t\t\n\t\t<figure class=\"wpb_wrapper vc_figure\">\n\t\t\t<div class=\"vc_single_image-wrapper   vc_box_border_grey\"><img loading=\"lazy\" decoding=\"async\" width=\"1280\" height=\"1920\" src=\"https:\/\/lamathelab.com\/wp-content\/uploads\/Lama_retoque-26.jpg\" class=\"vc_single_image-img attachment-full\" alt=\"LAMA - THE LAB Moda sostenible\" title=\"LAMA - THE LAB Moda sostenible\" srcset=\"https:\/\/lamathelab.com\/wp-content\/uploads\/Lama_retoque-26.jpg 1280w, https:\/\/lamathelab.com\/wp-content\/uploads\/Lama_retoque-26-450x675.jpg 450w, https:\/\/lamathelab.com\/wp-content\/uploads\/Lama_retoque-26-600x900.jpg 600w, https:\/\/lamathelab.com\/wp-content\/uploads\/Lama_retoque-26-768x1152.jpg 768w, https:\/\/lamathelab.com\/wp-content\/uploads\/Lama_retoque-26-1024x1536.jpg 1024w, https:\/\/lamathelab.com\/wp-content\/uploads\/Lama_retoque-26-8x12.jpg 8w\" sizes=\"auto, (max-width: 1280px) 100vw, 1280px\" \/><\/div>\n\t\t<\/figure>\n\t<\/div>\n<\/div><\/div><\/div><\/div><div class=\"vc_row wpb_row vc_row-fluid texto_home\"><div class=\"wpb_column vc_column_container vc_col-sm-3 vc_col-lg-2 vc_col-sm-offset-2 vc_col-xs-offset-1 vc_col-xs-10\"><div class=\"vc_column-inner\"><div class=\"wpb_wrapper\">\n\t<div class=\"wpb_text_column wpb_content_element\" >\n\t\t<div class=\"wpb_wrapper\">\n\t\t\t<p>We design pieces that transcend current trends and will become staple pieces that we can use each season.<\/p>\n\n\t\t<\/div>\n\t<\/div>\n<\/div><\/div><\/div><\/div><div class=\"vc_row wpb_row vc_row-fluid\"><div class=\"wpb_column vc_column_container vc_col-sm-3 vc_col-lg-2 vc_col-sm-offset-9 vc_col-xs-offset-3 vc_col-xs-9\"><div class=\"vc_column-inner\"><div class=\"wpb_wrapper\">\n\t<div  class=\"wpb_single_image wpb_content_element vc_align_left wpb_content_element\">\n\t\t\n\t\t<figure class=\"wpb_wrapper vc_figure\">\n\t\t\t<a href=\"\/eng\/producto\/lau-arin\/\" target=\"_self\" class=\"vc_single_image-wrapper   vc_box_border_grey\"><img loading=\"lazy\" decoding=\"async\" width=\"1280\" height=\"1920\" src=\"https:\/\/lamathelab.com\/wp-content\/uploads\/04_PAN\u0303UELO_LAMA.jpg\" class=\"vc_single_image-img attachment-full\" alt=\"LAMA - THE LAB Moda sostenible\" title=\"LAMA - THE LAB Moda sostenible\" \/><\/a>\n\t\t<\/figure>\n\t<\/div>\n\n\t<div class=\"wpb_text_column wpb_content_element\" >\n\t\t<div class=\"wpb_wrapper\">\n\t\t\t<p><a href=\"\/eng\/producto\/lau-arin\/\">LAU ARIN &#8211; 150.00\u20ac<\/a><\/p>\n\n\t\t<\/div>\n\t<\/div>\n<\/div><\/div><\/div><\/div><div class=\"vc_row wpb_row vc_row-fluid\"><div class=\"wpb_column vc_column_container vc_col-sm-3 vc_col-sm-offset-2 vc_col-xs-offset-1 vc_col-xs-6\"><div class=\"vc_column-inner\"><div class=\"wpb_wrapper\">\n\t<div  class=\"wpb_single_image wpb_content_element vc_align_left wpb_content_element\">\n\t\t\n\t\t<figure class=\"wpb_wrapper vc_figure\">\n\t\t\t<div class=\"vc_single_image-wrapper   vc_box_border_grey\"><img loading=\"lazy\" decoding=\"async\" width=\"1280\" height=\"1920\" src=\"https:\/\/lamathelab.com\/wp-content\/uploads\/Lama_retoque-10.jpg\" class=\"vc_single_image-img attachment-full\" alt=\"LAMA - THE LAB Moda sostenible\" title=\"Colecci\u00f3n Dantza\" srcset=\"https:\/\/lamathelab.com\/wp-content\/uploads\/Lama_retoque-10.jpg 1280w, https:\/\/lamathelab.com\/wp-content\/uploads\/Lama_retoque-10-450x675.jpg 450w, https:\/\/lamathelab.com\/wp-content\/uploads\/Lama_retoque-10-600x900.jpg 600w, https:\/\/lamathelab.com\/wp-content\/uploads\/Lama_retoque-10-768x1152.jpg 768w, https:\/\/lamathelab.com\/wp-content\/uploads\/Lama_retoque-10-1024x1536.jpg 1024w, https:\/\/lamathelab.com\/wp-content\/uploads\/Lama_retoque-10-8x12.jpg 8w\" sizes=\"auto, (max-width: 1280px) 100vw, 1280px\" \/><\/div>\n\t\t<\/figure>\n\t<\/div>\n<\/div><\/div><\/div><\/div><div class=\"vc_row wpb_row vc_row-fluid\"><div class=\"wpb_column vc_column_container vc_col-sm-3 vc_col-lg-offset-9 vc_col-lg-2 vc_col-sm-offset-7 vc_col-xs-offset-4 vc_col-xs-6\"><div class=\"vc_column-inner\"><div class=\"wpb_wrapper\">\n\t<div  class=\"wpb_single_image wpb_content_element vc_align_left wpb_content_element\">\n\t\t\n\t\t<figure class=\"wpb_wrapper vc_figure\">\n\t\t\t<div class=\"vc_single_image-wrapper   vc_box_border_grey\"><img loading=\"lazy\" decoding=\"async\" width=\"1280\" height=\"1920\" src=\"https:\/\/lamathelab.com\/wp-content\/uploads\/Lama_retoque-35.jpg\" class=\"vc_single_image-img attachment-full\" alt=\"LAMA - THE LAB Moda sostenible\" title=\"LAMA - THE LAB Moda sostenible\" srcset=\"https:\/\/lamathelab.com\/wp-content\/uploads\/Lama_retoque-35.jpg 1280w, https:\/\/lamathelab.com\/wp-content\/uploads\/Lama_retoque-35-450x675.jpg 450w, https:\/\/lamathelab.com\/wp-content\/uploads\/Lama_retoque-35-600x900.jpg 600w, https:\/\/lamathelab.com\/wp-content\/uploads\/Lama_retoque-35-768x1152.jpg 768w, https:\/\/lamathelab.com\/wp-content\/uploads\/Lama_retoque-35-1024x1536.jpg 1024w, https:\/\/lamathelab.com\/wp-content\/uploads\/Lama_retoque-35-8x12.jpg 8w\" sizes=\"auto, (max-width: 1280px) 100vw, 1280px\" \/><\/div>\n\t\t<\/figure>\n\t<\/div>\n<\/div><\/div><\/div><\/div>\n<\/div>","protected":false},"excerpt":{"rendered":"SALE HASTA UN 50% EN TODA LA WEB LAMA THE LAB BANAKO - 57.00\u20ac Lama The Lab es la perfecta armon\u00eda entre el minimalismo, la atemporalidad y el dise\u00f1o. BATIDO - 125.00\u20ac Apostamos por el camino m\u00e1s \u00e9tico, transparente y leal. Estamos comprometidas con el planeta; y por ello, todos nuestros dise\u00f1os est\u00e1n producidos a [...]","protected":false},"author":1,"featured_media":0,"parent":0,"menu_order":0,"comment_status":"closed","ping_status":"closed","template":"","meta":{"inline_featured_image":false,"footnotes":""},"class_list":["post-18","page","type-page","status-publish","hentry"],"yoast_head":"<!-- This site is optimized with the Yoast SEO plugin v27.4 - https:\/\/yoast.com\/product\/yoast-seo-wordpress\/ -->\n<title>LAMA THE LAB | Marca vasca de moda sostenible | Gipuzkoa<\/title>\n<meta name=\"description\" content=\"Lama The Lab es la perfecta armon\u00eda entre el minimalismo, la atemporalidad y el dise\u00f1o. Comprometidas con el planeta. For a shared life.\" \/>\n<meta name=\"robots\" content=\"index, follow, max-snippet:-1, max-image-preview:large, max-video-preview:-1\" \/>\n<link rel=\"canonical\" href=\"https:\/\/lamathelab.com\/eng\/\" \/>\n<meta property=\"og:locale\" content=\"en_GB\" \/>\n<meta property=\"og:type\" content=\"article\" \/>\n<meta property=\"og:title\" content=\"LAMA THE LAB | Marca vasca de moda sostenible | Gipuzkoa\" \/>\n<meta property=\"og:description\" content=\"Lama The Lab es la perfecta armon\u00eda entre el minimalismo, la atemporalidad y el dise\u00f1o. Comprometidas con el planeta. For a shared life.\" \/>\n<meta property=\"og:url\" content=\"https:\/\/lamathelab.com\/eng\/\" \/>\n<meta property=\"og:site_name\" content=\"LAMA THE LAB\" \/>\n<meta property=\"article:publisher\" content=\"https:\/\/www.facebook.com\/LamaTheLab\" \/>\n<meta property=\"article:modified_time\" content=\"2024-11-27T17:42:37+00:00\" \/>\n<meta name=\"twitter:card\" content=\"summary_large_image\" \/>\n<meta name=\"twitter:label1\" content=\"Estimated reading time\" \/>\n\t<meta name=\"twitter:data1\" content=\"2 minutes\" \/>\n<script type=\"application\/ld+json\" class=\"yoast-schema-graph\">{\"@context\":\"https:\\\/\\\/schema.org\",\"@graph\":[{\"@type\":\"WebPage\",\"@id\":\"https:\\\/\\\/lamathelab.com\\\/\",\"url\":\"https:\\\/\\\/lamathelab.com\\\/\",\"name\":\"LAMA THE LAB | Marca vasca de moda sostenible | Gipuzkoa\",\"isPartOf\":{\"@id\":\"https:\\\/\\\/lamathelab.com\\\/#website\"},\"datePublished\":\"2022-05-16T09:09:44+00:00\",\"dateModified\":\"2024-11-27T17:42:37+00:00\",\"description\":\"Lama The Lab es la perfecta armon\u00eda entre el minimalismo, la atemporalidad y el dise\u00f1o. Comprometidas con el planeta. For a shared life.\",\"breadcrumb\":{\"@id\":\"https:\\\/\\\/lamathelab.com\\\/#breadcrumb\"},\"inLanguage\":\"en-GB\",\"potentialAction\":[{\"@type\":\"ReadAction\",\"target\":[\"https:\\\/\\\/lamathelab.com\\\/\"]}]},{\"@type\":\"BreadcrumbList\",\"@id\":\"https:\\\/\\\/lamathelab.com\\\/#breadcrumb\",\"itemListElement\":[{\"@type\":\"ListItem\",\"position\":1,\"name\":\"Portada\",\"item\":\"https:\\\/\\\/lamathelab.com\\\/\"},{\"@type\":\"ListItem\",\"position\":2,\"name\":\"Home\"}]},{\"@type\":\"WebSite\",\"@id\":\"https:\\\/\\\/lamathelab.com\\\/#website\",\"url\":\"https:\\\/\\\/lamathelab.com\\\/\",\"name\":\"LAMA THE LAB\",\"description\":\"For a shared life.\",\"publisher\":{\"@id\":\"https:\\\/\\\/lamathelab.com\\\/#organization\"},\"potentialAction\":[{\"@type\":\"SearchAction\",\"target\":{\"@type\":\"EntryPoint\",\"urlTemplate\":\"https:\\\/\\\/lamathelab.com\\\/?s={search_term_string}\"},\"query-input\":{\"@type\":\"PropertyValueSpecification\",\"valueRequired\":true,\"valueName\":\"search_term_string\"}}],\"inLanguage\":\"en-GB\"},{\"@type\":\"Organization\",\"@id\":\"https:\\\/\\\/lamathelab.com\\\/#organization\",\"name\":\"LAMA THE LAB CLOTHING\",\"url\":\"https:\\\/\\\/lamathelab.com\\\/\",\"logo\":{\"@type\":\"ImageObject\",\"inLanguage\":\"en-GB\",\"@id\":\"https:\\\/\\\/lamathelab.com\\\/#\\\/schema\\\/logo\\\/image\\\/\",\"url\":\"https:\\\/\\\/lamathelab.com\\\/wp-content\\\/uploads\\\/LAMA-LOGO.jpg\",\"contentUrl\":\"https:\\\/\\\/lamathelab.com\\\/wp-content\\\/uploads\\\/LAMA-LOGO.jpg\",\"width\":1697,\"height\":612,\"caption\":\"LAMA THE LAB CLOTHING\"},\"image\":{\"@id\":\"https:\\\/\\\/lamathelab.com\\\/#\\\/schema\\\/logo\\\/image\\\/\"},\"sameAs\":[\"https:\\\/\\\/www.facebook.com\\\/LamaTheLab\",\"https:\\\/\\\/www.instagram.com\\\/lamathelab\\\/\",\"https:\\\/\\\/www.pinterest.es\\\/lamathelab\\\/\",\"https:\\\/\\\/www.tiktok.com\\\/@lamathelab\"]}]}<\/script>\n<!-- \/ Yoast SEO plugin. -->","yoast_head_json":{"title":"LAMA THE LAB | Marca vasca de moda sostenible | Gipuzkoa","description":"Lama The Lab es la perfecta armon\u00eda entre el minimalismo, la atemporalidad y el dise\u00f1o. Comprometidas con el planeta. For a shared life.","robots":{"index":"index","follow":"follow","max-snippet":"max-snippet:-1","max-image-preview":"max-image-preview:large","max-video-preview":"max-video-preview:-1"},"canonical":"https:\/\/lamathelab.com\/eng\/","og_locale":"en_GB","og_type":"article","og_title":"LAMA THE LAB | Marca vasca de moda sostenible | Gipuzkoa","og_description":"Lama The Lab es la perfecta armon\u00eda entre el minimalismo, la atemporalidad y el dise\u00f1o. Comprometidas con el planeta. For a shared life.","og_url":"https:\/\/lamathelab.com\/eng\/","og_site_name":"LAMA THE LAB","article_publisher":"https:\/\/www.facebook.com\/LamaTheLab","article_modified_time":"2024-11-27T17:42:37+00:00","twitter_card":"summary_large_image","twitter_misc":{"Estimated reading time":"2 minutes"},"schema":{"@context":"https:\/\/schema.org","@graph":[{"@type":"WebPage","@id":"https:\/\/lamathelab.com\/","url":"https:\/\/lamathelab.com\/","name":"LAMA THE LAB | Marca vasca de moda sostenible | Gipuzkoa","isPartOf":{"@id":"https:\/\/lamathelab.com\/#website"},"datePublished":"2022-05-16T09:09:44+00:00","dateModified":"2024-11-27T17:42:37+00:00","description":"Lama The Lab es la perfecta armon\u00eda entre el minimalismo, la atemporalidad y el dise\u00f1o. Comprometidas con el planeta. For a shared life.","breadcrumb":{"@id":"https:\/\/lamathelab.com\/#breadcrumb"},"inLanguage":"en-GB","potentialAction":[{"@type":"ReadAction","target":["https:\/\/lamathelab.com\/"]}]},{"@type":"BreadcrumbList","@id":"https:\/\/lamathelab.com\/#breadcrumb","itemListElement":[{"@type":"ListItem","position":1,"name":"Portada","item":"https:\/\/lamathelab.com\/"},{"@type":"ListItem","position":2,"name":"Home"}]},{"@type":"WebSite","@id":"https:\/\/lamathelab.com\/#website","url":"https:\/\/lamathelab.com\/","name":"LAMA THE LAB","description":"For a shared life.","publisher":{"@id":"https:\/\/lamathelab.com\/#organization"},"potentialAction":[{"@type":"SearchAction","target":{"@type":"EntryPoint","urlTemplate":"https:\/\/lamathelab.com\/?s={search_term_string}"},"query-input":{"@type":"PropertyValueSpecification","valueRequired":true,"valueName":"search_term_string"}}],"inLanguage":"en-GB"},{"@type":"Organization","@id":"https:\/\/lamathelab.com\/#organization","name":"LAMA THE LAB CLOTHING","url":"https:\/\/lamathelab.com\/","logo":{"@type":"ImageObject","inLanguage":"en-GB","@id":"https:\/\/lamathelab.com\/#\/schema\/logo\/image\/","url":"https:\/\/lamathelab.com\/wp-content\/uploads\/LAMA-LOGO.jpg","contentUrl":"https:\/\/lamathelab.com\/wp-content\/uploads\/LAMA-LOGO.jpg","width":1697,"height":612,"caption":"LAMA THE LAB CLOTHING"},"image":{"@id":"https:\/\/lamathelab.com\/#\/schema\/logo\/image\/"},"sameAs":["https:\/\/www.facebook.com\/LamaTheLab","https:\/\/www.instagram.com\/lamathelab\/","https:\/\/www.pinterest.es\/lamathelab\/","https:\/\/www.tiktok.com\/@lamathelab"]}]}},"_links":{"self":[{"href":"https:\/\/lamathelab.com\/eng\/wp-json\/wp\/v2\/pages\/18","targetHints":{"allow":["GET"]}}],"collection":[{"href":"https:\/\/lamathelab.com\/eng\/wp-json\/wp\/v2\/pages"}],"about":[{"href":"https:\/\/lamathelab.com\/eng\/wp-json\/wp\/v2\/types\/page"}],"author":[{"embeddable":true,"href":"https:\/\/lamathelab.com\/eng\/wp-json\/wp\/v2\/users\/1"}],"replies":[{"embeddable":true,"href":"https:\/\/lamathelab.com\/eng\/wp-json\/wp\/v2\/comments?post=18"}],"version-history":[{"count":83,"href":"https:\/\/lamathelab.com\/eng\/wp-json\/wp\/v2\/pages\/18\/revisions"}],"predecessor-version":[{"id":850,"href":"https:\/\/lamathelab.com\/eng\/wp-json\/wp\/v2\/pages\/18\/revisions\/850"}],"wp:attachment":[{"href":"https:\/\/lamathelab.com\/eng\/wp-json\/wp\/v2\/media?parent=18"}],"curies":[{"name":"wp","href":"https:\/\/api.w.org\/{rel}","templated":true}]}}