{"id":3,"date":"2022-05-16T08:21:42","date_gmt":"2022-05-16T08:21:42","guid":{"rendered":"http:\/\/lamathelab.com\/?page_id=3"},"modified":"2024-01-18T10:02:40","modified_gmt":"2024-01-18T10:02:40","slug":"politica-privacidad","status":"publish","type":"page","link":"https:\/\/lamathelab.com\/eng\/politica-privacidad\/","title":{"rendered":"PRIVACY POLICY"},"content":{"rendered":"<div class=\"wpb-content-wrapper\"><div class=\"vc_row wpb_row vc_row-fluid\"><div class=\"wpb_column vc_column_container vc_col-sm-12\"><div class=\"vc_column-inner\"><div class=\"wpb_wrapper\">\n\t<div class=\"wpb_text_column wpb_content_element\" >\n\t\t<div class=\"wpb_wrapper\">\n\t\t\t<p>Esta Pol\u00edtica de privacidad describe c\u00f3mo lamathelab.com (el &#8220;Sitio&#8221; o &#8220;nosotras&#8221;) recopila, usa y divulga su Informaci\u00f3n personal cuando visita o realiza una compra en el Sitio.<\/p>\n<p>&nbsp;<\/p>\n<h2 class=\"wp-block-heading\">Qui\u00e9nes somos<\/h2>\n<p><strong class=\"privacy-policy-tutorial\">Denominaci\u00f3n: <\/strong>Lama The Lab Clothing S.L.<\/p>\n<p><strong class=\"privacy-policy-tutorial\">NIF: <\/strong>B02842201<\/p>\n<p><strong class=\"privacy-policy-tutorial\">Domicilio Fiscal: <\/strong><\/p>\n<p>Ibai Ondo Ibilbidea 2 bajo<\/p>\n<p>20810<\/p>\n<p>Orio (Gipuzkoa)<\/p>\n<h2>Recopilaci\u00f3n de informaci\u00f3n personal<\/h2>\n<p>Cuando visita el Sitio, recopilamos cierta informaci\u00f3n sobre su dispositivo, su interacci\u00f3n con el Sitio y la informaci\u00f3n necesaria para procesar sus compras. Tambi\u00e9n podemos recopilar informaci\u00f3n adicional si se comunica con nosotros para obtener atenci\u00f3n al cliente. En esta Pol\u00edtica de privacidad, nos referimos a cualquier informaci\u00f3n que pueda identificar de manera \u00fanica a una persona (incluida la informaci\u00f3n a continuaci\u00f3n) como &#8220;Informaci\u00f3n personal&#8221;. Consulte la lista a continuaci\u00f3n para obtener m\u00e1s informaci\u00f3n sobre qu\u00e9 informaci\u00f3n personal recopilamos y por qu\u00e9.<\/p>\n<h2><u>Informaci\u00f3n del dispositivo<\/u><\/h2>\n<ul>\n<li>\n<p><strong>Ejemplos de informaci\u00f3n personal recopilada:<\/strong>\u00a0versi\u00f3n del navegador web, direcci\u00f3n IP, zona horaria, informaci\u00f3n de cookies, qu\u00e9 sitios o productos ve, t\u00e9rminos de b\u00fasqueda y c\u00f3mo interact\u00faa con el Sitio.<\/p>\n<\/li>\n<li>\n<p><strong>Prop\u00f3sito de la colecci\u00f3n:<\/strong>\u00a0para cargar el Sitio con precisi\u00f3n para usted y para realizar an\u00e1lisis sobre el uso del Sitio para optimizar nuestro Sitio.<\/p>\n<\/li>\n<li>\n<p><strong>Fuente de la colecci\u00f3n:<\/strong>\u00a0Recopilados autom\u00e1ticamente cuando accede a nuestro Sitio mediante cookies, archivos de registro, balizas web, etiquetas o p\u00edxeles<\/p>\n<\/li>\n<li>\n<p><strong>Divulgaci\u00f3n para un prop\u00f3sito comercial:<\/strong> compartido con nuestro procesador Woocommerce.<\/p>\n<\/li>\n<\/ul>\n<p>&nbsp;<\/p>\n<h2 class=\"wp-block-heading\"><u>Informaci\u00f3n del pedido<\/u><\/h2>\n<ul>\n<li>\n<p><strong>Ejemplos de informaci\u00f3n personal recopilada:<\/strong>\u00a0nombre, direcci\u00f3n de facturaci\u00f3n, direcci\u00f3n de env\u00edo, informaci\u00f3n de pago (incluidos n\u00fameros de tarjeta de cr\u00e9dito, usuarios de klarna, paypal,\u00a0Apple y Google pagan,\u00a0direcci\u00f3n de correo electr\u00f3nico y n\u00famero de tel\u00e9fono.<\/p>\n<\/li>\n<li>\n<p><strong>Prop\u00f3sito de la colecci\u00f3n:<\/strong>\u00a0para proporcionarle productos o servicios para cumplir con nuestro contrato, para procesar su informaci\u00f3n de pago, organizar el env\u00edo y proporcionarle facturas y\/o confirmaciones de pedidos, comunicarnos con usted, evaluar nuestros pedidos en busca de posibles riesgos o fraudes, y cuando est\u00e9 en l\u00ednea con las preferencias que ha compartido con nosotros, proporcionarle informaci\u00f3n o publicidad relacionada con nuestros productos o servicios.<\/p>\n<\/li>\n<li>\n<p><strong>Fuente de la colecci\u00f3n:<\/strong>\u00a0recogido de ti.<\/p>\n<\/li>\n<li>\n<p><strong>Divulgaci\u00f3n para un prop\u00f3sito comercial:<\/strong> compartido con nuestro procesador Woocommerce, Paypal, Klarna, Apple y google pay.<\/p>\n<\/li>\n<\/ul>\n<h2><u>Informaci\u00f3n de atenci\u00f3n al cliente<\/u><\/h2>\n<ul>\n<li style=\"list-style-type: none;\">\n<ul>\n<li>\n<p><strong>Prop\u00f3sito de la colecci\u00f3n:<\/strong>\u00a0para brindar soporte al cliente.<\/p>\n<\/li>\n<li>\n<p><strong>Fuente de la colecci\u00f3n:<\/strong>\u00a0recogido de ti.<\/p>\n<\/li>\n<\/ul>\n<\/li>\n<\/ul>\n<p>&nbsp;<\/p>\n<p style=\"padding-left: 40px;\"><strong>Compartir informaci\u00f3n personal<\/strong><\/p>\n<p style=\"padding-left: 40px;\">Compartimos su informaci\u00f3n personal con proveedores de servicios para ayudarnos a brindar nuestros servicios y cumplir con nuestros contratos con usted, como se describe anteriormente. Por ejemplo:<\/p>\n<ul>\n<li style=\"list-style-type: none;\">\n<ul>\n<li>\n<p>Usamos Woocommerce para potenciar nuestra tienda en l\u00ednea. Puede leer m\u00e1s sobre c\u00f3mo Woocommerce usa su informaci\u00f3n personal aqu\u00ed: <a href=\"https:\/\/automattic.com\/privacy\/\">https:\/\/automattic.com\/privacy\/<\/a><\/p>\n<\/li>\n<li>\n<p>Podemos compartir su informaci\u00f3n personal para cumplir con las leyes y regulaciones aplicables, para responder a una citaci\u00f3n, orden de allanamiento u otra solicitud legal de informaci\u00f3n que recibamos, o para proteger nuestros derechos.<\/p>\n<\/li>\n<li>\n<p><i>Utilizamos Paypal, Klarna y Redsys como m\u00e9todos de pago.<\/i><\/p>\n<\/li>\n<\/ul>\n<\/li>\n<\/ul>\n<p style=\"padding-left: 40px;\"><strong>Publicidad conductual<\/strong><\/p>\n<p style=\"padding-left: 40px;\">Como se describi\u00f3 anteriormente, usamos su informaci\u00f3n personal para brindarle anuncios dirigidos o comunicaciones de marketing que creemos que pueden ser de su inter\u00e9s. Por ejemplo:<\/p>\n<ul>\n<li style=\"list-style-type: none;\">\n<ul>\n<li>\n<p>Usamos Google Analytics para ayudarnos a comprender c\u00f3mo nuestros clientes usan el Sitio. Puede leer m\u00e1s sobre c\u00f3mo Google usa su informaci\u00f3n personal aqu\u00ed:\u00a0<a href=\"https:\/\/policies.google.com\/privacy?hl=en\" target=\"_blank\" rel=\"noopener\">https:\/\/policies.google.com\/privacy?hl=en<\/a>.Tambi\u00e9n puede darse de baja de Google Analytics aqu\u00ed:\u00a0<a href=\"https:\/\/tools.google.com\/dlpage\/gaoptout\" target=\"_blank\" rel=\"noopener\">https:\/\/tools.google.com\/dlpage\/gaoptout<\/a>.<\/p>\n<\/li>\n<li>\n<p>Compartimos informaci\u00f3n sobre su uso del Sitio, sus compras y su interacci\u00f3n con nuestros anuncios en otros sitios web con nuestros socios publicitarios. Recopilamos y compartimos parte de esta informaci\u00f3n directamente con nuestros socios publicitarios y, en algunos casos, mediante el uso de cookies u otras tecnolog\u00edas similares (a las que puede dar su consentimiento, seg\u00fan su ubicaci\u00f3n).<\/p>\n<\/li>\n<\/ul>\n<\/li>\n<li>\n<p>Para obtener m\u00e1s informaci\u00f3n sobre c\u00f3mo funciona la publicidad dirigida, puede visitar la p\u00e1gina educativa de Network Advertising Initiative (&#8220;NAI&#8221;) en\u00a0<a href=\"http:\/\/www.networkadvertising.org\/understanding-online-advertising\/how-does-it-work\" target=\"_blank\" rel=\"noopener\">http:\/\/www.networkadvertising.org\/understanding-online-advertising\/how-does-it-work<\/a>.<\/p>\n<p>Puede optar por no recibir publicidad dirigida al:<\/p>\n<ul>\n<li>\n<p><i>FACEBOOK &#8211;\u00a0<\/i><a href=\"https:\/\/www.facebook.com\/settings\/?tab=ads\" target=\"_blank\" rel=\"noopener\">https:\/\/www.facebook.com\/settings\/?tab=ads<\/a><\/p>\n<\/li>\n<li>\n<p><i>GOOGLE &#8211;\u00a0<\/i><a href=\"https:\/\/www.google.com\/settings\/ads\/an%C3%B3nimo\" target=\"_blank\" rel=\"noopener\">https:\/\/www.google.com\/settings\/ads\/anonymous<\/a><\/p>\n<\/li>\n<li>\n<p><i>BING &#8211;\u00a0<\/i><a href=\"https:\/\/advertise.bingads.microsoft.com\/en-us\/resources\/policies\/personalized-ads\" target=\"_blank\" rel=\"noopener\">https:\/\/advertise.bingads.microsoft.com\/en-us\/resources\/policies\/personalized-ads<\/a><i>]<\/i><\/p>\n<\/li>\n<\/ul>\n<p>Adem\u00e1s, puede optar por no participar en algunos de estos servicios visitando el portal de exclusi\u00f3n voluntaria de Digital Advertising Alliance en:\u00a0<a href=\"http:\/\/optout.aboutads.info\/\" target=\"_blank\" rel=\"noopener\">http:\/\/optout.aboutads.info\/<\/a>.<\/p>\n<p><strong>Uso de informaci\u00f3n personal<\/strong><\/p>\n<p>Usamos su informaci\u00f3n personal para brindarle nuestros servicios, que incluyen: ofrecer productos para la venta, procesar pagos, enviar y cumplir con su pedido, y mantenerlo actualizado sobre nuevos productos, servicios y ofertas.<\/p>\n<p><strong>Base legal<\/strong><\/p>\n<\/li>\n<li>\n<p>De conformidad con el Reglamento General de Protecci\u00f3n de Datos (&#8220;RGPD&#8221;), si es residente del Europeun \u00c1rea Econ\u00f3mica (&#8220;EEE&#8221;), procesamos su informaci\u00f3n personal bajo las siguientes bases legales:<\/p>\n<ul>\n<li>\n<p>Tu consentimiento;<\/p>\n<\/li>\n<li>\n<p>La ejecuci\u00f3n del contrato entre usted y el Sitio;<\/p>\n<\/li>\n<li>\n<p>Cumplimiento de nuestras obligaciones legales;<\/p>\n<\/li>\n<li>\n<p>Para proteger sus intereses vitales;<\/p>\n<\/li>\n<li>\n<p>Para realizar una tarea llevada a cabo en el inter\u00e9s p\u00fablico;<\/p>\n<\/li>\n<li>\n<p>Para nuestros intereses leg\u00edtimos, que no anulan sus derechos y libertades fundamentales.<\/p>\n<\/li>\n<\/ul>\n<\/li>\n<\/ul>\n<p style=\"padding-left: 40px;\"><strong>Retencion<\/strong><\/p>\n<p style=\"padding-left: 40px;\">Cuando realiza un pedido a trav\u00e9s del Sitio, conservaremos su Informaci\u00f3n personal para nuestros registros a menos y hasta que nos solicite que borremos esta informaci\u00f3n. Para obtener m\u00e1s informaci\u00f3n sobre su derecho de eliminaci\u00f3n, consulte la secci\u00f3n &#8220;Sus derechos&#8221; a continuaci\u00f3n.<\/p>\n<p style=\"padding-left: 40px;\"><strong>Toma de decisiones autom\u00e1tica<\/strong><\/p>\n<p style=\"padding-left: 40px;\">Si es residente del EEE, tiene derecho a oponerse al procesamiento basado \u00fanicamente en la toma de decisiones automatizada (que incluye la elaboraci\u00f3n de perfiles), cuando esa toma de decisiones tiene un efecto legal sobre usted o lo afecta significativamente de otra manera.<\/p>\n<p style=\"padding-left: 40px;\">Nosotros\u00a0<i>Hacer\u00a0<\/i>participar en la toma de decisiones totalmente automatizada que tenga un efecto legal o de otro modo significativo utilizando los datos del cliente.<\/p>\n<p style=\"padding-left: 40px;\">Nuestro procesador Shopify utiliza una toma de decisiones automatizada limitada para evitar el fraude que no tiene un efecto legal o significativo sobre ti.<\/p>\n<p style=\"padding-left: 40px;\">Los servicios que incluyen elementos de toma de decisiones automatizada incluyen:<\/p>\n<ul>\n<li style=\"list-style-type: none;\">\n<ul>\n<li>\n<p>Lista de denegaci\u00f3n temporal de direcciones IP asociadas con transacciones fallidas repetidas. Esta lista de denegaci\u00f3n persiste durante un peque\u00f1o n\u00famero de horas.<\/p>\n<\/li>\n<li>\n<p>Lista de denegaci\u00f3n temporal de tarjetas de cr\u00e9dito asociadas con direcciones IP denegadas. Esta lista de denegaci\u00f3n persiste durante un peque\u00f1o n\u00famero de d\u00edas.<\/p>\n<\/li>\n<\/ul>\n<\/li>\n<\/ul>\n<h2 class=\"wp-block-heading\"><strong>Tus derechos<\/strong><\/h2>\n<p style=\"padding-left: 40px;\">GDPR<\/p>\n<p style=\"padding-left: 40px;\">Si es residente del EEE, tiene derecho a acceder a la Informaci\u00f3n personal que tenemos sobre usted, transferirla a un nuevo servicio y solicitar que su Informaci\u00f3n personal sea corregida, actualizada o borrada. Si desea ejercer estos derechos, comun\u00edquese con nosotros a trav\u00e9s de la informaci\u00f3n de contacto a continuaci\u00f3n.<\/p>\n<p style=\"padding-left: 40px;\">Su informaci\u00f3n personal se procesar\u00e1 inicialmente en Irlanda y luego se transferir\u00e1 fuera de Europe para almacenamiento y procesamiento posterior, incluso a Canad\u00e1 y Estados Unidos. Para obtener m\u00e1s informaci\u00f3n sobre c\u00f3mo las transferencias de datos cumplen con el RGPD, consulta el documento t\u00e9cnico del RGPD de Woocommerce: <a href=\"https:\/\/automattic.com\/privacy\/?utm_medium=automattic_referred&amp;utm_source=wccom_footer#us-privacy-laws\">https:\/\/automattic.com\/privacy\/?utm_medium=automattic_referred&amp;utm_source=wccom_footer#us-privacy-laws<\/a><\/p>\n<h2>Galletas<\/h2>\n<p>Una cookie es una peque\u00f1a cantidad de informaci\u00f3n que se descarga en su computadora o dispositivo cuando visita nuestro Sitio. Utilizamos una serie de cookies diferentes, incluidas cookies funcionales, de rendimiento, publicitarias y de redes sociales o de contenido. Las cookies mejoran su experiencia de navegaci\u00f3n al permitir que el sitio web recuerde sus acciones y preferencias (como el inicio de sesi\u00f3n y la selecci\u00f3n de regi\u00f3n). Esto significa que no tiene que volver a ingresar esta informaci\u00f3n cada vez que regresa al sitio o navega de una p\u00e1gina a otra. Las cookies tambi\u00e9n brindan informaci\u00f3n sobre c\u00f3mo las personas usan el sitio web, por ejemplo, si es la primera vez que lo visitan o si son visitantes frecuentes.<\/p>\n<p>El tiempo que una cookie permanece en su computadora o dispositivo m\u00f3vil depende de si es una cookie &#8220;persistente&#8221; o de &#8220;sesi\u00f3n&#8221;. Las cookies de sesi\u00f3n duran hasta que deja de navegar y las cookies persistentes duran hasta que caducan o se eliminan. La mayor\u00eda de las cookies que utilizamos son persistentes y caducan entre 30 minutos y dos a\u00f1os a partir de la fecha en que se descargan en su dispositivo.<\/p>\n<p>Puede controlar y administrar las cookies de varias maneras. Tenga en cuenta que eliminar o bloquear las cookies puede afectar negativamente su experiencia de usuario y es posible que ya no se pueda acceder por completo a partes de nuestro sitio web.<\/p>\n<p>La mayor\u00eda de los navegadores aceptan autom\u00e1ticamente las cookies, pero puede elegir aceptarlas o no a trav\u00e9s de los controles de su navegador, que a menudo se encuentran en el men\u00fa &#8220;Herramientas&#8221; o &#8220;Preferencias&#8221; de su navegador. Para obtener m\u00e1s informaci\u00f3n sobre c\u00f3mo modificar la configuraci\u00f3n de su navegador o c\u00f3mo bloquear, administrar o filtrar las cookies, puede encontrarla en el archivo de ayuda de su navegador o a trav\u00e9s de sitios como\u00a0<a href=\"https:\/\/amt-studio.com\/es\/policies\/www.allaboutcookies.org\" target=\"_blank\" rel=\"noopener\">www.allaboutcookies.org<\/a>.<\/p>\n<p>Adem\u00e1s, tenga en cuenta que es posible que el bloqueo de cookies no impida por completo c\u00f3mo compartimos informaci\u00f3n con terceros, como nuestros socios publicitarios. Para ejercer sus derechos u optar por no recibir ciertos usos de su informaci\u00f3n por parte de estas partes, siga las instrucciones en la secci\u00f3n &#8220;Publicidad conductual&#8221; anterior.<\/p>\n<h2>ANUNCIOS<\/h2>\n<p>&nbsp;<\/p>\n<div class=\"shopify-policy__container\">\n<div class=\"shopify-policy__body\">\n<div class=\"rte\">\n<p>Usamos nuestras cookies para anuncios de Instagram y Facebook. Recuerda que siempre puedes bloquear estas cookies en tu navegador.<\/p>\n<p>&nbsp;<\/p>\n<p>No rastrear<\/p>\n<p>Tenga en cuenta que debido a que no existe una comprensi\u00f3n constante de la industria sobre c\u00f3mo responder a las se\u00f1ales de &#8220;No rastrear&#8221;, no alteramos nuestras pr\u00e1cticas de uso y recopilaci\u00f3n de datos cuando detectamos dicha se\u00f1al de su navegador.<\/p>\n<p>Cambios<\/p>\n<p>Podemos actualizar esta Pol\u00edtica de privacidad de vez en cuando para reflejar, por ejemplo, cambios en nuestras pr\u00e1cticas o por otras razones operativas, legales o reglamentarias.<\/p>\n<p>&nbsp;<\/p>\n<p>Contacto<\/p>\n<p>Para obtener m\u00e1s informaci\u00f3n sobre nuestras pr\u00e1cticas de privacidad, si tiene alguna pregunta, comun\u00edquese con nosotros por correo electr\u00f3nico a info@lamathelab.com o por correo utilizando los detalles que se proporcionan a continuaci\u00f3n:<\/p>\n<p>LAMA THE LAB CLOTHING SL<\/p>\n<p>CIF: ES-B02842201<\/p>\n<p>Ibai Ondo Ibilbidea 2 bajo, 20810 Orio (GIPUZKOA)<\/p>\n<p>\u00a0info@lamathelab.com<\/p>\n<p>\u00daltima actualizaci\u00f3n: 18\/01\/2024<\/p>\n<h6>\u00a0<\/h6>\n<div class=\"page-content--container\">\u00a0<\/div>\n<\/div>\n<\/div>\n<\/div>\n<p>&nbsp;<\/p>\n<div id=\"shopify-section-footer\" class=\"shopify-section\">\n<footer class=\"bg-footer-background text-footer-text\" data-section-id=\"footer\" data-section-type=\"footer\">\n<section class=\"py-theme bg-secondary-background text-secondary-text border-t-grid border-grid-color\">\n<div class=\"section-x-padding lg:flex justify-center lg:items-center lg:justify-between\">\n<div class=\"text-base\">\n<div class=\"\">\n<p>&nbsp;<\/p>\n<\/div>\n<\/div>\n<\/div>\n<\/section>\n<\/footer>\n<\/div>\n\n\t\t<\/div>\n\t<\/div>\n<\/div><\/div><\/div><\/div><\/div>","protected":false},"excerpt":{"rendered":"Esta Pol\u00edtica de privacidad describe c\u00f3mo lamathelab.com (el \"Sitio\" o \"nosotras\") recopila, usa y divulga su Informaci\u00f3n personal cuando visita o realiza una compra en el Sitio. &nbsp; Qui\u00e9nes somos Denominaci\u00f3n: Lama The Lab Clothing S.L. NIF: B02842201 Domicilio Fiscal: Ibai Ondo Ibilbidea 2 bajo 20810 Orio (Gipuzkoa) Recopilaci\u00f3n de informaci\u00f3n personal Cuando visita el [...]","protected":false},"author":1,"featured_media":0,"parent":0,"menu_order":0,"comment_status":"closed","ping_status":"open","template":"","meta":{"inline_featured_image":false,"footnotes":""},"class_list":["post-3","page","type-page","status-publish","hentry"],"yoast_head":"<!-- This site is optimized with the Yoast SEO plugin v27.4 - https:\/\/yoast.com\/product\/yoast-seo-wordpress\/ -->\n<title>Pol\u00edtica de privacidad - LAMA THE LAB<\/title>\n<meta name=\"robots\" content=\"index, follow, max-snippet:-1, max-image-preview:large, max-video-preview:-1\" \/>\n<link rel=\"canonical\" href=\"https:\/\/lamathelab.com\/eng\/politica-privacidad\/\" \/>\n<meta property=\"og:locale\" content=\"en_GB\" \/>\n<meta property=\"og:type\" content=\"article\" \/>\n<meta property=\"og:title\" content=\"Pol\u00edtica de privacidad - LAMA THE LAB\" \/>\n<meta property=\"og:url\" content=\"https:\/\/lamathelab.com\/eng\/politica-privacidad\/\" \/>\n<meta property=\"og:site_name\" content=\"LAMA THE LAB\" \/>\n<meta property=\"article:publisher\" content=\"https:\/\/www.facebook.com\/LamaTheLab\" \/>\n<meta property=\"article:modified_time\" content=\"2024-01-18T10:02:40+00:00\" \/>\n<meta name=\"twitter:card\" content=\"summary_large_image\" \/>\n<meta name=\"twitter:label1\" content=\"Estimated reading time\" \/>\n\t<meta name=\"twitter:data1\" content=\"3 minutes\" \/>\n<script type=\"application\/ld+json\" class=\"yoast-schema-graph\">{\"@context\":\"https:\\\/\\\/schema.org\",\"@graph\":[{\"@type\":\"WebPage\",\"@id\":\"https:\\\/\\\/lamathelab.com\\\/politica-privacidad\\\/\",\"url\":\"https:\\\/\\\/lamathelab.com\\\/politica-privacidad\\\/\",\"name\":\"Pol\u00edtica de privacidad - LAMA THE LAB\",\"isPartOf\":{\"@id\":\"https:\\\/\\\/lamathelab.com\\\/#website\"},\"datePublished\":\"2022-05-16T08:21:42+00:00\",\"dateModified\":\"2024-01-18T10:02:40+00:00\",\"breadcrumb\":{\"@id\":\"https:\\\/\\\/lamathelab.com\\\/politica-privacidad\\\/#breadcrumb\"},\"inLanguage\":\"en-GB\",\"potentialAction\":[{\"@type\":\"ReadAction\",\"target\":[\"https:\\\/\\\/lamathelab.com\\\/politica-privacidad\\\/\"]}]},{\"@type\":\"BreadcrumbList\",\"@id\":\"https:\\\/\\\/lamathelab.com\\\/politica-privacidad\\\/#breadcrumb\",\"itemListElement\":[{\"@type\":\"ListItem\",\"position\":1,\"name\":\"Portada\",\"item\":\"https:\\\/\\\/lamathelab.com\\\/\"},{\"@type\":\"ListItem\",\"position\":2,\"name\":\"Pol\u00edtica de privacidad\"}]},{\"@type\":\"WebSite\",\"@id\":\"https:\\\/\\\/lamathelab.com\\\/#website\",\"url\":\"https:\\\/\\\/lamathelab.com\\\/\",\"name\":\"LAMA THE LAB\",\"description\":\"For a shared life.\",\"publisher\":{\"@id\":\"https:\\\/\\\/lamathelab.com\\\/#organization\"},\"potentialAction\":[{\"@type\":\"SearchAction\",\"target\":{\"@type\":\"EntryPoint\",\"urlTemplate\":\"https:\\\/\\\/lamathelab.com\\\/?s={search_term_string}\"},\"query-input\":{\"@type\":\"PropertyValueSpecification\",\"valueRequired\":true,\"valueName\":\"search_term_string\"}}],\"inLanguage\":\"en-GB\"},{\"@type\":\"Organization\",\"@id\":\"https:\\\/\\\/lamathelab.com\\\/#organization\",\"name\":\"LAMA THE LAB CLOTHING\",\"url\":\"https:\\\/\\\/lamathelab.com\\\/\",\"logo\":{\"@type\":\"ImageObject\",\"inLanguage\":\"en-GB\",\"@id\":\"https:\\\/\\\/lamathelab.com\\\/#\\\/schema\\\/logo\\\/image\\\/\",\"url\":\"https:\\\/\\\/lamathelab.com\\\/wp-content\\\/uploads\\\/LAMA-LOGO.jpg\",\"contentUrl\":\"https:\\\/\\\/lamathelab.com\\\/wp-content\\\/uploads\\\/LAMA-LOGO.jpg\",\"width\":1697,\"height\":612,\"caption\":\"LAMA THE LAB CLOTHING\"},\"image\":{\"@id\":\"https:\\\/\\\/lamathelab.com\\\/#\\\/schema\\\/logo\\\/image\\\/\"},\"sameAs\":[\"https:\\\/\\\/www.facebook.com\\\/LamaTheLab\",\"https:\\\/\\\/www.instagram.com\\\/lamathelab\\\/\",\"https:\\\/\\\/www.pinterest.es\\\/lamathelab\\\/\",\"https:\\\/\\\/www.tiktok.com\\\/@lamathelab\"]}]}<\/script>\n<!-- \/ Yoast SEO plugin. -->","yoast_head_json":{"title":"Pol\u00edtica de privacidad - LAMA THE LAB","robots":{"index":"index","follow":"follow","max-snippet":"max-snippet:-1","max-image-preview":"max-image-preview:large","max-video-preview":"max-video-preview:-1"},"canonical":"https:\/\/lamathelab.com\/eng\/politica-privacidad\/","og_locale":"en_GB","og_type":"article","og_title":"Pol\u00edtica de privacidad - LAMA THE LAB","og_url":"https:\/\/lamathelab.com\/eng\/politica-privacidad\/","og_site_name":"LAMA THE LAB","article_publisher":"https:\/\/www.facebook.com\/LamaTheLab","article_modified_time":"2024-01-18T10:02:40+00:00","twitter_card":"summary_large_image","twitter_misc":{"Estimated reading time":"3 minutes"},"schema":{"@context":"https:\/\/schema.org","@graph":[{"@type":"WebPage","@id":"https:\/\/lamathelab.com\/politica-privacidad\/","url":"https:\/\/lamathelab.com\/politica-privacidad\/","name":"Pol\u00edtica de privacidad - LAMA THE LAB","isPartOf":{"@id":"https:\/\/lamathelab.com\/#website"},"datePublished":"2022-05-16T08:21:42+00:00","dateModified":"2024-01-18T10:02:40+00:00","breadcrumb":{"@id":"https:\/\/lamathelab.com\/politica-privacidad\/#breadcrumb"},"inLanguage":"en-GB","potentialAction":[{"@type":"ReadAction","target":["https:\/\/lamathelab.com\/politica-privacidad\/"]}]},{"@type":"BreadcrumbList","@id":"https:\/\/lamathelab.com\/politica-privacidad\/#breadcrumb","itemListElement":[{"@type":"ListItem","position":1,"name":"Portada","item":"https:\/\/lamathelab.com\/"},{"@type":"ListItem","position":2,"name":"Pol\u00edtica de privacidad"}]},{"@type":"WebSite","@id":"https:\/\/lamathelab.com\/#website","url":"https:\/\/lamathelab.com\/","name":"LAMA THE LAB","description":"For a shared life.","publisher":{"@id":"https:\/\/lamathelab.com\/#organization"},"potentialAction":[{"@type":"SearchAction","target":{"@type":"EntryPoint","urlTemplate":"https:\/\/lamathelab.com\/?s={search_term_string}"},"query-input":{"@type":"PropertyValueSpecification","valueRequired":true,"valueName":"search_term_string"}}],"inLanguage":"en-GB"},{"@type":"Organization","@id":"https:\/\/lamathelab.com\/#organization","name":"LAMA THE LAB CLOTHING","url":"https:\/\/lamathelab.com\/","logo":{"@type":"ImageObject","inLanguage":"en-GB","@id":"https:\/\/lamathelab.com\/#\/schema\/logo\/image\/","url":"https:\/\/lamathelab.com\/wp-content\/uploads\/LAMA-LOGO.jpg","contentUrl":"https:\/\/lamathelab.com\/wp-content\/uploads\/LAMA-LOGO.jpg","width":1697,"height":612,"caption":"LAMA THE LAB CLOTHING"},"image":{"@id":"https:\/\/lamathelab.com\/#\/schema\/logo\/image\/"},"sameAs":["https:\/\/www.facebook.com\/LamaTheLab","https:\/\/www.instagram.com\/lamathelab\/","https:\/\/www.pinterest.es\/lamathelab\/","https:\/\/www.tiktok.com\/@lamathelab"]}]}},"_links":{"self":[{"href":"https:\/\/lamathelab.com\/eng\/wp-json\/wp\/v2\/pages\/3","targetHints":{"allow":["GET"]}}],"collection":[{"href":"https:\/\/lamathelab.com\/eng\/wp-json\/wp\/v2\/pages"}],"about":[{"href":"https:\/\/lamathelab.com\/eng\/wp-json\/wp\/v2\/types\/page"}],"author":[{"embeddable":true,"href":"https:\/\/lamathelab.com\/eng\/wp-json\/wp\/v2\/users\/1"}],"replies":[{"embeddable":true,"href":"https:\/\/lamathelab.com\/eng\/wp-json\/wp\/v2\/comments?post=3"}],"version-history":[{"count":2,"href":"https:\/\/lamathelab.com\/eng\/wp-json\/wp\/v2\/pages\/3\/revisions"}],"predecessor-version":[{"id":733,"href":"https:\/\/lamathelab.com\/eng\/wp-json\/wp\/v2\/pages\/3\/revisions\/733"}],"wp:attachment":[{"href":"https:\/\/lamathelab.com\/eng\/wp-json\/wp\/v2\/media?parent=3"}],"curies":[{"name":"wp","href":"https:\/\/api.w.org\/{rel}","templated":true}]}}