{"id":50,"date":"2022-05-17T16:39:09","date_gmt":"2022-05-17T16:39:09","guid":{"rendered":"http:\/\/lamathelab.com\/?page_id=50"},"modified":"2024-10-23T12:14:24","modified_gmt":"2024-10-23T12:14:24","slug":"about","status":"publish","type":"page","link":"https:\/\/lamathelab.com\/eng\/about\/","title":{"rendered":"about"},"content":{"rendered":"<div class=\"wpb-content-wrapper\"><p>Tod<div class=\"vc_row wpb_row vc_row-fluid about_text\"><div class=\"wpb_column vc_column_container vc_col-sm-12\"><div class=\"vc_column-inner\"><div class=\"wpb_wrapper\">\n\t<div class=\"wpb_text_column wpb_content_element\" >\n\t\t<div class=\"wpb_wrapper\">\n\t\t\t<p>Founded in 2020 by Estela, Goiuri and Maria. Lama The Lab is the result of a shared dream. Lifelong friends decide to create a fashion and lifestyle brand that reflects their curiosity, passions and interests. Each piece is created to transcend current trends and become a well-curated wardrobe for modern women.<\/p>\n<p>Lama The Lab designs in the Basque Country and produces mainly in Barcelona. We are sure that to survive in these challenging times, our responsibility is to be open and transparent in what we do. We are committed to the environment and the people. And that is why all our designs are manufactured using sustainable textiles in local workshops that respect the worker and the planet.<\/p>\n<p>We are not just a fashion brand. We seek to innovate and support local artists through our work. We aim to communicate to the world our values and our basque culture. We want to empower women and become a go-to brand in their daily lives. Lama <a href=\"\/eng\/blog\/\">The Lab<\/a> is our means of communicating, the place where we value our traditions, friendships, the planet, and above all, the people. We want to be there with you at every stage of your life.<\/p>\n<p>Welcome to Lama The Lab.<\/p>\n\n\t\t<\/div>\n\t<\/div>\n<\/div><\/div><\/div><\/div><div class=\"vc_row wpb_row vc_row-fluid about_img\"><div class=\"wpb_column vc_column_container vc_col-sm-12\"><div class=\"vc_column-inner\"><div class=\"wpb_wrapper\">\n\t<div  class=\"wpb_single_image wpb_content_element vc_align_left wpb_content_element\">\n\t\t\n\t\t<figure class=\"wpb_wrapper vc_figure\">\n\t\t\t<div class=\"vc_single_image-wrapper   vc_box_border_grey\"><img loading=\"lazy\" decoding=\"async\" width=\"1280\" height=\"1920\" src=\"https:\/\/lamathelab.com\/wp-content\/uploads\/LAMA-TEAM.jpg\" class=\"vc_single_image-img attachment-full\" alt=\"LAMA - THE LAB Moda sostenible\" title=\"LAMA-TEAM\" srcset=\"https:\/\/lamathelab.com\/wp-content\/uploads\/LAMA-TEAM.jpg 1280w, https:\/\/lamathelab.com\/wp-content\/uploads\/LAMA-TEAM-768x1152.jpg 768w, https:\/\/lamathelab.com\/wp-content\/uploads\/LAMA-TEAM-1024x1536.jpg 1024w, https:\/\/lamathelab.com\/wp-content\/uploads\/LAMA-TEAM-8x12.jpg 8w\" sizes=\"auto, (max-width: 1280px) 100vw, 1280px\" \/><\/div>\n\t\t<\/figure>\n\t<\/div>\n<\/div><\/div><\/div><\/div>\n<\/div>","protected":false},"excerpt":{"rendered":"<p>Tod<\/p>","protected":false},"author":1,"featured_media":0,"parent":0,"menu_order":0,"comment_status":"closed","ping_status":"closed","template":"","meta":{"inline_featured_image":false,"footnotes":""},"class_list":["post-50","page","type-page","status-publish","hentry"],"yoast_head":"<!-- This site is optimized with the Yoast SEO plugin v27.4 - https:\/\/yoast.com\/product\/yoast-seo-wordpress\/ -->\n<title>LAMA THE LAB | Conoce Nuestra Historia<\/title>\n<meta name=\"description\" content=\"Lama The Lab es la perfecta armon\u00eda entre el minimalismo, la atemporalidad y el dise\u00f1o. Descubre qui\u00e9n est\u00e1 detr\u00e1s. For a shared life.\" \/>\n<meta name=\"robots\" content=\"index, follow, max-snippet:-1, max-image-preview:large, max-video-preview:-1\" \/>\n<link rel=\"canonical\" href=\"https:\/\/lamathelab.com\/eng\/about\/\" \/>\n<meta property=\"og:locale\" content=\"en_GB\" \/>\n<meta property=\"og:type\" content=\"article\" \/>\n<meta property=\"og:title\" content=\"LAMA THE LAB | Conoce Nuestra Historia\" \/>\n<meta property=\"og:description\" content=\"Lama The Lab es la perfecta armon\u00eda entre el minimalismo, la atemporalidad y el dise\u00f1o. Descubre qui\u00e9n est\u00e1 detr\u00e1s. For a shared life.\" \/>\n<meta property=\"og:url\" content=\"https:\/\/lamathelab.com\/eng\/about\/\" \/>\n<meta property=\"og:site_name\" content=\"LAMA THE LAB\" \/>\n<meta property=\"article:publisher\" content=\"https:\/\/www.facebook.com\/LamaTheLab\" \/>\n<meta property=\"article:modified_time\" content=\"2024-10-23T12:14:24+00:00\" \/>\n<meta name=\"twitter:card\" content=\"summary_large_image\" \/>\n<meta name=\"twitter:label1\" content=\"Estimated reading time\" \/>\n\t<meta name=\"twitter:data1\" content=\"2 minutes\" \/>\n<script type=\"application\/ld+json\" class=\"yoast-schema-graph\">{\"@context\":\"https:\\\/\\\/schema.org\",\"@graph\":[{\"@type\":\"WebPage\",\"@id\":\"https:\\\/\\\/lamathelab.com\\\/about\\\/\",\"url\":\"https:\\\/\\\/lamathelab.com\\\/about\\\/\",\"name\":\"LAMA THE LAB | Conoce Nuestra Historia\",\"isPartOf\":{\"@id\":\"https:\\\/\\\/lamathelab.com\\\/#website\"},\"datePublished\":\"2022-05-17T16:39:09+00:00\",\"dateModified\":\"2024-10-23T12:14:24+00:00\",\"description\":\"Lama The Lab es la perfecta armon\u00eda entre el minimalismo, la atemporalidad y el dise\u00f1o. Descubre qui\u00e9n est\u00e1 detr\u00e1s. For a shared life.\",\"breadcrumb\":{\"@id\":\"https:\\\/\\\/lamathelab.com\\\/about\\\/#breadcrumb\"},\"inLanguage\":\"en-GB\",\"potentialAction\":[{\"@type\":\"ReadAction\",\"target\":[\"https:\\\/\\\/lamathelab.com\\\/about\\\/\"]}]},{\"@type\":\"BreadcrumbList\",\"@id\":\"https:\\\/\\\/lamathelab.com\\\/about\\\/#breadcrumb\",\"itemListElement\":[{\"@type\":\"ListItem\",\"position\":1,\"name\":\"Portada\",\"item\":\"https:\\\/\\\/lamathelab.com\\\/\"},{\"@type\":\"ListItem\",\"position\":2,\"name\":\"about\"}]},{\"@type\":\"WebSite\",\"@id\":\"https:\\\/\\\/lamathelab.com\\\/#website\",\"url\":\"https:\\\/\\\/lamathelab.com\\\/\",\"name\":\"LAMA THE LAB\",\"description\":\"For a shared life.\",\"publisher\":{\"@id\":\"https:\\\/\\\/lamathelab.com\\\/#organization\"},\"potentialAction\":[{\"@type\":\"SearchAction\",\"target\":{\"@type\":\"EntryPoint\",\"urlTemplate\":\"https:\\\/\\\/lamathelab.com\\\/?s={search_term_string}\"},\"query-input\":{\"@type\":\"PropertyValueSpecification\",\"valueRequired\":true,\"valueName\":\"search_term_string\"}}],\"inLanguage\":\"en-GB\"},{\"@type\":\"Organization\",\"@id\":\"https:\\\/\\\/lamathelab.com\\\/#organization\",\"name\":\"LAMA THE LAB CLOTHING\",\"url\":\"https:\\\/\\\/lamathelab.com\\\/\",\"logo\":{\"@type\":\"ImageObject\",\"inLanguage\":\"en-GB\",\"@id\":\"https:\\\/\\\/lamathelab.com\\\/#\\\/schema\\\/logo\\\/image\\\/\",\"url\":\"https:\\\/\\\/lamathelab.com\\\/wp-content\\\/uploads\\\/LAMA-LOGO.jpg\",\"contentUrl\":\"https:\\\/\\\/lamathelab.com\\\/wp-content\\\/uploads\\\/LAMA-LOGO.jpg\",\"width\":1697,\"height\":612,\"caption\":\"LAMA THE LAB CLOTHING\"},\"image\":{\"@id\":\"https:\\\/\\\/lamathelab.com\\\/#\\\/schema\\\/logo\\\/image\\\/\"},\"sameAs\":[\"https:\\\/\\\/www.facebook.com\\\/LamaTheLab\",\"https:\\\/\\\/www.instagram.com\\\/lamathelab\\\/\",\"https:\\\/\\\/www.pinterest.es\\\/lamathelab\\\/\",\"https:\\\/\\\/www.tiktok.com\\\/@lamathelab\"]}]}<\/script>\n<!-- \/ Yoast SEO plugin. -->","yoast_head_json":{"title":"LAMA THE LAB | Conoce Nuestra Historia","description":"Lama The Lab es la perfecta armon\u00eda entre el minimalismo, la atemporalidad y el dise\u00f1o. Descubre qui\u00e9n est\u00e1 detr\u00e1s. For a shared life.","robots":{"index":"index","follow":"follow","max-snippet":"max-snippet:-1","max-image-preview":"max-image-preview:large","max-video-preview":"max-video-preview:-1"},"canonical":"https:\/\/lamathelab.com\/eng\/about\/","og_locale":"en_GB","og_type":"article","og_title":"LAMA THE LAB | Conoce Nuestra Historia","og_description":"Lama The Lab es la perfecta armon\u00eda entre el minimalismo, la atemporalidad y el dise\u00f1o. Descubre qui\u00e9n est\u00e1 detr\u00e1s. For a shared life.","og_url":"https:\/\/lamathelab.com\/eng\/about\/","og_site_name":"LAMA THE LAB","article_publisher":"https:\/\/www.facebook.com\/LamaTheLab","article_modified_time":"2024-10-23T12:14:24+00:00","twitter_card":"summary_large_image","twitter_misc":{"Estimated reading time":"2 minutes"},"schema":{"@context":"https:\/\/schema.org","@graph":[{"@type":"WebPage","@id":"https:\/\/lamathelab.com\/about\/","url":"https:\/\/lamathelab.com\/about\/","name":"LAMA THE LAB | Conoce Nuestra Historia","isPartOf":{"@id":"https:\/\/lamathelab.com\/#website"},"datePublished":"2022-05-17T16:39:09+00:00","dateModified":"2024-10-23T12:14:24+00:00","description":"Lama The Lab es la perfecta armon\u00eda entre el minimalismo, la atemporalidad y el dise\u00f1o. Descubre qui\u00e9n est\u00e1 detr\u00e1s. For a shared life.","breadcrumb":{"@id":"https:\/\/lamathelab.com\/about\/#breadcrumb"},"inLanguage":"en-GB","potentialAction":[{"@type":"ReadAction","target":["https:\/\/lamathelab.com\/about\/"]}]},{"@type":"BreadcrumbList","@id":"https:\/\/lamathelab.com\/about\/#breadcrumb","itemListElement":[{"@type":"ListItem","position":1,"name":"Portada","item":"https:\/\/lamathelab.com\/"},{"@type":"ListItem","position":2,"name":"about"}]},{"@type":"WebSite","@id":"https:\/\/lamathelab.com\/#website","url":"https:\/\/lamathelab.com\/","name":"LAMA THE LAB","description":"For a shared life.","publisher":{"@id":"https:\/\/lamathelab.com\/#organization"},"potentialAction":[{"@type":"SearchAction","target":{"@type":"EntryPoint","urlTemplate":"https:\/\/lamathelab.com\/?s={search_term_string}"},"query-input":{"@type":"PropertyValueSpecification","valueRequired":true,"valueName":"search_term_string"}}],"inLanguage":"en-GB"},{"@type":"Organization","@id":"https:\/\/lamathelab.com\/#organization","name":"LAMA THE LAB CLOTHING","url":"https:\/\/lamathelab.com\/","logo":{"@type":"ImageObject","inLanguage":"en-GB","@id":"https:\/\/lamathelab.com\/#\/schema\/logo\/image\/","url":"https:\/\/lamathelab.com\/wp-content\/uploads\/LAMA-LOGO.jpg","contentUrl":"https:\/\/lamathelab.com\/wp-content\/uploads\/LAMA-LOGO.jpg","width":1697,"height":612,"caption":"LAMA THE LAB CLOTHING"},"image":{"@id":"https:\/\/lamathelab.com\/#\/schema\/logo\/image\/"},"sameAs":["https:\/\/www.facebook.com\/LamaTheLab","https:\/\/www.instagram.com\/lamathelab\/","https:\/\/www.pinterest.es\/lamathelab\/","https:\/\/www.tiktok.com\/@lamathelab"]}]}},"_links":{"self":[{"href":"https:\/\/lamathelab.com\/eng\/wp-json\/wp\/v2\/pages\/50","targetHints":{"allow":["GET"]}}],"collection":[{"href":"https:\/\/lamathelab.com\/eng\/wp-json\/wp\/v2\/pages"}],"about":[{"href":"https:\/\/lamathelab.com\/eng\/wp-json\/wp\/v2\/types\/page"}],"author":[{"embeddable":true,"href":"https:\/\/lamathelab.com\/eng\/wp-json\/wp\/v2\/users\/1"}],"replies":[{"embeddable":true,"href":"https:\/\/lamathelab.com\/eng\/wp-json\/wp\/v2\/comments?post=50"}],"version-history":[{"count":9,"href":"https:\/\/lamathelab.com\/eng\/wp-json\/wp\/v2\/pages\/50\/revisions"}],"predecessor-version":[{"id":514,"href":"https:\/\/lamathelab.com\/eng\/wp-json\/wp\/v2\/pages\/50\/revisions\/514"}],"wp:attachment":[{"href":"https:\/\/lamathelab.com\/eng\/wp-json\/wp\/v2\/media?parent=50"}],"curies":[{"name":"wp","href":"https:\/\/api.w.org\/{rel}","templated":true}]}}