{"id":155,"date":"2022-09-06T08:14:40","date_gmt":"2022-09-06T08:14:40","guid":{"rendered":"http:\/\/lamathelab.com\/?page_id=155"},"modified":"2024-10-04T09:43:30","modified_gmt":"2024-10-04T09:43:30","slug":"dantza","status":"publish","type":"page","link":"https:\/\/lamathelab.com\/eus\/dantza\/","title":{"rendered":"Dantza"},"content":{"rendered":"<div class=\"wpb-content-wrapper\"><div class=\"vc_row wpb_row vc_row-fluid\"><div class=\"wpb_column vc_column_container vc_col-sm-12\"><div class=\"vc_column-inner\"><div class=\"wpb_wrapper\">\n\t<div class=\"wpb_video_widget wpb_content_element vc_clearfix   vc_video-aspect-ratio-169 vc_video-el-width-100 vc_video-align-left\" >\n\t\t<div class=\"wpb_wrapper\">\n\t\t\t\n\t\t\t<div class=\"wpb_video_wrapper\"><iframe loading=\"lazy\" title=\"LamaTheLab_V3\" src=\"https:\/\/player.vimeo.com\/video\/749449686?dnt=1&amp;app_id=122963\" width=\"500\" height=\"281\" frameborder=\"0\" allow=\"autoplay; fullscreen; picture-in-picture; clipboard-write; encrypted-media; web-share\"><\/iframe><\/div>\n\t\t<\/div>\n\t<\/div>\n<\/div><\/div><\/div><\/div><div class=\"vc_row wpb_row vc_row-fluid\"><div class=\"wpb_column vc_column_container vc_col-sm-12\"><div class=\"vc_column-inner\"><div class=\"wpb_wrapper\">\n\t<div class=\"wpb_text_column wpb_content_element\" >\n\t\t<div class=\"wpb_wrapper\">\n\t\t\t<h1>DANTZA<\/h1>\n<h2>La primera colecci\u00f3n de Lama The Lab<\/h2>\n<p>Lama The Lab-ek dantza abiapuntu eta inspirazio iturri bezala hartu nahi izan du bere jakinbinei forma eman ahal izateko. Dantza gure bizitza osoan izan dugu lagun eta gure adierazteko modu nagusia izan da. Txikitatik, euskal dantzaren mugimenduak ikasi eta dantzatu izan ditugu. Gure amekin, ahizpekin eta lagunekin partekatu izan dugun etapa bat izan da gure bizitzetan.<\/p>\n<p>Lehen kolekzio honetan, ahaztuak izan diren forma zein mugimenduak ekarri nahi izan ditugu gogora; egungo garaira bihurtuz. Elegantzia, neurritasuna eta minimalismoa ardatz hartuta, emakume burujabe, ahaldundu, femeninoa eta xaloa babestu nahi dugu.<\/p>\n\n\t\t<\/div>\n\t<\/div>\n<\/div><\/div><\/div><\/div><div class=\"vc_row wpb_row vc_row-fluid\"><div class=\"wpb_column vc_column_container vc_col-sm-6\"><div class=\"vc_column-inner\"><div class=\"wpb_wrapper\">\n\t<div  class=\"wpb_single_image wpb_content_element vc_align_left wpb_content_element\">\n\t\t\n\t\t<figure class=\"wpb_wrapper vc_figure\">\n\t\t\t<div class=\"vc_single_image-wrapper   vc_box_border_grey\"><img loading=\"lazy\" decoding=\"async\" width=\"1280\" height=\"1920\" src=\"https:\/\/lamathelab.com\/wp-content\/uploads\/Lama_retoque-11.jpg\" class=\"vc_single_image-img attachment-full\" alt=\"\" title=\"Lama_retoque-11\" srcset=\"https:\/\/lamathelab.com\/wp-content\/uploads\/Lama_retoque-11.jpg 1280w, https:\/\/lamathelab.com\/wp-content\/uploads\/Lama_retoque-11-768x1152.jpg 768w, https:\/\/lamathelab.com\/wp-content\/uploads\/Lama_retoque-11-1024x1536.jpg 1024w, https:\/\/lamathelab.com\/wp-content\/uploads\/Lama_retoque-11-8x12.jpg 8w\" sizes=\"auto, (max-width: 1280px) 100vw, 1280px\" \/><\/div>\n\t\t<\/figure>\n\t<\/div>\n<\/div><\/div><\/div><div class=\"wpb_column vc_column_container vc_col-sm-6\"><div class=\"vc_column-inner\"><div class=\"wpb_wrapper\">\n\t<div  class=\"wpb_single_image wpb_content_element vc_align_left wpb_content_element\">\n\t\t\n\t\t<figure class=\"wpb_wrapper vc_figure\">\n\t\t\t<div class=\"vc_single_image-wrapper   vc_box_border_grey\"><img loading=\"lazy\" decoding=\"async\" width=\"1280\" height=\"1920\" src=\"https:\/\/lamathelab.com\/wp-content\/uploads\/Lama_retoque-13.jpg\" class=\"vc_single_image-img attachment-full\" alt=\"LAMA - THE LAB Moda sostenible\" title=\"Colecci\u00f3n Dantza\" srcset=\"https:\/\/lamathelab.com\/wp-content\/uploads\/Lama_retoque-13.jpg 1280w, https:\/\/lamathelab.com\/wp-content\/uploads\/Lama_retoque-13-768x1152.jpg 768w, https:\/\/lamathelab.com\/wp-content\/uploads\/Lama_retoque-13-1024x1536.jpg 1024w, https:\/\/lamathelab.com\/wp-content\/uploads\/Lama_retoque-13-8x12.jpg 8w\" sizes=\"auto, (max-width: 1280px) 100vw, 1280px\" \/><\/div>\n\t\t<\/figure>\n\t<\/div>\n<\/div><\/div><\/div><\/div><div class=\"vc_row wpb_row vc_row-fluid\"><div class=\"wpb_column vc_column_container vc_col-sm-6\"><div class=\"vc_column-inner\"><div class=\"wpb_wrapper\">\n\t<div  class=\"wpb_single_image wpb_content_element vc_align_left wpb_content_element\">\n\t\t\n\t\t<figure class=\"wpb_wrapper vc_figure\">\n\t\t\t<div class=\"vc_single_image-wrapper   vc_box_border_grey\"><img loading=\"lazy\" decoding=\"async\" width=\"1280\" height=\"1919\" src=\"https:\/\/lamathelab.com\/wp-content\/uploads\/Lama_retoque-17-1.jpg\" class=\"vc_single_image-img attachment-full\" alt=\"LAMA - THE LAB Moda sostenible\" title=\"Colecci\u00f3n Dantza\" srcset=\"https:\/\/lamathelab.com\/wp-content\/uploads\/Lama_retoque-17-1.jpg 1280w, https:\/\/lamathelab.com\/wp-content\/uploads\/Lama_retoque-17-1-768x1151.jpg 768w, https:\/\/lamathelab.com\/wp-content\/uploads\/Lama_retoque-17-1-1025x1536.jpg 1025w, https:\/\/lamathelab.com\/wp-content\/uploads\/Lama_retoque-17-1-8x12.jpg 8w\" sizes=\"auto, (max-width: 1280px) 100vw, 1280px\" \/><\/div>\n\t\t<\/figure>\n\t<\/div>\n<\/div><\/div><\/div><div class=\"wpb_column vc_column_container vc_col-sm-6\"><div class=\"vc_column-inner\"><div class=\"wpb_wrapper\">\n\t<div  class=\"wpb_single_image wpb_content_element vc_align_left wpb_content_element\">\n\t\t\n\t\t<figure class=\"wpb_wrapper vc_figure\">\n\t\t\t<div class=\"vc_single_image-wrapper   vc_box_border_grey\"><img loading=\"lazy\" decoding=\"async\" width=\"1280\" height=\"1920\" src=\"https:\/\/lamathelab.com\/wp-content\/uploads\/Lama_retoque-21-1.jpg\" class=\"vc_single_image-img attachment-full\" alt=\"LAMA - THE LAB Moda sostenible\" title=\"Colecci\u00f3n Dantza\" srcset=\"https:\/\/lamathelab.com\/wp-content\/uploads\/Lama_retoque-21-1.jpg 1280w, https:\/\/lamathelab.com\/wp-content\/uploads\/Lama_retoque-21-1-768x1152.jpg 768w, https:\/\/lamathelab.com\/wp-content\/uploads\/Lama_retoque-21-1-1024x1536.jpg 1024w, https:\/\/lamathelab.com\/wp-content\/uploads\/Lama_retoque-21-1-8x12.jpg 8w\" sizes=\"auto, (max-width: 1280px) 100vw, 1280px\" \/><\/div>\n\t\t<\/figure>\n\t<\/div>\n<\/div><\/div><\/div><\/div><div class=\"vc_row wpb_row vc_row-fluid\"><div class=\"wpb_column vc_column_container vc_col-sm-6\"><div class=\"vc_column-inner\"><div class=\"wpb_wrapper\">\n\t<div  class=\"wpb_single_image wpb_content_element vc_align_left wpb_content_element\">\n\t\t\n\t\t<figure class=\"wpb_wrapper vc_figure\">\n\t\t\t<div class=\"vc_single_image-wrapper   vc_box_border_grey\"><img loading=\"lazy\" decoding=\"async\" width=\"1280\" height=\"1920\" src=\"https:\/\/lamathelab.com\/wp-content\/uploads\/Lama_retoque-24.jpg\" class=\"vc_single_image-img attachment-full\" alt=\"LAMA - THE LAB Moda sostenible\" title=\"Colecci\u00f3n Dantza\" srcset=\"https:\/\/lamathelab.com\/wp-content\/uploads\/Lama_retoque-24.jpg 1280w, https:\/\/lamathelab.com\/wp-content\/uploads\/Lama_retoque-24-768x1152.jpg 768w, https:\/\/lamathelab.com\/wp-content\/uploads\/Lama_retoque-24-1024x1536.jpg 1024w, https:\/\/lamathelab.com\/wp-content\/uploads\/Lama_retoque-24-8x12.jpg 8w\" sizes=\"auto, (max-width: 1280px) 100vw, 1280px\" \/><\/div>\n\t\t<\/figure>\n\t<\/div>\n<\/div><\/div><\/div><div class=\"wpb_column vc_column_container vc_col-sm-6\"><div class=\"vc_column-inner\"><div class=\"wpb_wrapper\">\n\t<div  class=\"wpb_single_image wpb_content_element vc_align_left wpb_content_element\">\n\t\t\n\t\t<figure class=\"wpb_wrapper vc_figure\">\n\t\t\t<div class=\"vc_single_image-wrapper   vc_box_border_grey\"><img loading=\"lazy\" decoding=\"async\" width=\"1280\" height=\"1920\" src=\"https:\/\/lamathelab.com\/wp-content\/uploads\/Lama_retoque-25-1.jpg\" class=\"vc_single_image-img attachment-full\" alt=\"LAMA - THE LAB Moda sostenible\" title=\"Colecci\u00f3n Dantza\" srcset=\"https:\/\/lamathelab.com\/wp-content\/uploads\/Lama_retoque-25-1.jpg 1280w, https:\/\/lamathelab.com\/wp-content\/uploads\/Lama_retoque-25-1-768x1152.jpg 768w, https:\/\/lamathelab.com\/wp-content\/uploads\/Lama_retoque-25-1-1024x1536.jpg 1024w, https:\/\/lamathelab.com\/wp-content\/uploads\/Lama_retoque-25-1-8x12.jpg 8w\" sizes=\"auto, (max-width: 1280px) 100vw, 1280px\" \/><\/div>\n\t\t<\/figure>\n\t<\/div>\n<\/div><\/div><\/div><\/div><div class=\"vc_row wpb_row vc_row-fluid\"><div class=\"wpb_column vc_column_container vc_col-sm-6\"><div class=\"vc_column-inner\"><div class=\"wpb_wrapper\">\n\t<div  class=\"wpb_single_image wpb_content_element vc_align_left wpb_content_element\">\n\t\t\n\t\t<figure class=\"wpb_wrapper vc_figure\">\n\t\t\t<div class=\"vc_single_image-wrapper   vc_box_border_grey\"><img loading=\"lazy\" decoding=\"async\" width=\"1280\" height=\"1920\" src=\"https:\/\/lamathelab.com\/wp-content\/uploads\/Lama_retoque-28-3.jpg\" class=\"vc_single_image-img attachment-full\" alt=\"LAMA - THE LAB Moda sostenible\" title=\"Colecci\u00f3n Dantza\" srcset=\"https:\/\/lamathelab.com\/wp-content\/uploads\/Lama_retoque-28-3.jpg 1280w, https:\/\/lamathelab.com\/wp-content\/uploads\/Lama_retoque-28-3-768x1152.jpg 768w, https:\/\/lamathelab.com\/wp-content\/uploads\/Lama_retoque-28-3-1024x1536.jpg 1024w, https:\/\/lamathelab.com\/wp-content\/uploads\/Lama_retoque-28-3-8x12.jpg 8w\" sizes=\"auto, (max-width: 1280px) 100vw, 1280px\" \/><\/div>\n\t\t<\/figure>\n\t<\/div>\n<\/div><\/div><\/div><div class=\"wpb_column vc_column_container vc_col-sm-6\"><div class=\"vc_column-inner\"><div class=\"wpb_wrapper\">\n\t<div  class=\"wpb_single_image wpb_content_element vc_align_left wpb_content_element\">\n\t\t\n\t\t<figure class=\"wpb_wrapper vc_figure\">\n\t\t\t<div class=\"vc_single_image-wrapper   vc_box_border_grey\"><img loading=\"lazy\" decoding=\"async\" width=\"1280\" height=\"1920\" src=\"https:\/\/lamathelab.com\/wp-content\/uploads\/Lama_retoque-31-1.jpg\" class=\"vc_single_image-img attachment-full\" alt=\"LAMA - THE LAB Moda sostenible\" title=\"Colecci\u00f3n Dantza\" srcset=\"https:\/\/lamathelab.com\/wp-content\/uploads\/Lama_retoque-31-1.jpg 1280w, https:\/\/lamathelab.com\/wp-content\/uploads\/Lama_retoque-31-1-768x1152.jpg 768w, https:\/\/lamathelab.com\/wp-content\/uploads\/Lama_retoque-31-1-1024x1536.jpg 1024w, https:\/\/lamathelab.com\/wp-content\/uploads\/Lama_retoque-31-1-8x12.jpg 8w\" sizes=\"auto, (max-width: 1280px) 100vw, 1280px\" \/><\/div>\n\t\t<\/figure>\n\t<\/div>\n<\/div><\/div><\/div><\/div><div class=\"vc_row wpb_row vc_row-fluid\"><div class=\"wpb_column vc_column_container vc_col-sm-12\"><div class=\"vc_column-inner\"><div class=\"wpb_wrapper\">\n\t<div  class=\"wpb_single_image wpb_content_element vc_align_left wpb_content_element\">\n\t\t\n\t\t<figure class=\"wpb_wrapper vc_figure\">\n\t\t\t<div class=\"vc_single_image-wrapper   vc_box_border_grey\"><img loading=\"lazy\" decoding=\"async\" width=\"1920\" height=\"1280\" src=\"https:\/\/lamathelab.com\/wp-content\/uploads\/Lama_retoque-32.jpg\" class=\"vc_single_image-img attachment-full\" alt=\"LAMA - THE LAB Moda sostenible\" title=\"Colecci\u00f3n Dantza\" srcset=\"https:\/\/lamathelab.com\/wp-content\/uploads\/Lama_retoque-32.jpg 1920w, https:\/\/lamathelab.com\/wp-content\/uploads\/Lama_retoque-32-768x512.jpg 768w, https:\/\/lamathelab.com\/wp-content\/uploads\/Lama_retoque-32-1536x1024.jpg 1536w, https:\/\/lamathelab.com\/wp-content\/uploads\/Lama_retoque-32-18x12.jpg 18w\" sizes=\"auto, (max-width: 1920px) 100vw, 1920px\" \/><\/div>\n\t\t<\/figure>\n\t<\/div>\n<\/div><\/div><\/div><\/div>\n<\/div>","protected":false},"excerpt":{"rendered":"DANTZA La primera colecci\u00f3n de Lama The Lab Lama The Lab ha querido coger la danza como punto de partida y como fuente de inspiraci\u00f3n para poder trasladar y dar forma a sus inquietudes. La danza nos ha acompa\u00f1ado a lo largo de nuestras vidas, y ha sido nuestro modo de expresi\u00f3n. Desde peque\u00f1as hemos [...]","protected":false},"author":1,"featured_media":0,"parent":0,"menu_order":0,"comment_status":"closed","ping_status":"closed","template":"","meta":{"inline_featured_image":false,"footnotes":""},"class_list":["post-155","page","type-page","status-publish","hentry"],"yoast_head":"<!-- This site is optimized with the Yoast SEO plugin v27.4 - https:\/\/yoast.com\/product\/yoast-seo-wordpress\/ -->\n<title>Colecci\u00f3n Dantza | Moda sostenible | Gipuzkoa - LAMA THE LAB<\/title>\n<meta name=\"description\" content=\"Dantza, la primera colecci\u00f3n de Lama The Lab. Dise\u00f1os que se inspiran en movimientos de la danza vasca. For a shared life. Moda sostenible.\" \/>\n<meta name=\"robots\" content=\"index, follow, max-snippet:-1, max-image-preview:large, max-video-preview:-1\" \/>\n<link rel=\"canonical\" href=\"https:\/\/lamathelab.com\/eus\/dantza\/\" \/>\n<meta property=\"og:locale\" content=\"en_US\" \/>\n<meta property=\"og:type\" content=\"article\" \/>\n<meta property=\"og:title\" content=\"Colecci\u00f3n Dantza | Moda sostenible | Gipuzkoa - LAMA THE LAB\" \/>\n<meta property=\"og:description\" content=\"Dantza, la primera colecci\u00f3n de Lama The Lab. Dise\u00f1os que se inspiran en movimientos de la danza vasca. For a shared life. Moda sostenible.\" \/>\n<meta property=\"og:url\" content=\"https:\/\/lamathelab.com\/eus\/dantza\/\" \/>\n<meta property=\"og:site_name\" content=\"LAMA THE LAB\" \/>\n<meta property=\"article:publisher\" content=\"https:\/\/www.facebook.com\/LamaTheLab\" \/>\n<meta property=\"article:modified_time\" content=\"2024-10-04T09:43:30+00:00\" \/>\n<meta name=\"twitter:card\" content=\"summary_large_image\" \/>\n<meta name=\"twitter:label1\" content=\"Est. reading time\" \/>\n\t<meta name=\"twitter:data1\" content=\"1 minutua\" \/>\n<script type=\"application\/ld+json\" class=\"yoast-schema-graph\">{\"@context\":\"https:\\\/\\\/schema.org\",\"@graph\":[{\"@type\":\"WebPage\",\"@id\":\"https:\\\/\\\/lamathelab.com\\\/dantza\\\/\",\"url\":\"https:\\\/\\\/lamathelab.com\\\/dantza\\\/\",\"name\":\"Colecci\u00f3n Dantza | Moda sostenible | Gipuzkoa - LAMA THE LAB\",\"isPartOf\":{\"@id\":\"https:\\\/\\\/lamathelab.com\\\/#website\"},\"datePublished\":\"2022-09-06T08:14:40+00:00\",\"dateModified\":\"2024-10-04T09:43:30+00:00\",\"description\":\"Dantza, la primera colecci\u00f3n de Lama The Lab. Dise\u00f1os que se inspiran en movimientos de la danza vasca. For a shared life. Moda sostenible.\",\"breadcrumb\":{\"@id\":\"https:\\\/\\\/lamathelab.com\\\/dantza\\\/#breadcrumb\"},\"inLanguage\":\"eu\",\"potentialAction\":[{\"@type\":\"ReadAction\",\"target\":[\"https:\\\/\\\/lamathelab.com\\\/dantza\\\/\"]}]},{\"@type\":\"BreadcrumbList\",\"@id\":\"https:\\\/\\\/lamathelab.com\\\/dantza\\\/#breadcrumb\",\"itemListElement\":[{\"@type\":\"ListItem\",\"position\":1,\"name\":\"Portada\",\"item\":\"https:\\\/\\\/lamathelab.com\\\/\"},{\"@type\":\"ListItem\",\"position\":2,\"name\":\"Dantza\"}]},{\"@type\":\"WebSite\",\"@id\":\"https:\\\/\\\/lamathelab.com\\\/#website\",\"url\":\"https:\\\/\\\/lamathelab.com\\\/\",\"name\":\"LAMA THE LAB\",\"description\":\"For a shared life.\",\"publisher\":{\"@id\":\"https:\\\/\\\/lamathelab.com\\\/#organization\"},\"potentialAction\":[{\"@type\":\"SearchAction\",\"target\":{\"@type\":\"EntryPoint\",\"urlTemplate\":\"https:\\\/\\\/lamathelab.com\\\/?s={search_term_string}\"},\"query-input\":{\"@type\":\"PropertyValueSpecification\",\"valueRequired\":true,\"valueName\":\"search_term_string\"}}],\"inLanguage\":\"eu\"},{\"@type\":\"Organization\",\"@id\":\"https:\\\/\\\/lamathelab.com\\\/#organization\",\"name\":\"LAMA THE LAB CLOTHING\",\"url\":\"https:\\\/\\\/lamathelab.com\\\/\",\"logo\":{\"@type\":\"ImageObject\",\"inLanguage\":\"eu\",\"@id\":\"https:\\\/\\\/lamathelab.com\\\/#\\\/schema\\\/logo\\\/image\\\/\",\"url\":\"https:\\\/\\\/lamathelab.com\\\/wp-content\\\/uploads\\\/LAMA-LOGO.jpg\",\"contentUrl\":\"https:\\\/\\\/lamathelab.com\\\/wp-content\\\/uploads\\\/LAMA-LOGO.jpg\",\"width\":1697,\"height\":612,\"caption\":\"LAMA THE LAB CLOTHING\"},\"image\":{\"@id\":\"https:\\\/\\\/lamathelab.com\\\/#\\\/schema\\\/logo\\\/image\\\/\"},\"sameAs\":[\"https:\\\/\\\/www.facebook.com\\\/LamaTheLab\",\"https:\\\/\\\/www.instagram.com\\\/lamathelab\\\/\",\"https:\\\/\\\/www.pinterest.es\\\/lamathelab\\\/\",\"https:\\\/\\\/www.tiktok.com\\\/@lamathelab\"]}]}<\/script>\n<!-- \/ Yoast SEO plugin. -->","yoast_head_json":{"title":"Colecci\u00f3n Dantza | Moda sostenible | Gipuzkoa - LAMA THE LAB","description":"Dantza, la primera colecci\u00f3n de Lama The Lab. Dise\u00f1os que se inspiran en movimientos de la danza vasca. For a shared life. Moda sostenible.","robots":{"index":"index","follow":"follow","max-snippet":"max-snippet:-1","max-image-preview":"max-image-preview:large","max-video-preview":"max-video-preview:-1"},"canonical":"https:\/\/lamathelab.com\/eus\/dantza\/","og_locale":"en_US","og_type":"article","og_title":"Colecci\u00f3n Dantza | Moda sostenible | Gipuzkoa - LAMA THE LAB","og_description":"Dantza, la primera colecci\u00f3n de Lama The Lab. Dise\u00f1os que se inspiran en movimientos de la danza vasca. For a shared life. Moda sostenible.","og_url":"https:\/\/lamathelab.com\/eus\/dantza\/","og_site_name":"LAMA THE LAB","article_publisher":"https:\/\/www.facebook.com\/LamaTheLab","article_modified_time":"2024-10-04T09:43:30+00:00","twitter_card":"summary_large_image","twitter_misc":{"Est. reading time":"1 minutua"},"schema":{"@context":"https:\/\/schema.org","@graph":[{"@type":"WebPage","@id":"https:\/\/lamathelab.com\/dantza\/","url":"https:\/\/lamathelab.com\/dantza\/","name":"Colecci\u00f3n Dantza | Moda sostenible | Gipuzkoa - LAMA THE LAB","isPartOf":{"@id":"https:\/\/lamathelab.com\/#website"},"datePublished":"2022-09-06T08:14:40+00:00","dateModified":"2024-10-04T09:43:30+00:00","description":"Dantza, la primera colecci\u00f3n de Lama The Lab. Dise\u00f1os que se inspiran en movimientos de la danza vasca. For a shared life. Moda sostenible.","breadcrumb":{"@id":"https:\/\/lamathelab.com\/dantza\/#breadcrumb"},"inLanguage":"eu","potentialAction":[{"@type":"ReadAction","target":["https:\/\/lamathelab.com\/dantza\/"]}]},{"@type":"BreadcrumbList","@id":"https:\/\/lamathelab.com\/dantza\/#breadcrumb","itemListElement":[{"@type":"ListItem","position":1,"name":"Portada","item":"https:\/\/lamathelab.com\/"},{"@type":"ListItem","position":2,"name":"Dantza"}]},{"@type":"WebSite","@id":"https:\/\/lamathelab.com\/#website","url":"https:\/\/lamathelab.com\/","name":"LAMA THE LAB","description":"For a shared life.","publisher":{"@id":"https:\/\/lamathelab.com\/#organization"},"potentialAction":[{"@type":"SearchAction","target":{"@type":"EntryPoint","urlTemplate":"https:\/\/lamathelab.com\/?s={search_term_string}"},"query-input":{"@type":"PropertyValueSpecification","valueRequired":true,"valueName":"search_term_string"}}],"inLanguage":"eu"},{"@type":"Organization","@id":"https:\/\/lamathelab.com\/#organization","name":"LAMA THE LAB CLOTHING","url":"https:\/\/lamathelab.com\/","logo":{"@type":"ImageObject","inLanguage":"eu","@id":"https:\/\/lamathelab.com\/#\/schema\/logo\/image\/","url":"https:\/\/lamathelab.com\/wp-content\/uploads\/LAMA-LOGO.jpg","contentUrl":"https:\/\/lamathelab.com\/wp-content\/uploads\/LAMA-LOGO.jpg","width":1697,"height":612,"caption":"LAMA THE LAB CLOTHING"},"image":{"@id":"https:\/\/lamathelab.com\/#\/schema\/logo\/image\/"},"sameAs":["https:\/\/www.facebook.com\/LamaTheLab","https:\/\/www.instagram.com\/lamathelab\/","https:\/\/www.pinterest.es\/lamathelab\/","https:\/\/www.tiktok.com\/@lamathelab"]}]}},"_links":{"self":[{"href":"https:\/\/lamathelab.com\/eus\/wp-json\/wp\/v2\/pages\/155","targetHints":{"allow":["GET"]}}],"collection":[{"href":"https:\/\/lamathelab.com\/eus\/wp-json\/wp\/v2\/pages"}],"about":[{"href":"https:\/\/lamathelab.com\/eus\/wp-json\/wp\/v2\/types\/page"}],"author":[{"embeddable":true,"href":"https:\/\/lamathelab.com\/eus\/wp-json\/wp\/v2\/users\/1"}],"replies":[{"embeddable":true,"href":"https:\/\/lamathelab.com\/eus\/wp-json\/wp\/v2\/comments?post=155"}],"version-history":[{"count":12,"href":"https:\/\/lamathelab.com\/eus\/wp-json\/wp\/v2\/pages\/155\/revisions"}],"predecessor-version":[{"id":805,"href":"https:\/\/lamathelab.com\/eus\/wp-json\/wp\/v2\/pages\/155\/revisions\/805"}],"wp:attachment":[{"href":"https:\/\/lamathelab.com\/eus\/wp-json\/wp\/v2\/media?parent=155"}],"curies":[{"name":"wp","href":"https:\/\/api.w.org\/{rel}","templated":true}]}}