{"id":159,"date":"2022-09-06T08:19:11","date_gmt":"2022-09-06T08:19:11","guid":{"rendered":"http:\/\/lamathelab.com\/?page_id=159"},"modified":"2024-10-04T09:37:56","modified_gmt":"2024-10-04T09:37:56","slug":"cuidado-de-las-prendas","status":"publish","type":"page","link":"https:\/\/lamathelab.com\/eus\/cuidado-de-las-prendas\/","title":{"rendered":"Arropen zaintza"},"content":{"rendered":"<div class=\"wpb-content-wrapper\"><div class=\"vc_row wpb_row vc_row-fluid\"><div class=\"wpb_column vc_column_container vc_col-sm-12\"><div class=\"vc_column-inner\"><div class=\"wpb_wrapper\">\n\t<div class=\"wpb_text_column wpb_content_element\" >\n\t\t<div class=\"wpb_wrapper\">\n\t\t\t<p><strong>Arropen zaintza<\/strong><\/p>\n<p>Gogoratu zein garrantzitsua den lortzen dugun arropa pieza bakoitzaren garbiketa pausuak jarraitzea. Atal honetan, zure arropak xehetasunez nola garbitu azaldu dizugu, hauen bizitza luzatu dezazun urteetan zehar.<\/p>\n<p>&nbsp;<\/p>\n<p><strong>Kotoi organikoz eginiko piezak<\/strong><\/p>\n<p>Gur Banako kamiseta, Pikis kirol-jertsea eta Agintari shopper bag-a kotoi organikoz eginak daude. Hemen dituzue jarraitu beharreko pausuak:<\/p>\n<ul>\n<li>Ur hotzarekin garbitu, gehienez 30\u00baC.<\/li>\n<li>Garbigailua erabiltzen baduzu, programaketa motzak erabiltzea gomendatzen dizugu, arropa delikatuentzat diseinatuak.<\/li>\n<li>Lixiba eta detergente agresiboen erabilera ekidin.<\/li>\n<li>Piezak azpikoz gain jartzea komeni da, garbitzeko zein lehortzeko, baita plantxatzeko ere. Honela hauen kolore eta ehudura hobeki mantenduko da. Itzalean esekitzea ere komenigarria da eguzkiaren izpi zuzenak ekiditeko.<\/li>\n<li>Saiatu aire librean sekatzen, lehorgailua ekidinez.<\/li>\n<\/ul>\n<p>&nbsp;<\/p>\n<p><strong>Biskosa jasangarria<\/strong><\/p>\n<p>Biskosa jasangarriz eginiko piezek garbiketa pauta bereziak behar dituzte. Gure Agintari alkandora garbitzeko hurrengo pausuak jarraitu behar zenituzke:<\/p>\n<ul>\n<li>Eskuz garbitzen saiatu ur hotzetan eta detergete leun batekin.<\/li>\n<li>Inoiz ez bihurritu edo xukatu pieza.<\/li>\n<li>Garbigailuan sartu nahi baduzu, oihalezko zakutxo baten barruan sartu eta programa delikatua erabili.<\/li>\n<li>Garbitu ostean, pieza astindu eta hezetasuna harreta handiz kendu.<\/li>\n<li>Ez erabili lehorgailurik!<\/li>\n<li>Alkandora lixatu nahi baduzu, oraindik hezetasun pixkat duenean egin.<\/li>\n<\/ul>\n<p>&nbsp;<\/p>\n<p><strong>Kurpoa<\/strong><\/p>\n<p>Kurpoa oso material moldakor eta iraunkorra da. Oso zaintza erraza du. Batido gona garbitzeko hurrengo pausuak jarrai ditzakezu:<\/p>\n<ul>\n<li>Programa delikatuan garbitu<\/li>\n<li>Pertxa batean zintzilikatuta lehortzea gomendatzen da.<\/li>\n<\/ul>\n<p>&nbsp;<\/p>\n<p><strong>Zeta<\/strong><\/p>\n<p>Zeta, zaintza berezia behar duen lehengai natural bat da. Luzatu ezasu Lau Arin, Arin eta Sokaren bizitza zaintza egoki batekin:<\/p>\n<ul>\n<li>Zure piezak eskuz, detergente leunaz eta ur hotzaz garbitu.<\/li>\n<li>Astindu pieza urpean leunki eta xukatu bihurritu gabe.<\/li>\n<li>Pieza aire librean lehortu eguzkiak zuzenki jotzen ez diola ziurtatuz.<\/li>\n<li>Lurrunik gabe lisatu tenperatura baxuan.<\/li>\n<\/ul>\n\n\t\t<\/div>\n\t<\/div>\n<\/div><\/div><\/div><\/div>\n<\/div>","protected":false},"excerpt":{"rendered":"CUIDADO DE LAS PRENDAS Recuerda que es importante leer muy bien las recomendaciones espec\u00edficas de lavado de cada una de las prendas que adquirimos. En este apartado explicamos en detalle c\u00f3mo cuidar de tus prendas para poder alargar su vida y seguir utiliz\u00e1ndolas durante a\u00f1os. &nbsp; PRENDAS DE ALGOD\u00d3N ORG\u00c1NICO Nuestra camiseta Banako, sudadera Pikis [...]","protected":false},"author":1,"featured_media":0,"parent":0,"menu_order":0,"comment_status":"closed","ping_status":"closed","template":"","meta":{"inline_featured_image":false,"footnotes":""},"class_list":["post-159","page","type-page","status-publish","hentry"],"yoast_head":"<!-- This site is optimized with the Yoast SEO plugin v27.4 - https:\/\/yoast.com\/product\/yoast-seo-wordpress\/ -->\n<title>CUIDADO DE LAS PRENDAS SOSTENIBLES - LAMA THE LAB<\/title>\n<meta name=\"description\" content=\"En este apartado explicamos en detalle c\u00f3mo cuidar de tus prendas para poder alargar su vida y seguir utiliz\u00e1ndolas durante a\u00f1os.\" \/>\n<meta name=\"robots\" content=\"index, follow, max-snippet:-1, max-image-preview:large, max-video-preview:-1\" \/>\n<link rel=\"canonical\" href=\"https:\/\/lamathelab.com\/eus\/cuidado-de-las-prendas\/\" \/>\n<meta property=\"og:locale\" content=\"en_US\" \/>\n<meta property=\"og:type\" content=\"article\" \/>\n<meta property=\"og:title\" content=\"CUIDADO DE LAS PRENDAS SOSTENIBLES - LAMA THE LAB\" \/>\n<meta property=\"og:description\" content=\"En este apartado explicamos en detalle c\u00f3mo cuidar de tus prendas para poder alargar su vida y seguir utiliz\u00e1ndolas durante a\u00f1os.\" \/>\n<meta property=\"og:url\" content=\"https:\/\/lamathelab.com\/eus\/cuidado-de-las-prendas\/\" \/>\n<meta property=\"og:site_name\" content=\"LAMA THE LAB\" \/>\n<meta property=\"article:publisher\" content=\"https:\/\/www.facebook.com\/LamaTheLab\" \/>\n<meta property=\"article:modified_time\" content=\"2024-10-04T09:37:56+00:00\" \/>\n<meta name=\"twitter:card\" content=\"summary_large_image\" \/>\n<meta name=\"twitter:label1\" content=\"Est. reading time\" \/>\n\t<meta name=\"twitter:data1\" content=\"2 minutua\" \/>\n<script type=\"application\/ld+json\" class=\"yoast-schema-graph\">{\"@context\":\"https:\\\/\\\/schema.org\",\"@graph\":[{\"@type\":\"WebPage\",\"@id\":\"https:\\\/\\\/lamathelab.com\\\/cuidado-de-las-prendas\\\/\",\"url\":\"https:\\\/\\\/lamathelab.com\\\/cuidado-de-las-prendas\\\/\",\"name\":\"CUIDADO DE LAS PRENDAS SOSTENIBLES - LAMA THE LAB\",\"isPartOf\":{\"@id\":\"https:\\\/\\\/lamathelab.com\\\/#website\"},\"datePublished\":\"2022-09-06T08:19:11+00:00\",\"dateModified\":\"2024-10-04T09:37:56+00:00\",\"description\":\"En este apartado explicamos en detalle c\u00f3mo cuidar de tus prendas para poder alargar su vida y seguir utiliz\u00e1ndolas durante a\u00f1os.\",\"breadcrumb\":{\"@id\":\"https:\\\/\\\/lamathelab.com\\\/cuidado-de-las-prendas\\\/#breadcrumb\"},\"inLanguage\":\"eu\",\"potentialAction\":[{\"@type\":\"ReadAction\",\"target\":[\"https:\\\/\\\/lamathelab.com\\\/cuidado-de-las-prendas\\\/\"]}]},{\"@type\":\"BreadcrumbList\",\"@id\":\"https:\\\/\\\/lamathelab.com\\\/cuidado-de-las-prendas\\\/#breadcrumb\",\"itemListElement\":[{\"@type\":\"ListItem\",\"position\":1,\"name\":\"Portada\",\"item\":\"https:\\\/\\\/lamathelab.com\\\/\"},{\"@type\":\"ListItem\",\"position\":2,\"name\":\"CUIDADO DE LAS PRENDAS\"}]},{\"@type\":\"WebSite\",\"@id\":\"https:\\\/\\\/lamathelab.com\\\/#website\",\"url\":\"https:\\\/\\\/lamathelab.com\\\/\",\"name\":\"LAMA THE LAB\",\"description\":\"For a shared life.\",\"publisher\":{\"@id\":\"https:\\\/\\\/lamathelab.com\\\/#organization\"},\"potentialAction\":[{\"@type\":\"SearchAction\",\"target\":{\"@type\":\"EntryPoint\",\"urlTemplate\":\"https:\\\/\\\/lamathelab.com\\\/?s={search_term_string}\"},\"query-input\":{\"@type\":\"PropertyValueSpecification\",\"valueRequired\":true,\"valueName\":\"search_term_string\"}}],\"inLanguage\":\"eu\"},{\"@type\":\"Organization\",\"@id\":\"https:\\\/\\\/lamathelab.com\\\/#organization\",\"name\":\"LAMA THE LAB CLOTHING\",\"url\":\"https:\\\/\\\/lamathelab.com\\\/\",\"logo\":{\"@type\":\"ImageObject\",\"inLanguage\":\"eu\",\"@id\":\"https:\\\/\\\/lamathelab.com\\\/#\\\/schema\\\/logo\\\/image\\\/\",\"url\":\"https:\\\/\\\/lamathelab.com\\\/wp-content\\\/uploads\\\/LAMA-LOGO.jpg\",\"contentUrl\":\"https:\\\/\\\/lamathelab.com\\\/wp-content\\\/uploads\\\/LAMA-LOGO.jpg\",\"width\":1697,\"height\":612,\"caption\":\"LAMA THE LAB CLOTHING\"},\"image\":{\"@id\":\"https:\\\/\\\/lamathelab.com\\\/#\\\/schema\\\/logo\\\/image\\\/\"},\"sameAs\":[\"https:\\\/\\\/www.facebook.com\\\/LamaTheLab\",\"https:\\\/\\\/www.instagram.com\\\/lamathelab\\\/\",\"https:\\\/\\\/www.pinterest.es\\\/lamathelab\\\/\",\"https:\\\/\\\/www.tiktok.com\\\/@lamathelab\"]}]}<\/script>\n<!-- \/ Yoast SEO plugin. -->","yoast_head_json":{"title":"CUIDADO DE LAS PRENDAS SOSTENIBLES - LAMA THE LAB","description":"En este apartado explicamos en detalle c\u00f3mo cuidar de tus prendas para poder alargar su vida y seguir utiliz\u00e1ndolas durante a\u00f1os.","robots":{"index":"index","follow":"follow","max-snippet":"max-snippet:-1","max-image-preview":"max-image-preview:large","max-video-preview":"max-video-preview:-1"},"canonical":"https:\/\/lamathelab.com\/eus\/cuidado-de-las-prendas\/","og_locale":"en_US","og_type":"article","og_title":"CUIDADO DE LAS PRENDAS SOSTENIBLES - LAMA THE LAB","og_description":"En este apartado explicamos en detalle c\u00f3mo cuidar de tus prendas para poder alargar su vida y seguir utiliz\u00e1ndolas durante a\u00f1os.","og_url":"https:\/\/lamathelab.com\/eus\/cuidado-de-las-prendas\/","og_site_name":"LAMA THE LAB","article_publisher":"https:\/\/www.facebook.com\/LamaTheLab","article_modified_time":"2024-10-04T09:37:56+00:00","twitter_card":"summary_large_image","twitter_misc":{"Est. reading time":"2 minutua"},"schema":{"@context":"https:\/\/schema.org","@graph":[{"@type":"WebPage","@id":"https:\/\/lamathelab.com\/cuidado-de-las-prendas\/","url":"https:\/\/lamathelab.com\/cuidado-de-las-prendas\/","name":"CUIDADO DE LAS PRENDAS SOSTENIBLES - LAMA THE LAB","isPartOf":{"@id":"https:\/\/lamathelab.com\/#website"},"datePublished":"2022-09-06T08:19:11+00:00","dateModified":"2024-10-04T09:37:56+00:00","description":"En este apartado explicamos en detalle c\u00f3mo cuidar de tus prendas para poder alargar su vida y seguir utiliz\u00e1ndolas durante a\u00f1os.","breadcrumb":{"@id":"https:\/\/lamathelab.com\/cuidado-de-las-prendas\/#breadcrumb"},"inLanguage":"eu","potentialAction":[{"@type":"ReadAction","target":["https:\/\/lamathelab.com\/cuidado-de-las-prendas\/"]}]},{"@type":"BreadcrumbList","@id":"https:\/\/lamathelab.com\/cuidado-de-las-prendas\/#breadcrumb","itemListElement":[{"@type":"ListItem","position":1,"name":"Portada","item":"https:\/\/lamathelab.com\/"},{"@type":"ListItem","position":2,"name":"CUIDADO DE LAS PRENDAS"}]},{"@type":"WebSite","@id":"https:\/\/lamathelab.com\/#website","url":"https:\/\/lamathelab.com\/","name":"LAMA THE LAB","description":"For a shared life.","publisher":{"@id":"https:\/\/lamathelab.com\/#organization"},"potentialAction":[{"@type":"SearchAction","target":{"@type":"EntryPoint","urlTemplate":"https:\/\/lamathelab.com\/?s={search_term_string}"},"query-input":{"@type":"PropertyValueSpecification","valueRequired":true,"valueName":"search_term_string"}}],"inLanguage":"eu"},{"@type":"Organization","@id":"https:\/\/lamathelab.com\/#organization","name":"LAMA THE LAB CLOTHING","url":"https:\/\/lamathelab.com\/","logo":{"@type":"ImageObject","inLanguage":"eu","@id":"https:\/\/lamathelab.com\/#\/schema\/logo\/image\/","url":"https:\/\/lamathelab.com\/wp-content\/uploads\/LAMA-LOGO.jpg","contentUrl":"https:\/\/lamathelab.com\/wp-content\/uploads\/LAMA-LOGO.jpg","width":1697,"height":612,"caption":"LAMA THE LAB CLOTHING"},"image":{"@id":"https:\/\/lamathelab.com\/#\/schema\/logo\/image\/"},"sameAs":["https:\/\/www.facebook.com\/LamaTheLab","https:\/\/www.instagram.com\/lamathelab\/","https:\/\/www.pinterest.es\/lamathelab\/","https:\/\/www.tiktok.com\/@lamathelab"]}]}},"_links":{"self":[{"href":"https:\/\/lamathelab.com\/eus\/wp-json\/wp\/v2\/pages\/159","targetHints":{"allow":["GET"]}}],"collection":[{"href":"https:\/\/lamathelab.com\/eus\/wp-json\/wp\/v2\/pages"}],"about":[{"href":"https:\/\/lamathelab.com\/eus\/wp-json\/wp\/v2\/types\/page"}],"author":[{"embeddable":true,"href":"https:\/\/lamathelab.com\/eus\/wp-json\/wp\/v2\/users\/1"}],"replies":[{"embeddable":true,"href":"https:\/\/lamathelab.com\/eus\/wp-json\/wp\/v2\/comments?post=159"}],"version-history":[{"count":3,"href":"https:\/\/lamathelab.com\/eus\/wp-json\/wp\/v2\/pages\/159\/revisions"}],"predecessor-version":[{"id":162,"href":"https:\/\/lamathelab.com\/eus\/wp-json\/wp\/v2\/pages\/159\/revisions\/162"}],"wp:attachment":[{"href":"https:\/\/lamathelab.com\/eus\/wp-json\/wp\/v2\/media?parent=159"}],"curies":[{"name":"wp","href":"https:\/\/api.w.org\/{rel}","templated":true}]}}