{"id":165,"date":"2022-09-06T08:35:23","date_gmt":"2022-09-06T08:35:23","guid":{"rendered":"http:\/\/lamathelab.com\/?page_id=165"},"modified":"2022-09-19T08:48:10","modified_gmt":"2022-09-19T08:48:10","slug":"envios-cambios-y-devoluciones","status":"publish","type":"page","link":"https:\/\/lamathelab.com\/eus\/envios-cambios-y-devoluciones\/","title":{"rendered":"BIDALKETAK, ALDAKETAK ETA ITZULKETAK"},"content":{"rendered":"<div class=\"wpb-content-wrapper\"><div class=\"vc_row wpb_row vc_row-fluid\"><div class=\"wpb_column vc_column_container vc_col-sm-12\"><div class=\"vc_column-inner\"><div class=\"wpb_wrapper\">\n\t<div class=\"wpb_text_column wpb_content_element\" >\n\t\t<div class=\"wpb_wrapper\">\n\t\t\t<p><strong>BIDALKETAK<\/strong><\/p>\n<p>Bidalketak hurrengo lanegunean egiten dira, astelehenetik ostiralera, jaiegunak kenduta. Asteburuetan zein jaiegunetan eginiko eskaerak hurrengo lanegunean bidaliko dira. Bidalketak Orio, Gipuzkoatik egiten dira. Bidalketa gauzatzean, emailean jasoko duzu konfirmazioa.<\/p>\n<p>&nbsp;<\/p>\n<p><span style=\"text-decoration: underline;\">Nazioarteko bidalketarik egiten alduzue?<\/span><\/p>\n<p>Bai, nazioarteko bidalketak egiten ditugu. Hala ere, kontuan izan bidalketa zein aduanen gastuak zure kontu joango direla.<\/p>\n<p>&nbsp;<\/p>\n<p><span style=\"text-decoration: underline;\">Noiz jasoko dut nire eskaera?<\/span><\/p>\n<p>Denbora hau aukeratzen duzun bidalketa metodoaren araberakoa izango da. Hurrengo aukerak izango dira eskuragarri:<\/p>\n<p>YYYYY<\/p>\n<p>&nbsp;<\/p>\n<p><span style=\"text-decoration: underline;\">Nola jarrai dezaket nire eskaeraren ibilbidea?<\/span><\/p>\n<p>Zure eskaera bidaltzean, posta elektroniko bat iritsiko zaizu eskaerari lotutako helbidera. Zure webguneko kontutik ikusi ahalko izango duzu eskaeraren egoera eta jarraipen zenbakia.<\/p>\n<p>&nbsp;<\/p>\n<p><span style=\"text-decoration: underline;\">Zenbat ordaintzen dut bidalketengatik?<\/span><\/p>\n<p>Erosketa amaitzear zaudela, aukeran emango dizugu zein denboretan jaso nahi duzun pieza, eta aukera bakoitzak duen kostea azalduko dizugu zauden tokiaren arabera.<\/p>\n<p>**Gipuzkoan bizi bazara, Oriotik gertu, beti izango duzu aukera eskaera jasotzera etortzeko, bidalketa gastuak ekidinez. Honela zure eskaeraren bidalketak duen eragin negatiboa ekidin dezakegu. :)<\/p>\n<p>&nbsp;<\/p>\n<p><strong>ADAKETAK ETA ITZULKETAK <\/strong><\/p>\n<p><span style=\"text-decoration: underline;\">Nola itzuli edo aldatu dezaket nire Lama The Lab pieza?<\/span><\/p>\n<p>Sentitzen dugu zure prenda itzuli zein aldatu behar izana. Lama The Lab-en itzulketak beti doakoak dira. Honetarako 15 egun dituzu bidalketako egunaren konfirmazio datatik hasita. *<\/p>\n<p>Piezek egoera ezinhobean egon behar dute (erabili gabe, garbitu gabe eta kanpoko zein barruko etiketak ukigabe, konponketarik gabe eta erosketa lagin originalarekin. Bilgarri zein kaxak jatorrizkoa izan behar du eta egoera ezinhobean egon beharko du.**<\/p>\n<p>* Ez dira halako aldaketak onartuko 14 egunetik aurrera.<\/p>\n<p>**Esandako eskakizunak betetzen ez badira, zure saldotik 5 euroko zigorra kenduko zaizu.<\/p>\n<p>Aldaketa egin ahal izateko, jar zaitez gurekin harremanetan email bitartez info@lamathelab.com. Behin eskakizuna beteta eta onartuta, itzulketa\/aldaketa eskaeren inprimakia deskargatu eta bete beharko duzu. Webgunetik zein esteka hontatik lortu dezakezu inprimakia.<\/p>\n<p>Inprimakia inprimatu eta aldaketa\/itzulketaren arrazoia adierazi beharko duzu bertan eskatzen den informazioarekin batera. Piezarekin batera paketean sartu eta bertan adierazita dagoen helbidera bidali beharko duzu.<\/p>\n<p>Es muy importante que no nos mandes ning\u00fan articulo de vuelta sin haber avisado de ello por mail. Estas devoluciones no ser\u00e1n atendidas.<\/p>\n<p>Desafortunadamente, si tu pa\u00eds no est\u00e1 incluido en la lista de pa\u00edses aptos para &#8220;DEVOLUCIONES GRATUITAS&#8221;, deber\u00e1s cubrir los gastos asociados a la devoluci\u00f3n, incluso si deseas cambiar el producto. Los gastos a pagar incluyen el env\u00edo y los impuestos.<\/p>\n<p>&nbsp;<\/p>\n<p><span style=\"text-decoration: underline;\">Noiz jasoko dut nire artikuluaren diru-itzulketa?<\/span><\/p>\n<p>Produktua jaso eta gure itzulketa politikako baldintzak betetzen dituela egiaztatzean ekingo diogu zure eskaeraren diru-itzulketari. Artiguluaren balioa bakarrik itzuliko zaizu.<\/p>\n<p>Itzulketa onartzen bada, autamatikoki egingo da diru-itzulketa zure ordaintze metodoaren arabera. Prozedura guztia egin ostean, mezu elektroniko bat jasoko duzu zure diru-itzulketaren baieztapenarekin.<\/p>\n<p>Orokorrean diru-itzulketak piezak jaso osteko hurrengo astean egiten dira.<\/p>\n<p>*Ez dugu bidalketa gastuen balio itzultzen (ez eta aduanako gastuena)<\/p>\n\n\t\t<\/div>\n\t<\/div>\n<\/div><\/div><\/div><\/div>\n<\/div>","protected":false},"excerpt":{"rendered":"ENV\u00cdOS Los pedidos se procesan el siguiente d\u00eda h\u00e1bil, de lunes a viernes, excluyendo los d\u00edas festivos. Los pedidos recibidos los fines de semana y los d\u00edas festivos se procesar\u00e1n al siguiente d\u00eda h\u00e1bil. Los pedidos se procesan desde Orio, Gipuzkoa. Cuando la orden se complete recibir\u00e1s un email de confirmaci\u00f3n de pedido. Despu\u00e9s, procederemos [...]","protected":false},"author":1,"featured_media":0,"parent":0,"menu_order":0,"comment_status":"closed","ping_status":"closed","template":"","meta":{"inline_featured_image":false,"footnotes":""},"class_list":["post-165","page","type-page","status-publish","hentry"],"yoast_head":"<!-- This site is optimized with the Yoast SEO plugin v27.4 - https:\/\/yoast.com\/product\/yoast-seo-wordpress\/ -->\n<title>Env\u00edos, cambios y devoluciones - LAMA THE LAB<\/title>\n<meta name=\"robots\" content=\"index, follow, max-snippet:-1, max-image-preview:large, max-video-preview:-1\" \/>\n<link rel=\"canonical\" href=\"https:\/\/lamathelab.com\/eus\/envios-cambios-y-devoluciones\/\" \/>\n<meta property=\"og:locale\" content=\"en_US\" \/>\n<meta property=\"og:type\" content=\"article\" \/>\n<meta property=\"og:title\" content=\"Env\u00edos, cambios y devoluciones - LAMA THE LAB\" \/>\n<meta property=\"og:url\" content=\"https:\/\/lamathelab.com\/eus\/envios-cambios-y-devoluciones\/\" \/>\n<meta property=\"og:site_name\" content=\"LAMA THE LAB\" \/>\n<meta property=\"article:publisher\" content=\"https:\/\/www.facebook.com\/LamaTheLab\" \/>\n<meta property=\"article:modified_time\" content=\"2022-09-19T08:48:10+00:00\" \/>\n<meta name=\"twitter:card\" content=\"summary_large_image\" \/>\n<meta name=\"twitter:label1\" content=\"Est. reading time\" \/>\n\t<meta name=\"twitter:data1\" content=\"3 minutua\" \/>\n<script type=\"application\/ld+json\" class=\"yoast-schema-graph\">{\"@context\":\"https:\\\/\\\/schema.org\",\"@graph\":[{\"@type\":\"WebPage\",\"@id\":\"https:\\\/\\\/lamathelab.com\\\/envios-cambios-y-devoluciones\\\/\",\"url\":\"https:\\\/\\\/lamathelab.com\\\/envios-cambios-y-devoluciones\\\/\",\"name\":\"Env\u00edos, cambios y devoluciones - LAMA THE LAB\",\"isPartOf\":{\"@id\":\"https:\\\/\\\/lamathelab.com\\\/#website\"},\"datePublished\":\"2022-09-06T08:35:23+00:00\",\"dateModified\":\"2022-09-19T08:48:10+00:00\",\"breadcrumb\":{\"@id\":\"https:\\\/\\\/lamathelab.com\\\/envios-cambios-y-devoluciones\\\/#breadcrumb\"},\"inLanguage\":\"eu\",\"potentialAction\":[{\"@type\":\"ReadAction\",\"target\":[\"https:\\\/\\\/lamathelab.com\\\/envios-cambios-y-devoluciones\\\/\"]}]},{\"@type\":\"BreadcrumbList\",\"@id\":\"https:\\\/\\\/lamathelab.com\\\/envios-cambios-y-devoluciones\\\/#breadcrumb\",\"itemListElement\":[{\"@type\":\"ListItem\",\"position\":1,\"name\":\"Portada\",\"item\":\"https:\\\/\\\/lamathelab.com\\\/\"},{\"@type\":\"ListItem\",\"position\":2,\"name\":\"Env\u00edos, cambios y devoluciones\"}]},{\"@type\":\"WebSite\",\"@id\":\"https:\\\/\\\/lamathelab.com\\\/#website\",\"url\":\"https:\\\/\\\/lamathelab.com\\\/\",\"name\":\"LAMA THE LAB\",\"description\":\"For a shared life.\",\"publisher\":{\"@id\":\"https:\\\/\\\/lamathelab.com\\\/#organization\"},\"potentialAction\":[{\"@type\":\"SearchAction\",\"target\":{\"@type\":\"EntryPoint\",\"urlTemplate\":\"https:\\\/\\\/lamathelab.com\\\/?s={search_term_string}\"},\"query-input\":{\"@type\":\"PropertyValueSpecification\",\"valueRequired\":true,\"valueName\":\"search_term_string\"}}],\"inLanguage\":\"eu\"},{\"@type\":\"Organization\",\"@id\":\"https:\\\/\\\/lamathelab.com\\\/#organization\",\"name\":\"LAMA THE LAB CLOTHING\",\"url\":\"https:\\\/\\\/lamathelab.com\\\/\",\"logo\":{\"@type\":\"ImageObject\",\"inLanguage\":\"eu\",\"@id\":\"https:\\\/\\\/lamathelab.com\\\/#\\\/schema\\\/logo\\\/image\\\/\",\"url\":\"https:\\\/\\\/lamathelab.com\\\/wp-content\\\/uploads\\\/LAMA-LOGO.jpg\",\"contentUrl\":\"https:\\\/\\\/lamathelab.com\\\/wp-content\\\/uploads\\\/LAMA-LOGO.jpg\",\"width\":1697,\"height\":612,\"caption\":\"LAMA THE LAB CLOTHING\"},\"image\":{\"@id\":\"https:\\\/\\\/lamathelab.com\\\/#\\\/schema\\\/logo\\\/image\\\/\"},\"sameAs\":[\"https:\\\/\\\/www.facebook.com\\\/LamaTheLab\",\"https:\\\/\\\/www.instagram.com\\\/lamathelab\\\/\",\"https:\\\/\\\/www.pinterest.es\\\/lamathelab\\\/\",\"https:\\\/\\\/www.tiktok.com\\\/@lamathelab\"]}]}<\/script>\n<!-- \/ Yoast SEO plugin. -->","yoast_head_json":{"title":"Env\u00edos, cambios y devoluciones - LAMA THE LAB","robots":{"index":"index","follow":"follow","max-snippet":"max-snippet:-1","max-image-preview":"max-image-preview:large","max-video-preview":"max-video-preview:-1"},"canonical":"https:\/\/lamathelab.com\/eus\/envios-cambios-y-devoluciones\/","og_locale":"en_US","og_type":"article","og_title":"Env\u00edos, cambios y devoluciones - LAMA THE LAB","og_url":"https:\/\/lamathelab.com\/eus\/envios-cambios-y-devoluciones\/","og_site_name":"LAMA THE LAB","article_publisher":"https:\/\/www.facebook.com\/LamaTheLab","article_modified_time":"2022-09-19T08:48:10+00:00","twitter_card":"summary_large_image","twitter_misc":{"Est. reading time":"3 minutua"},"schema":{"@context":"https:\/\/schema.org","@graph":[{"@type":"WebPage","@id":"https:\/\/lamathelab.com\/envios-cambios-y-devoluciones\/","url":"https:\/\/lamathelab.com\/envios-cambios-y-devoluciones\/","name":"Env\u00edos, cambios y devoluciones - LAMA THE LAB","isPartOf":{"@id":"https:\/\/lamathelab.com\/#website"},"datePublished":"2022-09-06T08:35:23+00:00","dateModified":"2022-09-19T08:48:10+00:00","breadcrumb":{"@id":"https:\/\/lamathelab.com\/envios-cambios-y-devoluciones\/#breadcrumb"},"inLanguage":"eu","potentialAction":[{"@type":"ReadAction","target":["https:\/\/lamathelab.com\/envios-cambios-y-devoluciones\/"]}]},{"@type":"BreadcrumbList","@id":"https:\/\/lamathelab.com\/envios-cambios-y-devoluciones\/#breadcrumb","itemListElement":[{"@type":"ListItem","position":1,"name":"Portada","item":"https:\/\/lamathelab.com\/"},{"@type":"ListItem","position":2,"name":"Env\u00edos, cambios y devoluciones"}]},{"@type":"WebSite","@id":"https:\/\/lamathelab.com\/#website","url":"https:\/\/lamathelab.com\/","name":"LAMA THE LAB","description":"For a shared life.","publisher":{"@id":"https:\/\/lamathelab.com\/#organization"},"potentialAction":[{"@type":"SearchAction","target":{"@type":"EntryPoint","urlTemplate":"https:\/\/lamathelab.com\/?s={search_term_string}"},"query-input":{"@type":"PropertyValueSpecification","valueRequired":true,"valueName":"search_term_string"}}],"inLanguage":"eu"},{"@type":"Organization","@id":"https:\/\/lamathelab.com\/#organization","name":"LAMA THE LAB CLOTHING","url":"https:\/\/lamathelab.com\/","logo":{"@type":"ImageObject","inLanguage":"eu","@id":"https:\/\/lamathelab.com\/#\/schema\/logo\/image\/","url":"https:\/\/lamathelab.com\/wp-content\/uploads\/LAMA-LOGO.jpg","contentUrl":"https:\/\/lamathelab.com\/wp-content\/uploads\/LAMA-LOGO.jpg","width":1697,"height":612,"caption":"LAMA THE LAB CLOTHING"},"image":{"@id":"https:\/\/lamathelab.com\/#\/schema\/logo\/image\/"},"sameAs":["https:\/\/www.facebook.com\/LamaTheLab","https:\/\/www.instagram.com\/lamathelab\/","https:\/\/www.pinterest.es\/lamathelab\/","https:\/\/www.tiktok.com\/@lamathelab"]}]}},"_links":{"self":[{"href":"https:\/\/lamathelab.com\/eus\/wp-json\/wp\/v2\/pages\/165","targetHints":{"allow":["GET"]}}],"collection":[{"href":"https:\/\/lamathelab.com\/eus\/wp-json\/wp\/v2\/pages"}],"about":[{"href":"https:\/\/lamathelab.com\/eus\/wp-json\/wp\/v2\/types\/page"}],"author":[{"embeddable":true,"href":"https:\/\/lamathelab.com\/eus\/wp-json\/wp\/v2\/users\/1"}],"replies":[{"embeddable":true,"href":"https:\/\/lamathelab.com\/eus\/wp-json\/wp\/v2\/comments?post=165"}],"version-history":[{"count":3,"href":"https:\/\/lamathelab.com\/eus\/wp-json\/wp\/v2\/pages\/165\/revisions"}],"predecessor-version":[{"id":444,"href":"https:\/\/lamathelab.com\/eus\/wp-json\/wp\/v2\/pages\/165\/revisions\/444"}],"wp:attachment":[{"href":"https:\/\/lamathelab.com\/eus\/wp-json\/wp\/v2\/media?parent=165"}],"curies":[{"name":"wp","href":"https:\/\/api.w.org\/{rel}","templated":true}]}}