{"id":633,"date":"2023-07-12T21:08:18","date_gmt":"2023-07-12T21:08:18","guid":{"rendered":"https:\/\/lamathelab.com\/?page_id=633"},"modified":"2024-10-23T12:11:34","modified_gmt":"2024-10-23T12:11:34","slug":"tiendas","status":"publish","type":"page","link":"https:\/\/lamathelab.com\/eus\/tiendas\/","title":{"rendered":"DENDAK"},"content":{"rendered":"<div class=\"wpb-content-wrapper\"><div class=\"vc_row wpb_row vc_row-fluid\"><div class=\"wpb_column vc_column_container vc_col-sm-6\"><div class=\"vc_column-inner\"><div class=\"wpb_wrapper\">\n\t<div  class=\"wpb_single_image wpb_content_element vc_align_center wpb_content_element\">\n\t\t\n\t\t<figure class=\"wpb_wrapper vc_figure\">\n\t\t\t<a href=\"https:\/\/www.instagram.com\/kaira_hondarribia\/?hl=es\" target=\"_blank\" class=\"vc_single_image-wrapper   vc_box_border_grey\"><img decoding=\"async\" class=\"vc_single_image-img\" src=\"https:\/\/lamathelab.com\/wp-content\/uploads\/KAIRA-scaled-600x600.jpeg\" width=\"600\" height=\"600\" alt=\"LAMA - THE LAB Moda sostenible\" title=\"KAIRA\" loading=\"lazy\" \/><\/a>\n\t\t<\/figure>\n\t<\/div>\n\n\t<div class=\"wpb_text_column wpb_content_element\" >\n\t\t<div class=\"wpb_wrapper\">\n\t\t\t<p><strong>KAIRA<\/strong><\/p>\n<p>ZULOAGA 4, HONDARRIBIA<\/p>\n<p>GIPUZKOA, SPAIN<\/p>\n\n\t\t<\/div>\n\t<\/div>\n<\/div><\/div><\/div><div class=\"wpb_column vc_column_container vc_col-sm-6\"><div class=\"vc_column-inner\"><div class=\"wpb_wrapper\">\n\t<div  class=\"wpb_single_image wpb_content_element vc_align_right wpb_content_element\">\n\t\t\n\t\t<figure class=\"wpb_wrapper vc_figure\">\n\t\t\t<a href=\"https:\/\/www.noahazkoitia.com\/\" target=\"_blank\" class=\"vc_single_image-wrapper   vc_box_border_grey\"><img decoding=\"async\" class=\"vc_single_image-img\" src=\"https:\/\/lamathelab.com\/wp-content\/uploads\/NOAH-600x600.jpeg\" width=\"600\" height=\"600\" alt=\"LAMA - THE LAB Moda sostenible\" title=\"NOAH\" loading=\"lazy\" \/><\/a>\n\t\t<\/figure>\n\t<\/div>\n\n\t<div class=\"wpb_text_column wpb_content_element\" >\n\t\t<div class=\"wpb_wrapper\">\n\t\t\t<p><strong>NOAH<\/strong><\/p>\n<p>GUARDIA KALEA 7, AZKOITIA<\/p>\n<p>GIPUZKOA, SPAIN<\/p>\n\n\t\t<\/div>\n\t<\/div>\n<\/div><\/div><\/div><\/div><div class=\"vc_row wpb_row vc_row-fluid\"><div class=\"wpb_column vc_column_container vc_col-sm-6\"><div class=\"vc_column-inner\"><div class=\"wpb_wrapper\">\n\t<div  class=\"wpb_single_image wpb_content_element vc_align_center wpb_content_element\">\n\t\t\n\t\t<figure class=\"wpb_wrapper vc_figure\">\n\t\t\t<a href=\"https:\/\/www.instagram.com\/nessbyestigarcia\/?hl=es\" target=\"_blank\" class=\"vc_single_image-wrapper   vc_box_border_grey\"><img decoding=\"async\" class=\"vc_single_image-img\" src=\"https:\/\/lamathelab.com\/wp-content\/uploads\/NESS-600x600.jpeg\" width=\"600\" height=\"600\" alt=\"LAMA - THE LAB Moda sostenible\" title=\"LAMA - THE LAB Moda sostenible\" loading=\"lazy\" \/><\/a>\n\t\t<\/figure>\n\t<\/div>\n\n\t<div class=\"wpb_text_column wpb_content_element\" >\n\t\t<div class=\"wpb_wrapper\">\n\t\t\t<p><strong>NESS<\/strong><\/p>\n<p>GARAGARTZA PLAZA 5, ORDIZIA<\/p>\n<p>GIPUZKOA, SPAIN<\/p>\n\n\t\t<\/div>\n\t<\/div>\n<\/div><\/div><\/div><div class=\"wpb_column vc_column_container vc_col-sm-6\"><div class=\"vc_column-inner\"><div class=\"wpb_wrapper\">\n\t<div  class=\"wpb_single_image wpb_content_element vc_align_center wpb_content_element\">\n\t\t\n\t\t<figure class=\"wpb_wrapper vc_figure\">\n\t\t\t<a href=\"https:\/\/ulhas.es\/\" target=\"_blank\" class=\"vc_single_image-wrapper   vc_box_border_grey\"><img decoding=\"async\" class=\"vc_single_image-img\" src=\"https:\/\/lamathelab.com\/wp-content\/uploads\/ULHAS-600x600.jpeg\" width=\"600\" height=\"600\" alt=\"LAMA - THE LAB Moda sostenible\" title=\"LAMA - THE LAB Moda sostenible\" loading=\"lazy\" \/><\/a>\n\t\t<\/figure>\n\t<\/div>\n\n\t<div class=\"wpb_text_column wpb_content_element\" >\n\t\t<div class=\"wpb_wrapper\">\n\t\t\t<p><strong>ULHAS<\/strong><\/p>\n<p>ETXAIDE KALEA 1, DONOSTIA-SAN SEBASTI\u00c1N<\/p>\n<p>GIPUZKOA, SPAIN<\/p>\n\n\t\t<\/div>\n\t<\/div>\n<\/div><\/div><\/div><\/div><div class=\"vc_row wpb_row vc_row-fluid\"><div class=\"wpb_column vc_column_container vc_col-sm-6\"><div class=\"vc_column-inner\"><div class=\"wpb_wrapper\">\n\t<div  class=\"wpb_single_image wpb_content_element vc_align_center wpb_content_element\">\n\t\t\n\t\t<figure class=\"wpb_wrapper vc_figure\">\n\t\t\t<a href=\"https:\/\/www.ikhorboutique.com\/\" target=\"_blank\" class=\"vc_single_image-wrapper   vc_box_border_grey\"><img decoding=\"async\" class=\"vc_single_image-img\" src=\"https:\/\/lamathelab.com\/wp-content\/uploads\/IKHOR-600x600.webp\" width=\"600\" height=\"600\" alt=\"LAMA - THE LAB Moda sostenible\" title=\"LAMA - THE LAB Moda sostenible\" loading=\"lazy\" \/><\/a>\n\t\t<\/figure>\n\t<\/div>\n\n\t<div class=\"wpb_text_column wpb_content_element\" >\n\t\t<div class=\"wpb_wrapper\">\n\t\t\t<p><strong>IKHOR<\/strong><\/p>\n<p>GIPUZKOA ITURBIDEA 2 BAJO, IRUN<\/p>\n<p>GIPUZKOA, SPAIN<\/p>\n\n\t\t<\/div>\n\t<\/div>\n<\/div><\/div><\/div><div class=\"wpb_column vc_column_container vc_col-sm-6\"><div class=\"vc_column-inner\"><div class=\"wpb_wrapper\"><\/div><\/div><\/div><\/div><section class=\"vc_section\"><\/section>\n<\/div>","protected":false},"excerpt":{"rendered":"KAIRA ZULOAGA 4, HONDARRIBIA GIPUZKOA, SPAIN NOAH GUARDIA KALEA 7, AZKOITIA GIPUZKOA, SPAIN NESS GARAGARTZA PLAZA 5, ORDIZIA GIPUZKOA, SPAIN ULHAS ETXAIDE KALEA 1, DONOSTIA-SAN SEBASTI\u00c1N GIPUZKOA, SPAIN IKHOR GIPUZKOA ITURBIDEA 2 BAJO, IRUN GIPUZKOA, SPAIN","protected":false},"author":2,"featured_media":0,"parent":0,"menu_order":0,"comment_status":"closed","ping_status":"closed","template":"","meta":{"inline_featured_image":false,"footnotes":""},"class_list":["post-633","page","type-page","status-publish","hentry"],"yoast_head":"<!-- This site is optimized with the Yoast SEO plugin v27.4 - https:\/\/yoast.com\/product\/yoast-seo-wordpress\/ -->\n<title>Tiendas LAMA THE LAB | Localiza Nuestras Tiendas<\/title>\n<meta name=\"description\" content=\"Descubre las tiendas de LAMA THE LAB. Encuentra moda para mujer joven en nuestras ubicaciones f\u00edsicas. Vis\u00edtanos y disfruta de una experiencia de compra \u00fanica en ropa y accesorios de tendencia.\" \/>\n<meta name=\"robots\" content=\"index, follow, max-snippet:-1, max-image-preview:large, max-video-preview:-1\" \/>\n<link rel=\"canonical\" href=\"https:\/\/lamathelab.com\/eus\/tiendas\/\" \/>\n<meta property=\"og:locale\" content=\"en_US\" \/>\n<meta property=\"og:type\" content=\"article\" \/>\n<meta property=\"og:title\" content=\"Tiendas LAMA THE LAB | Localiza Nuestras Tiendas\" \/>\n<meta property=\"og:description\" content=\"Descubre las tiendas de LAMA THE LAB. Encuentra moda para mujer joven en nuestras ubicaciones f\u00edsicas. Vis\u00edtanos y disfruta de una experiencia de compra \u00fanica en ropa y accesorios de tendencia.\" \/>\n<meta property=\"og:url\" content=\"https:\/\/lamathelab.com\/eus\/tiendas\/\" \/>\n<meta property=\"og:site_name\" content=\"LAMA THE LAB\" \/>\n<meta property=\"article:publisher\" content=\"https:\/\/www.facebook.com\/LamaTheLab\" \/>\n<meta property=\"article:modified_time\" content=\"2024-10-23T12:11:34+00:00\" \/>\n<meta name=\"twitter:card\" content=\"summary_large_image\" \/>\n<meta name=\"twitter:label1\" content=\"Est. reading time\" \/>\n\t<meta name=\"twitter:data1\" content=\"1 minutua\" \/>\n<script type=\"application\/ld+json\" class=\"yoast-schema-graph\">{\"@context\":\"https:\\\/\\\/schema.org\",\"@graph\":[{\"@type\":\"WebPage\",\"@id\":\"https:\\\/\\\/lamathelab.com\\\/tiendas\\\/\",\"url\":\"https:\\\/\\\/lamathelab.com\\\/tiendas\\\/\",\"name\":\"Tiendas LAMA THE LAB | Localiza Nuestras Tiendas\",\"isPartOf\":{\"@id\":\"https:\\\/\\\/lamathelab.com\\\/#website\"},\"datePublished\":\"2023-07-12T21:08:18+00:00\",\"dateModified\":\"2024-10-23T12:11:34+00:00\",\"description\":\"Descubre las tiendas de LAMA THE LAB. Encuentra moda para mujer joven en nuestras ubicaciones f\u00edsicas. Vis\u00edtanos y disfruta de una experiencia de compra \u00fanica en ropa y accesorios de tendencia.\",\"breadcrumb\":{\"@id\":\"https:\\\/\\\/lamathelab.com\\\/tiendas\\\/#breadcrumb\"},\"inLanguage\":\"eu\",\"potentialAction\":[{\"@type\":\"ReadAction\",\"target\":[\"https:\\\/\\\/lamathelab.com\\\/tiendas\\\/\"]}]},{\"@type\":\"BreadcrumbList\",\"@id\":\"https:\\\/\\\/lamathelab.com\\\/tiendas\\\/#breadcrumb\",\"itemListElement\":[{\"@type\":\"ListItem\",\"position\":1,\"name\":\"Portada\",\"item\":\"https:\\\/\\\/lamathelab.com\\\/\"},{\"@type\":\"ListItem\",\"position\":2,\"name\":\"TIENDAS\"}]},{\"@type\":\"WebSite\",\"@id\":\"https:\\\/\\\/lamathelab.com\\\/#website\",\"url\":\"https:\\\/\\\/lamathelab.com\\\/\",\"name\":\"LAMA THE LAB\",\"description\":\"For a shared life.\",\"publisher\":{\"@id\":\"https:\\\/\\\/lamathelab.com\\\/#organization\"},\"potentialAction\":[{\"@type\":\"SearchAction\",\"target\":{\"@type\":\"EntryPoint\",\"urlTemplate\":\"https:\\\/\\\/lamathelab.com\\\/?s={search_term_string}\"},\"query-input\":{\"@type\":\"PropertyValueSpecification\",\"valueRequired\":true,\"valueName\":\"search_term_string\"}}],\"inLanguage\":\"eu\"},{\"@type\":\"Organization\",\"@id\":\"https:\\\/\\\/lamathelab.com\\\/#organization\",\"name\":\"LAMA THE LAB CLOTHING\",\"url\":\"https:\\\/\\\/lamathelab.com\\\/\",\"logo\":{\"@type\":\"ImageObject\",\"inLanguage\":\"eu\",\"@id\":\"https:\\\/\\\/lamathelab.com\\\/#\\\/schema\\\/logo\\\/image\\\/\",\"url\":\"https:\\\/\\\/lamathelab.com\\\/wp-content\\\/uploads\\\/LAMA-LOGO.jpg\",\"contentUrl\":\"https:\\\/\\\/lamathelab.com\\\/wp-content\\\/uploads\\\/LAMA-LOGO.jpg\",\"width\":1697,\"height\":612,\"caption\":\"LAMA THE LAB CLOTHING\"},\"image\":{\"@id\":\"https:\\\/\\\/lamathelab.com\\\/#\\\/schema\\\/logo\\\/image\\\/\"},\"sameAs\":[\"https:\\\/\\\/www.facebook.com\\\/LamaTheLab\",\"https:\\\/\\\/www.instagram.com\\\/lamathelab\\\/\",\"https:\\\/\\\/www.pinterest.es\\\/lamathelab\\\/\",\"https:\\\/\\\/www.tiktok.com\\\/@lamathelab\"]}]}<\/script>\n<!-- \/ Yoast SEO plugin. -->","yoast_head_json":{"title":"Tiendas LAMA THE LAB | Localiza Nuestras Tiendas","description":"Descubre las tiendas de LAMA THE LAB. Encuentra moda para mujer joven en nuestras ubicaciones f\u00edsicas. Vis\u00edtanos y disfruta de una experiencia de compra \u00fanica en ropa y accesorios de tendencia.","robots":{"index":"index","follow":"follow","max-snippet":"max-snippet:-1","max-image-preview":"max-image-preview:large","max-video-preview":"max-video-preview:-1"},"canonical":"https:\/\/lamathelab.com\/eus\/tiendas\/","og_locale":"en_US","og_type":"article","og_title":"Tiendas LAMA THE LAB | Localiza Nuestras Tiendas","og_description":"Descubre las tiendas de LAMA THE LAB. Encuentra moda para mujer joven en nuestras ubicaciones f\u00edsicas. Vis\u00edtanos y disfruta de una experiencia de compra \u00fanica en ropa y accesorios de tendencia.","og_url":"https:\/\/lamathelab.com\/eus\/tiendas\/","og_site_name":"LAMA THE LAB","article_publisher":"https:\/\/www.facebook.com\/LamaTheLab","article_modified_time":"2024-10-23T12:11:34+00:00","twitter_card":"summary_large_image","twitter_misc":{"Est. reading time":"1 minutua"},"schema":{"@context":"https:\/\/schema.org","@graph":[{"@type":"WebPage","@id":"https:\/\/lamathelab.com\/tiendas\/","url":"https:\/\/lamathelab.com\/tiendas\/","name":"Tiendas LAMA THE LAB | Localiza Nuestras Tiendas","isPartOf":{"@id":"https:\/\/lamathelab.com\/#website"},"datePublished":"2023-07-12T21:08:18+00:00","dateModified":"2024-10-23T12:11:34+00:00","description":"Descubre las tiendas de LAMA THE LAB. Encuentra moda para mujer joven en nuestras ubicaciones f\u00edsicas. Vis\u00edtanos y disfruta de una experiencia de compra \u00fanica en ropa y accesorios de tendencia.","breadcrumb":{"@id":"https:\/\/lamathelab.com\/tiendas\/#breadcrumb"},"inLanguage":"eu","potentialAction":[{"@type":"ReadAction","target":["https:\/\/lamathelab.com\/tiendas\/"]}]},{"@type":"BreadcrumbList","@id":"https:\/\/lamathelab.com\/tiendas\/#breadcrumb","itemListElement":[{"@type":"ListItem","position":1,"name":"Portada","item":"https:\/\/lamathelab.com\/"},{"@type":"ListItem","position":2,"name":"TIENDAS"}]},{"@type":"WebSite","@id":"https:\/\/lamathelab.com\/#website","url":"https:\/\/lamathelab.com\/","name":"LAMA THE LAB","description":"For a shared life.","publisher":{"@id":"https:\/\/lamathelab.com\/#organization"},"potentialAction":[{"@type":"SearchAction","target":{"@type":"EntryPoint","urlTemplate":"https:\/\/lamathelab.com\/?s={search_term_string}"},"query-input":{"@type":"PropertyValueSpecification","valueRequired":true,"valueName":"search_term_string"}}],"inLanguage":"eu"},{"@type":"Organization","@id":"https:\/\/lamathelab.com\/#organization","name":"LAMA THE LAB CLOTHING","url":"https:\/\/lamathelab.com\/","logo":{"@type":"ImageObject","inLanguage":"eu","@id":"https:\/\/lamathelab.com\/#\/schema\/logo\/image\/","url":"https:\/\/lamathelab.com\/wp-content\/uploads\/LAMA-LOGO.jpg","contentUrl":"https:\/\/lamathelab.com\/wp-content\/uploads\/LAMA-LOGO.jpg","width":1697,"height":612,"caption":"LAMA THE LAB CLOTHING"},"image":{"@id":"https:\/\/lamathelab.com\/#\/schema\/logo\/image\/"},"sameAs":["https:\/\/www.facebook.com\/LamaTheLab","https:\/\/www.instagram.com\/lamathelab\/","https:\/\/www.pinterest.es\/lamathelab\/","https:\/\/www.tiktok.com\/@lamathelab"]}]}},"_links":{"self":[{"href":"https:\/\/lamathelab.com\/eus\/wp-json\/wp\/v2\/pages\/633","targetHints":{"allow":["GET"]}}],"collection":[{"href":"https:\/\/lamathelab.com\/eus\/wp-json\/wp\/v2\/pages"}],"about":[{"href":"https:\/\/lamathelab.com\/eus\/wp-json\/wp\/v2\/types\/page"}],"author":[{"embeddable":true,"href":"https:\/\/lamathelab.com\/eus\/wp-json\/wp\/v2\/users\/2"}],"replies":[{"embeddable":true,"href":"https:\/\/lamathelab.com\/eus\/wp-json\/wp\/v2\/comments?post=633"}],"version-history":[{"count":18,"href":"https:\/\/lamathelab.com\/eus\/wp-json\/wp\/v2\/pages\/633\/revisions"}],"predecessor-version":[{"id":680,"href":"https:\/\/lamathelab.com\/eus\/wp-json\/wp\/v2\/pages\/633\/revisions\/680"}],"wp:attachment":[{"href":"https:\/\/lamathelab.com\/eus\/wp-json\/wp\/v2\/media?parent=633"}],"curies":[{"name":"wp","href":"https:\/\/api.w.org\/{rel}","templated":true}]}}