{"id":104,"date":"2022-07-21T15:50:48","date_gmt":"2022-07-21T15:50:48","guid":{"rendered":"http:\/\/lamathelab.com\/?post_type=product&#038;p=104"},"modified":"2025-05-13T11:11:55","modified_gmt":"2025-05-13T11:11:55","slug":"banako","status":"publish","type":"product","link":"https:\/\/lamathelab.com\/eus\/shop\/banako\/","title":{"rendered":"BANAKO"},"content":{"rendered":"<div class=\"wpb-content-wrapper\"><div class=\"vc_row wpb_row vc_row-fluid\"><div class=\"wpb_column vc_column_container vc_col-sm-4\"><div class=\"vc_column-inner\"><div class=\"wpb_wrapper\">\n\t<div class=\"wpb_text_column wpb_content_element\" >\n\t\t<div class=\"wpb_wrapper\">\n\t\t\t<p>DETAILEAK:<\/p>\n<p>\u2022 Euskal Herrian diseinatua<\/p>\n<p>\u2022 Bartzelona inguruetan produzitua<\/p>\n<p>\u2022 Logo brodatua ezerreko maukan<\/p>\n\n\t\t<\/div>\n\t<\/div>\n<\/div><\/div><\/div><div class=\"wpb_column vc_column_container vc_col-sm-4\"><div class=\"vc_column-inner\"><div class=\"wpb_wrapper\">\n\t<div class=\"wpb_text_column wpb_content_element\" >\n\t\t<div class=\"wpb_wrapper\">\n\t\t\t<p>LEHENGAIAK:<\/p>\n<p>95% Kotoi organikoa, 5% Elastanoa.<\/p>\n\n\t\t<\/div>\n\t<\/div>\n<\/div><\/div><\/div><div class=\"wpb_column vc_column_container vc_col-sm-4\"><div class=\"vc_column-inner\"><div class=\"wpb_wrapper\">\n\t<div class=\"wpb_text_column wpb_content_element\" >\n\t\t<div class=\"wpb_wrapper\">\n\t\t\t<p>ZAINTZA:<\/p>\n<p>Zure arropak zaindu! Ez duzu planeta soilik babestuko, zure arroparen bizitza ere luzatuko duzu.<\/p>\n<p><a href=\"\/eus\/sostenibilidad\/\">Informazio gehiago hemen.<\/a>.<\/p>\n<p>Zure Banako kamiseta arropa zuriarekin 30\u00baC-tan garbitzea gomendatzen dizugu.<\/p>\n\n\t\t<\/div>\n\t<\/div>\n<\/div><\/div><\/div><\/div><div class=\"vc_row wpb_row vc_row-fluid\"><div class=\"wpb_column vc_column_container vc_col-sm-6\"><div class=\"vc_column-inner\"><div class=\"wpb_wrapper\">\n\t<div class=\"wpb_text_column wpb_content_element\" >\n\t\t<div class=\"wpb_wrapper\">\n\t\t\t<p>JASANGARRITASUNA:<\/p>\n<p>Hurrengo <a href=\"\/eus\/sostenibilidad\/\">ziurtagiriak ditugu<\/a>:<\/p>\n\n\t\t<\/div>\n\t<\/div>\n<\/div><\/div><\/div><\/div><div class=\"vc_row wpb_row vc_row-fluid\"><div class=\"wpb_column vc_column_container vc_col-sm-4 vc_col-xs-4\"><div class=\"vc_column-inner\"><div class=\"wpb_wrapper\">\n\t<div  class=\"wpb_single_image wpb_content_element vc_align_left wpb_content_element\">\n\t\t\n\t\t<figure class=\"wpb_wrapper vc_figure\">\n\t\t\t<div class=\"vc_single_image-wrapper   vc_box_border_grey\"><img loading=\"lazy\" decoding=\"async\" width=\"540\" height=\"414\" src=\"https:\/\/lamathelab.com\/wp-content\/uploads\/organic.png\" class=\"vc_single_image-img attachment-full\" alt=\"\" title=\"organic\" srcset=\"https:\/\/lamathelab.com\/wp-content\/uploads\/organic.png 540w, https:\/\/lamathelab.com\/wp-content\/uploads\/organic-16x12.png 16w\" sizes=\"auto, (max-width: 540px) 100vw, 540px\" \/><\/div>\n\t\t<\/figure>\n\t<\/div>\n<\/div><\/div><\/div><\/div><div class=\"vc_row wpb_row vc_row-fluid guiadetallas\"><div class=\"wpb_column vc_column_container vc_col-sm-12\"><div class=\"vc_column-inner\"><div class=\"wpb_wrapper\">\n\t<div  class=\"wpb_single_image wpb_content_element vc_align_left wpb_content_element\">\n\t\t\n\t\t<figure class=\"wpb_wrapper vc_figure\">\n\t\t\t<div class=\"vc_single_image-wrapper   vc_box_border_grey\"><img loading=\"lazy\" decoding=\"async\" width=\"1241\" height=\"524\" src=\"https:\/\/lamathelab.com\/wp-content\/uploads\/tallas_camiseta.png\" class=\"vc_single_image-img attachment-full\" alt=\"\" title=\"tallas_camiseta\" srcset=\"https:\/\/lamathelab.com\/wp-content\/uploads\/tallas_camiseta.png 1241w, https:\/\/lamathelab.com\/wp-content\/uploads\/tallas_camiseta-450x190.png 450w, https:\/\/lamathelab.com\/wp-content\/uploads\/tallas_camiseta-600x253.png 600w, https:\/\/lamathelab.com\/wp-content\/uploads\/tallas_camiseta-768x324.png 768w, https:\/\/lamathelab.com\/wp-content\/uploads\/tallas_camiseta-18x8.png 18w\" sizes=\"auto, (max-width: 1241px) 100vw, 1241px\" \/><\/div>\n\t\t<\/figure>\n\t<\/div>\n\n\t<div class=\"wpb_text_column wpb_content_element\" >\n\t\t<div class=\"wpb_wrapper\">\n\t\t\t\n<table id=\"tablepress-camiseta\" class=\"tablepress tablepress-id-camiseta\">\n<thead>\n<tr class=\"row-1\">\n\t<th class=\"column-1\">DESKRIBAPENA<\/th><th class=\"column-2\">REF.<\/th><th class=\"column-3\">S<\/th><th class=\"column-4\">M<\/th><th class=\"column-5\">L<\/th><th class=\"column-6\">XL<\/th>\n<\/tr>\n<\/thead>\n<tbody class=\"row-striping row-hover\">\n<tr class=\"row-2\">\n\t<td class=\"column-1\">Barren zabalera<\/td><td class=\"column-2\">A<\/td><td class=\"column-3\">48<\/td><td class=\"column-4\">50<\/td><td class=\"column-5\">52<\/td><td class=\"column-6\">53<\/td>\n<\/tr>\n<tr class=\"row-3\">\n\t<td class=\"column-1\">Bularra<\/td><td class=\"column-2\">B<\/td><td class=\"column-3\">47<\/td><td class=\"column-4\">50<\/td><td class=\"column-5\">51,5<\/td><td class=\"column-6\">53<\/td>\n<\/tr>\n<tr class=\"row-4\">\n\t<td class=\"column-1\">Mahuka luzera<\/td><td class=\"column-2\">C<\/td><td class=\"column-3\">21<\/td><td class=\"column-4\">21<\/td><td class=\"column-5\">21<\/td><td class=\"column-6\">22<\/td>\n<\/tr>\n<tr class=\"row-5\">\n\t<td class=\"column-1\">Sorbalda luzera<\/td><td class=\"column-2\">D<\/td><td class=\"column-3\">10,5<\/td><td class=\"column-4\">10,5<\/td><td class=\"column-5\">10,5<\/td><td class=\"column-6\">11<\/td>\n<\/tr>\n<tr class=\"row-6\">\n\t<td class=\"column-1\">Luzera<\/td><td class=\"column-2\">E<\/td><td class=\"column-3\">54,5<\/td><td class=\"column-4\">55<\/td><td class=\"column-5\">55<\/td><td class=\"column-6\">57<\/td>\n<\/tr>\n<tr class=\"row-7\">\n\t<td class=\"column-1\">Mahukaren zabalera<\/td><td class=\"column-2\">F<\/td><td class=\"column-3\">15<\/td><td class=\"column-4\">15<\/td><td class=\"column-5\">16<\/td><td class=\"column-6\">16<\/td>\n<\/tr>\n<tr class=\"row-8\">\n\t<td class=\"column-1\">Lepoa<\/td><td class=\"column-2\">G<\/td><td class=\"column-3\">15<\/td><td class=\"column-4\">15<\/td><td class=\"column-5\">15<\/td><td class=\"column-6\">16<\/td>\n<\/tr>\n<\/tbody>\n<\/table>\n<!-- #tablepress-camiseta from cache -->\n\n\t\t<\/div>\n\t<\/div>\n<\/div><\/div><\/div><\/div>\n<\/div>","protected":false},"excerpt":{"rendered":"<p class=\"p1\">Kotoi organikoz eginiko forma zuzeneko kamiseta. Lepo borobila du ertz zabalarekin, mauka motzak ezkerrean logo brodatuarekin. Aldakarainoko luzeera. Bere diseinu atenporalak edozein look osatzeko balio du. Edozein armairutarako basiko bat, sasoi guztietarako egokia. Bular aldean Lama The Laben ilustrazio esklusibo bat du brodatua.<\/p>\n<p class=\"p1\">Zure ohiko taila hartzea gomendatzen dizugu.<\/p>\n<p>&nbsp;<\/p>\n<div class=\"guiaboton\">NEURRIEN GIDA<\/div>","protected":false},"featured_media":392,"template":"","meta":{"inline_featured_image":false},"product_brand":[],"product_cat":[17],"product_tag":[],"class_list":{"0":"post-104","1":"product","2":"type-product","3":"status-publish","4":"has-post-thumbnail","6":"product_cat-camisetas","8":"first","9":"instock","10":"sale","11":"taxable","12":"shipping-taxable","13":"purchasable","14":"product-type-variable"},"yoast_head":"<!-- This site is optimized with the Yoast SEO plugin v27.4 - https:\/\/yoast.com\/product\/yoast-seo-wordpress\/ -->\n<title>Camiseta de mujer BANAKO |Moda joven|Ropa sostenible|LAMA THE LAB<\/title>\n<meta name=\"description\" content=\"Camiseta de manga corta, corte recto y cuello redondo con dise\u00f1o atemporal que permite completar cualquier look sea para el d\u00eda como para la noche. Dise\u00f1o exclusivo de Lama the Lab, firma de moda sostenible del Pa\u00eds Vasco.\" \/>\n<meta name=\"robots\" content=\"index, follow, max-snippet:-1, max-image-preview:large, max-video-preview:-1\" \/>\n<link rel=\"canonical\" href=\"https:\/\/lamathelab.com\/eus\/shop\/banako\/\" \/>\n<meta property=\"og:locale\" content=\"en_US\" \/>\n<meta property=\"og:type\" content=\"article\" \/>\n<meta property=\"og:title\" content=\"Camiseta de mujer BANAKO |Moda joven|Ropa sostenible|LAMA THE LAB\" \/>\n<meta property=\"og:description\" content=\"Camiseta de manga corta, corte recto y cuello redondo con dise\u00f1o atemporal que permite completar cualquier look sea para el d\u00eda como para la noche. Dise\u00f1o exclusivo de Lama the Lab, firma de moda sostenible del Pa\u00eds Vasco.\" \/>\n<meta property=\"og:url\" content=\"https:\/\/lamathelab.com\/eus\/shop\/banako\/\" \/>\n<meta property=\"og:site_name\" content=\"LAMA THE LAB\" \/>\n<meta property=\"article:publisher\" content=\"https:\/\/www.facebook.com\/LamaTheLab\" \/>\n<meta property=\"article:modified_time\" content=\"2025-05-13T11:11:55+00:00\" \/>\n<meta property=\"og:image\" content=\"https:\/\/lamathelab.com\/wp-content\/uploads\/1-1-2.jpeg\" \/>\n\t<meta property=\"og:image:width\" content=\"1280\" \/>\n\t<meta property=\"og:image:height\" content=\"1920\" \/>\n\t<meta property=\"og:image:type\" content=\"image\/jpeg\" \/>\n<meta name=\"twitter:card\" content=\"summary_large_image\" \/>\n<meta name=\"twitter:label1\" content=\"Est. reading time\" \/>\n\t<meta name=\"twitter:data1\" content=\"1 minutua\" \/>\n<script type=\"application\/ld+json\" class=\"yoast-schema-graph\">{\"@context\":\"https:\\\/\\\/schema.org\",\"@graph\":[{\"@type\":\"WebPage\",\"@id\":\"https:\\\/\\\/lamathelab.com\\\/shop\\\/banako\\\/\",\"url\":\"https:\\\/\\\/lamathelab.com\\\/shop\\\/banako\\\/\",\"name\":\"Camiseta de mujer BANAKO |Moda joven|Ropa sostenible|LAMA THE LAB\",\"isPartOf\":{\"@id\":\"https:\\\/\\\/lamathelab.com\\\/#website\"},\"primaryImageOfPage\":{\"@id\":\"https:\\\/\\\/lamathelab.com\\\/shop\\\/banako\\\/#primaryimage\"},\"image\":{\"@id\":\"https:\\\/\\\/lamathelab.com\\\/shop\\\/banako\\\/#primaryimage\"},\"thumbnailUrl\":\"https:\\\/\\\/lamathelab.com\\\/wp-content\\\/uploads\\\/1-1-2.jpeg\",\"datePublished\":\"2022-07-21T15:50:48+00:00\",\"dateModified\":\"2025-05-13T11:11:55+00:00\",\"description\":\"Camiseta de manga corta, corte recto y cuello redondo con dise\u00f1o atemporal que permite completar cualquier look sea para el d\u00eda como para la noche. Dise\u00f1o exclusivo de Lama the Lab, firma de moda sostenible del Pa\u00eds Vasco.\",\"breadcrumb\":{\"@id\":\"https:\\\/\\\/lamathelab.com\\\/shop\\\/banako\\\/#breadcrumb\"},\"inLanguage\":\"eu\",\"potentialAction\":[{\"@type\":\"ReadAction\",\"target\":[\"https:\\\/\\\/lamathelab.com\\\/shop\\\/banako\\\/\"]}]},{\"@type\":\"ImageObject\",\"inLanguage\":\"eu\",\"@id\":\"https:\\\/\\\/lamathelab.com\\\/shop\\\/banako\\\/#primaryimage\",\"url\":\"https:\\\/\\\/lamathelab.com\\\/wp-content\\\/uploads\\\/1-1-2.jpeg\",\"contentUrl\":\"https:\\\/\\\/lamathelab.com\\\/wp-content\\\/uploads\\\/1-1-2.jpeg\",\"width\":1280,\"height\":1920,\"caption\":\"LAMA - THE LAB Moda sostenible\"},{\"@type\":\"BreadcrumbList\",\"@id\":\"https:\\\/\\\/lamathelab.com\\\/shop\\\/banako\\\/#breadcrumb\",\"itemListElement\":[{\"@type\":\"ListItem\",\"position\":1,\"name\":\"Portada\",\"item\":\"https:\\\/\\\/lamathelab.com\\\/\"},{\"@type\":\"ListItem\",\"position\":2,\"name\":\"Shop\",\"item\":\"https:\\\/\\\/lamathelab.com\\\/shop\\\/\"},{\"@type\":\"ListItem\",\"position\":3,\"name\":\"BANAKO\"}]},{\"@type\":\"WebSite\",\"@id\":\"https:\\\/\\\/lamathelab.com\\\/#website\",\"url\":\"https:\\\/\\\/lamathelab.com\\\/\",\"name\":\"LAMA THE LAB\",\"description\":\"For a shared life.\",\"publisher\":{\"@id\":\"https:\\\/\\\/lamathelab.com\\\/#organization\"},\"potentialAction\":[{\"@type\":\"SearchAction\",\"target\":{\"@type\":\"EntryPoint\",\"urlTemplate\":\"https:\\\/\\\/lamathelab.com\\\/?s={search_term_string}\"},\"query-input\":{\"@type\":\"PropertyValueSpecification\",\"valueRequired\":true,\"valueName\":\"search_term_string\"}}],\"inLanguage\":\"eu\"},{\"@type\":\"Organization\",\"@id\":\"https:\\\/\\\/lamathelab.com\\\/#organization\",\"name\":\"LAMA THE LAB CLOTHING\",\"url\":\"https:\\\/\\\/lamathelab.com\\\/\",\"logo\":{\"@type\":\"ImageObject\",\"inLanguage\":\"eu\",\"@id\":\"https:\\\/\\\/lamathelab.com\\\/#\\\/schema\\\/logo\\\/image\\\/\",\"url\":\"https:\\\/\\\/lamathelab.com\\\/wp-content\\\/uploads\\\/LAMA-LOGO.jpg\",\"contentUrl\":\"https:\\\/\\\/lamathelab.com\\\/wp-content\\\/uploads\\\/LAMA-LOGO.jpg\",\"width\":1697,\"height\":612,\"caption\":\"LAMA THE LAB CLOTHING\"},\"image\":{\"@id\":\"https:\\\/\\\/lamathelab.com\\\/#\\\/schema\\\/logo\\\/image\\\/\"},\"sameAs\":[\"https:\\\/\\\/www.facebook.com\\\/LamaTheLab\",\"https:\\\/\\\/www.instagram.com\\\/lamathelab\\\/\",\"https:\\\/\\\/www.pinterest.es\\\/lamathelab\\\/\",\"https:\\\/\\\/www.tiktok.com\\\/@lamathelab\"]}]}<\/script>\n<!-- \/ Yoast SEO plugin. -->","yoast_head_json":{"title":"Camiseta de mujer BANAKO |Moda joven|Ropa sostenible|LAMA THE LAB","description":"Camiseta de manga corta, corte recto y cuello redondo con dise\u00f1o atemporal que permite completar cualquier look sea para el d\u00eda como para la noche. Dise\u00f1o exclusivo de Lama the Lab, firma de moda sostenible del Pa\u00eds Vasco.","robots":{"index":"index","follow":"follow","max-snippet":"max-snippet:-1","max-image-preview":"max-image-preview:large","max-video-preview":"max-video-preview:-1"},"canonical":"https:\/\/lamathelab.com\/eus\/shop\/banako\/","og_locale":"en_US","og_type":"article","og_title":"Camiseta de mujer BANAKO |Moda joven|Ropa sostenible|LAMA THE LAB","og_description":"Camiseta de manga corta, corte recto y cuello redondo con dise\u00f1o atemporal que permite completar cualquier look sea para el d\u00eda como para la noche. Dise\u00f1o exclusivo de Lama the Lab, firma de moda sostenible del Pa\u00eds Vasco.","og_url":"https:\/\/lamathelab.com\/eus\/shop\/banako\/","og_site_name":"LAMA THE LAB","article_publisher":"https:\/\/www.facebook.com\/LamaTheLab","article_modified_time":"2025-05-13T11:11:55+00:00","og_image":[{"width":1280,"height":1920,"url":"https:\/\/lamathelab.com\/wp-content\/uploads\/1-1-2.jpeg","type":"image\/jpeg"}],"twitter_card":"summary_large_image","twitter_misc":{"Est. reading time":"1 minutua"},"schema":{"@context":"https:\/\/schema.org","@graph":[{"@type":"WebPage","@id":"https:\/\/lamathelab.com\/shop\/banako\/","url":"https:\/\/lamathelab.com\/shop\/banako\/","name":"Camiseta de mujer BANAKO |Moda joven|Ropa sostenible|LAMA THE LAB","isPartOf":{"@id":"https:\/\/lamathelab.com\/#website"},"primaryImageOfPage":{"@id":"https:\/\/lamathelab.com\/shop\/banako\/#primaryimage"},"image":{"@id":"https:\/\/lamathelab.com\/shop\/banako\/#primaryimage"},"thumbnailUrl":"https:\/\/lamathelab.com\/wp-content\/uploads\/1-1-2.jpeg","datePublished":"2022-07-21T15:50:48+00:00","dateModified":"2025-05-13T11:11:55+00:00","description":"Camiseta de manga corta, corte recto y cuello redondo con dise\u00f1o atemporal que permite completar cualquier look sea para el d\u00eda como para la noche. Dise\u00f1o exclusivo de Lama the Lab, firma de moda sostenible del Pa\u00eds Vasco.","breadcrumb":{"@id":"https:\/\/lamathelab.com\/shop\/banako\/#breadcrumb"},"inLanguage":"eu","potentialAction":[{"@type":"ReadAction","target":["https:\/\/lamathelab.com\/shop\/banako\/"]}]},{"@type":"ImageObject","inLanguage":"eu","@id":"https:\/\/lamathelab.com\/shop\/banako\/#primaryimage","url":"https:\/\/lamathelab.com\/wp-content\/uploads\/1-1-2.jpeg","contentUrl":"https:\/\/lamathelab.com\/wp-content\/uploads\/1-1-2.jpeg","width":1280,"height":1920,"caption":"LAMA - THE LAB Moda sostenible"},{"@type":"BreadcrumbList","@id":"https:\/\/lamathelab.com\/shop\/banako\/#breadcrumb","itemListElement":[{"@type":"ListItem","position":1,"name":"Portada","item":"https:\/\/lamathelab.com\/"},{"@type":"ListItem","position":2,"name":"Shop","item":"https:\/\/lamathelab.com\/shop\/"},{"@type":"ListItem","position":3,"name":"BANAKO"}]},{"@type":"WebSite","@id":"https:\/\/lamathelab.com\/#website","url":"https:\/\/lamathelab.com\/","name":"LAMA THE LAB","description":"For a shared life.","publisher":{"@id":"https:\/\/lamathelab.com\/#organization"},"potentialAction":[{"@type":"SearchAction","target":{"@type":"EntryPoint","urlTemplate":"https:\/\/lamathelab.com\/?s={search_term_string}"},"query-input":{"@type":"PropertyValueSpecification","valueRequired":true,"valueName":"search_term_string"}}],"inLanguage":"eu"},{"@type":"Organization","@id":"https:\/\/lamathelab.com\/#organization","name":"LAMA THE LAB CLOTHING","url":"https:\/\/lamathelab.com\/","logo":{"@type":"ImageObject","inLanguage":"eu","@id":"https:\/\/lamathelab.com\/#\/schema\/logo\/image\/","url":"https:\/\/lamathelab.com\/wp-content\/uploads\/LAMA-LOGO.jpg","contentUrl":"https:\/\/lamathelab.com\/wp-content\/uploads\/LAMA-LOGO.jpg","width":1697,"height":612,"caption":"LAMA THE LAB CLOTHING"},"image":{"@id":"https:\/\/lamathelab.com\/#\/schema\/logo\/image\/"},"sameAs":["https:\/\/www.facebook.com\/LamaTheLab","https:\/\/www.instagram.com\/lamathelab\/","https:\/\/www.pinterest.es\/lamathelab\/","https:\/\/www.tiktok.com\/@lamathelab"]}]}},"_links":{"self":[{"href":"https:\/\/lamathelab.com\/eus\/wp-json\/wp\/v2\/product\/104","targetHints":{"allow":["GET"]}}],"collection":[{"href":"https:\/\/lamathelab.com\/eus\/wp-json\/wp\/v2\/product"}],"about":[{"href":"https:\/\/lamathelab.com\/eus\/wp-json\/wp\/v2\/types\/product"}],"wp:featuredmedia":[{"embeddable":true,"href":"https:\/\/lamathelab.com\/eus\/wp-json\/wp\/v2\/media\/392"}],"wp:attachment":[{"href":"https:\/\/lamathelab.com\/eus\/wp-json\/wp\/v2\/media?parent=104"}],"wp:term":[{"taxonomy":"product_brand","embeddable":true,"href":"https:\/\/lamathelab.com\/eus\/wp-json\/wp\/v2\/product_brand?post=104"},{"taxonomy":"product_cat","embeddable":true,"href":"https:\/\/lamathelab.com\/eus\/wp-json\/wp\/v2\/product_cat?post=104"},{"taxonomy":"product_tag","embeddable":true,"href":"https:\/\/lamathelab.com\/eus\/wp-json\/wp\/v2\/product_tag?post=104"}],"curies":[{"name":"wp","href":"https:\/\/api.w.org\/{rel}","templated":true}]}}