{"id":228,"date":"2022-09-07T15:19:07","date_gmt":"2022-09-07T15:19:07","guid":{"rendered":"https:\/\/lamathelab.com\/?post_type=product&#038;p=228"},"modified":"2025-05-13T11:11:54","modified_gmt":"2025-05-13T11:11:54","slug":"lau-arin","status":"publish","type":"product","link":"https:\/\/lamathelab.com\/eus\/shop\/lau-arin\/","title":{"rendered":"LAU ARIN"},"content":{"rendered":"<div class=\"wpb-content-wrapper\"><div class=\"vc_row wpb_row vc_row-fluid\"><div class=\"wpb_column vc_column_container vc_col-sm-4\"><div class=\"vc_column-inner\"><div class=\"wpb_wrapper\">\n\t<div class=\"wpb_text_column wpb_content_element\" >\n\t\t<div class=\"wpb_wrapper\">\n\t\t\t<p>DETAILEAK:<\/p>\n<p>\u2022 Euskal Herrian diseinatua<\/p>\n<p>\u2022 Bartzelona inguruetan produzitua<\/p>\n<p>\u2022 Neurria 95x95cm<\/p>\n\n\t\t<\/div>\n\t<\/div>\n<\/div><\/div><\/div><div class=\"wpb_column vc_column_container vc_col-sm-4\"><div class=\"vc_column-inner\"><div class=\"wpb_wrapper\">\n\t<div class=\"wpb_text_column wpb_content_element\" >\n\t\t<div class=\"wpb_wrapper\">\n\t\t\t<p>LEHENGAIAK:<\/p>\n<p class=\"p1\">100% Zeta<\/p>\n\n\t\t<\/div>\n\t<\/div>\n<\/div><\/div><\/div><div class=\"wpb_column vc_column_container vc_col-sm-4\"><div class=\"vc_column-inner\"><div class=\"wpb_wrapper\">\n\t<div class=\"wpb_text_column wpb_content_element\" >\n\t\t<div class=\"wpb_wrapper\">\n\t\t\t<p>ZAINTZA:<\/p>\n<p class=\"p1\">Zure arropak zaindu! Ez duzu planeta soilik babestuko, zure arroparen bizitza ere luzatuko duzu.<\/p>\n<p class=\"p1\">Lau Arin zapia eskuz ur hotzetan garbitzea gomendatzen dizugu.<\/p>\n\n\t\t<\/div>\n\t<\/div>\n<\/div><\/div><\/div><\/div><div class=\"vc_row wpb_row vc_row-fluid\"><div class=\"wpb_column vc_column_container vc_col-sm-6\"><div class=\"vc_column-inner\"><div class=\"wpb_wrapper\">\n\t<div class=\"wpb_text_column wpb_content_element\" >\n\t\t<div class=\"wpb_wrapper\">\n\t\t\t<p>JASANGARRITASUNA:<\/p>\n<p class=\"p1\">Hurrengo <a href=\"\/eus\/sostenibilidad\/\">ziurtagiriak ditugu<\/a>.<\/p>\n\n\t\t<\/div>\n\t<\/div>\n<\/div><\/div><\/div><\/div>\n<\/div>","protected":false},"excerpt":{"rendered":"<p class=\"p1\">Lama The Lab-en ilustrazio esklusiboak kontrastean, digitalki inprimatuta dituzten zetazko zapi karratuak. Lau koloretan eskuragarri, <a href=\"\/eus\/producto\/arin\/\">bi tamaila aukera daitezke<\/a>. Zapi tolesturarekin makinaz amaitu. Osatu zure looka lepoan, Fandango alkodararekin zein buruan jarrita.<\/p>","protected":false},"featured_media":260,"template":"","meta":{"inline_featured_image":false},"product_brand":[],"product_cat":[30],"product_tag":[],"class_list":{"0":"post-228","1":"product","2":"type-product","3":"status-publish","4":"has-post-thumbnail","6":"product_cat-accesorios","8":"first","9":"instock","10":"sale","11":"taxable","12":"shipping-taxable","13":"purchasable","14":"product-type-variable"},"yoast_head":"<!-- This site is optimized with the Yoast SEO plugin v27.4 - https:\/\/yoast.com\/product\/yoast-seo-wordpress\/ -->\n<title>Pa\u00f1uelo de seda LAU ARIN | Ropa sostenible | LAMA THE LAB<\/title>\n<meta name=\"description\" content=\"Pa\u00f1uelo cuadrado de seda con impresi\u00f3n digital de una ilustraci\u00f3n exclusiva de Lama The Lab a contraste. Completa tu look. Firma de moda sostenible del Pa\u00eds Vasco.\" \/>\n<meta name=\"robots\" content=\"index, follow, max-snippet:-1, max-image-preview:large, max-video-preview:-1\" \/>\n<link rel=\"canonical\" href=\"https:\/\/lamathelab.com\/eus\/shop\/lau-arin\/\" \/>\n<meta property=\"og:locale\" content=\"en_US\" \/>\n<meta property=\"og:type\" content=\"article\" \/>\n<meta property=\"og:title\" content=\"Pa\u00f1uelo de seda LAU ARIN | Ropa sostenible | LAMA THE LAB\" \/>\n<meta property=\"og:description\" content=\"Pa\u00f1uelo cuadrado de seda con impresi\u00f3n digital de una ilustraci\u00f3n exclusiva de Lama The Lab a contraste. Completa tu look. Firma de moda sostenible del Pa\u00eds Vasco.\" \/>\n<meta property=\"og:url\" content=\"https:\/\/lamathelab.com\/eus\/shop\/lau-arin\/\" \/>\n<meta property=\"og:site_name\" content=\"LAMA THE LAB\" \/>\n<meta property=\"article:publisher\" content=\"https:\/\/www.facebook.com\/LamaTheLab\" \/>\n<meta property=\"article:modified_time\" content=\"2025-05-13T11:11:54+00:00\" \/>\n<meta property=\"og:image\" content=\"https:\/\/lamathelab.com\/wp-content\/uploads\/04_PAN\u0303UELO_LAMA.jpg\" \/>\n\t<meta property=\"og:image:width\" content=\"1280\" \/>\n\t<meta property=\"og:image:height\" content=\"1920\" \/>\n\t<meta property=\"og:image:type\" content=\"image\/jpeg\" \/>\n<meta name=\"twitter:card\" content=\"summary_large_image\" \/>\n<meta name=\"twitter:label1\" content=\"Est. reading time\" \/>\n\t<meta name=\"twitter:data1\" content=\"1 minutua\" \/>\n<script type=\"application\/ld+json\" class=\"yoast-schema-graph\">{\"@context\":\"https:\\\/\\\/schema.org\",\"@graph\":[{\"@type\":\"WebPage\",\"@id\":\"https:\\\/\\\/lamathelab.com\\\/shop\\\/lau-arin\\\/\",\"url\":\"https:\\\/\\\/lamathelab.com\\\/shop\\\/lau-arin\\\/\",\"name\":\"Pa\u00f1uelo de seda LAU ARIN | Ropa sostenible | LAMA THE LAB\",\"isPartOf\":{\"@id\":\"https:\\\/\\\/lamathelab.com\\\/#website\"},\"primaryImageOfPage\":{\"@id\":\"https:\\\/\\\/lamathelab.com\\\/shop\\\/lau-arin\\\/#primaryimage\"},\"image\":{\"@id\":\"https:\\\/\\\/lamathelab.com\\\/shop\\\/lau-arin\\\/#primaryimage\"},\"thumbnailUrl\":\"https:\\\/\\\/lamathelab.com\\\/wp-content\\\/uploads\\\/04_PAN\u0303UELO_LAMA.jpg\",\"datePublished\":\"2022-09-07T15:19:07+00:00\",\"dateModified\":\"2025-05-13T11:11:54+00:00\",\"description\":\"Pa\u00f1uelo cuadrado de seda con impresi\u00f3n digital de una ilustraci\u00f3n exclusiva de Lama The Lab a contraste. Completa tu look. Firma de moda sostenible del Pa\u00eds Vasco.\",\"breadcrumb\":{\"@id\":\"https:\\\/\\\/lamathelab.com\\\/shop\\\/lau-arin\\\/#breadcrumb\"},\"inLanguage\":\"eu\",\"potentialAction\":[{\"@type\":\"ReadAction\",\"target\":[\"https:\\\/\\\/lamathelab.com\\\/shop\\\/lau-arin\\\/\"]}]},{\"@type\":\"ImageObject\",\"inLanguage\":\"eu\",\"@id\":\"https:\\\/\\\/lamathelab.com\\\/shop\\\/lau-arin\\\/#primaryimage\",\"url\":\"https:\\\/\\\/lamathelab.com\\\/wp-content\\\/uploads\\\/04_PAN\u0303UELO_LAMA.jpg\",\"contentUrl\":\"https:\\\/\\\/lamathelab.com\\\/wp-content\\\/uploads\\\/04_PAN\u0303UELO_LAMA.jpg\",\"width\":1280,\"height\":1920,\"caption\":\"LAMA - THE LAB Moda sostenible\"},{\"@type\":\"BreadcrumbList\",\"@id\":\"https:\\\/\\\/lamathelab.com\\\/shop\\\/lau-arin\\\/#breadcrumb\",\"itemListElement\":[{\"@type\":\"ListItem\",\"position\":1,\"name\":\"Portada\",\"item\":\"https:\\\/\\\/lamathelab.com\\\/\"},{\"@type\":\"ListItem\",\"position\":2,\"name\":\"Shop\",\"item\":\"https:\\\/\\\/lamathelab.com\\\/shop\\\/\"},{\"@type\":\"ListItem\",\"position\":3,\"name\":\"LAU ARIN\"}]},{\"@type\":\"WebSite\",\"@id\":\"https:\\\/\\\/lamathelab.com\\\/#website\",\"url\":\"https:\\\/\\\/lamathelab.com\\\/\",\"name\":\"LAMA THE LAB\",\"description\":\"For a shared life.\",\"publisher\":{\"@id\":\"https:\\\/\\\/lamathelab.com\\\/#organization\"},\"potentialAction\":[{\"@type\":\"SearchAction\",\"target\":{\"@type\":\"EntryPoint\",\"urlTemplate\":\"https:\\\/\\\/lamathelab.com\\\/?s={search_term_string}\"},\"query-input\":{\"@type\":\"PropertyValueSpecification\",\"valueRequired\":true,\"valueName\":\"search_term_string\"}}],\"inLanguage\":\"eu\"},{\"@type\":\"Organization\",\"@id\":\"https:\\\/\\\/lamathelab.com\\\/#organization\",\"name\":\"LAMA THE LAB CLOTHING\",\"url\":\"https:\\\/\\\/lamathelab.com\\\/\",\"logo\":{\"@type\":\"ImageObject\",\"inLanguage\":\"eu\",\"@id\":\"https:\\\/\\\/lamathelab.com\\\/#\\\/schema\\\/logo\\\/image\\\/\",\"url\":\"https:\\\/\\\/lamathelab.com\\\/wp-content\\\/uploads\\\/LAMA-LOGO.jpg\",\"contentUrl\":\"https:\\\/\\\/lamathelab.com\\\/wp-content\\\/uploads\\\/LAMA-LOGO.jpg\",\"width\":1697,\"height\":612,\"caption\":\"LAMA THE LAB CLOTHING\"},\"image\":{\"@id\":\"https:\\\/\\\/lamathelab.com\\\/#\\\/schema\\\/logo\\\/image\\\/\"},\"sameAs\":[\"https:\\\/\\\/www.facebook.com\\\/LamaTheLab\",\"https:\\\/\\\/www.instagram.com\\\/lamathelab\\\/\",\"https:\\\/\\\/www.pinterest.es\\\/lamathelab\\\/\",\"https:\\\/\\\/www.tiktok.com\\\/@lamathelab\"]}]}<\/script>\n<!-- \/ Yoast SEO plugin. -->","yoast_head_json":{"title":"Pa\u00f1uelo de seda LAU ARIN | Ropa sostenible | LAMA THE LAB","description":"Pa\u00f1uelo cuadrado de seda con impresi\u00f3n digital de una ilustraci\u00f3n exclusiva de Lama The Lab a contraste. Completa tu look. Firma de moda sostenible del Pa\u00eds Vasco.","robots":{"index":"index","follow":"follow","max-snippet":"max-snippet:-1","max-image-preview":"max-image-preview:large","max-video-preview":"max-video-preview:-1"},"canonical":"https:\/\/lamathelab.com\/eus\/shop\/lau-arin\/","og_locale":"en_US","og_type":"article","og_title":"Pa\u00f1uelo de seda LAU ARIN | Ropa sostenible | LAMA THE LAB","og_description":"Pa\u00f1uelo cuadrado de seda con impresi\u00f3n digital de una ilustraci\u00f3n exclusiva de Lama The Lab a contraste. Completa tu look. Firma de moda sostenible del Pa\u00eds Vasco.","og_url":"https:\/\/lamathelab.com\/eus\/shop\/lau-arin\/","og_site_name":"LAMA THE LAB","article_publisher":"https:\/\/www.facebook.com\/LamaTheLab","article_modified_time":"2025-05-13T11:11:54+00:00","og_image":[{"width":1280,"height":1920,"url":"https:\/\/lamathelab.com\/wp-content\/uploads\/04_PAN\u0303UELO_LAMA.jpg","type":"image\/jpeg"}],"twitter_card":"summary_large_image","twitter_misc":{"Est. reading time":"1 minutua"},"schema":{"@context":"https:\/\/schema.org","@graph":[{"@type":"WebPage","@id":"https:\/\/lamathelab.com\/shop\/lau-arin\/","url":"https:\/\/lamathelab.com\/shop\/lau-arin\/","name":"Pa\u00f1uelo de seda LAU ARIN | Ropa sostenible | LAMA THE LAB","isPartOf":{"@id":"https:\/\/lamathelab.com\/#website"},"primaryImageOfPage":{"@id":"https:\/\/lamathelab.com\/shop\/lau-arin\/#primaryimage"},"image":{"@id":"https:\/\/lamathelab.com\/shop\/lau-arin\/#primaryimage"},"thumbnailUrl":"https:\/\/lamathelab.com\/wp-content\/uploads\/04_PAN\u0303UELO_LAMA.jpg","datePublished":"2022-09-07T15:19:07+00:00","dateModified":"2025-05-13T11:11:54+00:00","description":"Pa\u00f1uelo cuadrado de seda con impresi\u00f3n digital de una ilustraci\u00f3n exclusiva de Lama The Lab a contraste. Completa tu look. Firma de moda sostenible del Pa\u00eds Vasco.","breadcrumb":{"@id":"https:\/\/lamathelab.com\/shop\/lau-arin\/#breadcrumb"},"inLanguage":"eu","potentialAction":[{"@type":"ReadAction","target":["https:\/\/lamathelab.com\/shop\/lau-arin\/"]}]},{"@type":"ImageObject","inLanguage":"eu","@id":"https:\/\/lamathelab.com\/shop\/lau-arin\/#primaryimage","url":"https:\/\/lamathelab.com\/wp-content\/uploads\/04_PAN\u0303UELO_LAMA.jpg","contentUrl":"https:\/\/lamathelab.com\/wp-content\/uploads\/04_PAN\u0303UELO_LAMA.jpg","width":1280,"height":1920,"caption":"LAMA - THE LAB Moda sostenible"},{"@type":"BreadcrumbList","@id":"https:\/\/lamathelab.com\/shop\/lau-arin\/#breadcrumb","itemListElement":[{"@type":"ListItem","position":1,"name":"Portada","item":"https:\/\/lamathelab.com\/"},{"@type":"ListItem","position":2,"name":"Shop","item":"https:\/\/lamathelab.com\/shop\/"},{"@type":"ListItem","position":3,"name":"LAU ARIN"}]},{"@type":"WebSite","@id":"https:\/\/lamathelab.com\/#website","url":"https:\/\/lamathelab.com\/","name":"LAMA THE LAB","description":"For a shared life.","publisher":{"@id":"https:\/\/lamathelab.com\/#organization"},"potentialAction":[{"@type":"SearchAction","target":{"@type":"EntryPoint","urlTemplate":"https:\/\/lamathelab.com\/?s={search_term_string}"},"query-input":{"@type":"PropertyValueSpecification","valueRequired":true,"valueName":"search_term_string"}}],"inLanguage":"eu"},{"@type":"Organization","@id":"https:\/\/lamathelab.com\/#organization","name":"LAMA THE LAB CLOTHING","url":"https:\/\/lamathelab.com\/","logo":{"@type":"ImageObject","inLanguage":"eu","@id":"https:\/\/lamathelab.com\/#\/schema\/logo\/image\/","url":"https:\/\/lamathelab.com\/wp-content\/uploads\/LAMA-LOGO.jpg","contentUrl":"https:\/\/lamathelab.com\/wp-content\/uploads\/LAMA-LOGO.jpg","width":1697,"height":612,"caption":"LAMA THE LAB CLOTHING"},"image":{"@id":"https:\/\/lamathelab.com\/#\/schema\/logo\/image\/"},"sameAs":["https:\/\/www.facebook.com\/LamaTheLab","https:\/\/www.instagram.com\/lamathelab\/","https:\/\/www.pinterest.es\/lamathelab\/","https:\/\/www.tiktok.com\/@lamathelab"]}]}},"_links":{"self":[{"href":"https:\/\/lamathelab.com\/eus\/wp-json\/wp\/v2\/product\/228","targetHints":{"allow":["GET"]}}],"collection":[{"href":"https:\/\/lamathelab.com\/eus\/wp-json\/wp\/v2\/product"}],"about":[{"href":"https:\/\/lamathelab.com\/eus\/wp-json\/wp\/v2\/types\/product"}],"wp:featuredmedia":[{"embeddable":true,"href":"https:\/\/lamathelab.com\/eus\/wp-json\/wp\/v2\/media\/260"}],"wp:attachment":[{"href":"https:\/\/lamathelab.com\/eus\/wp-json\/wp\/v2\/media?parent=228"}],"wp:term":[{"taxonomy":"product_brand","embeddable":true,"href":"https:\/\/lamathelab.com\/eus\/wp-json\/wp\/v2\/product_brand?post=228"},{"taxonomy":"product_cat","embeddable":true,"href":"https:\/\/lamathelab.com\/eus\/wp-json\/wp\/v2\/product_cat?post=228"},{"taxonomy":"product_tag","embeddable":true,"href":"https:\/\/lamathelab.com\/eus\/wp-json\/wp\/v2\/product_tag?post=228"}],"curies":[{"name":"wp","href":"https:\/\/api.w.org\/{rel}","templated":true}]}}