{"id":232,"date":"2022-09-07T15:20:51","date_gmt":"2022-09-07T15:20:51","guid":{"rendered":"https:\/\/lamathelab.com\/?post_type=product&#038;p=232"},"modified":"2025-02-07T18:30:03","modified_gmt":"2025-02-07T18:30:03","slug":"soka","status":"publish","type":"product","link":"https:\/\/lamathelab.com\/eus\/shop\/soka\/","title":{"rendered":"SOKA"},"content":{"rendered":"<div class=\"wpb-content-wrapper\"><div class=\"vc_row wpb_row vc_row-fluid\"><div class=\"wpb_column vc_column_container vc_col-sm-4\"><div class=\"vc_column-inner\"><div class=\"wpb_wrapper\">\n\t<div class=\"wpb_text_column wpb_content_element\" >\n\t\t<div class=\"wpb_wrapper\">\n\t\t\t<p>DETAILEAK:<\/p>\n<p>\u2022 Euskal Herrian diseinatua<br \/>\n\u2022 Bartzelona inguruetan produzitua<\/p>\n\n\t\t<\/div>\n\t<\/div>\n<\/div><\/div><\/div><div class=\"wpb_column vc_column_container vc_col-sm-4\"><div class=\"vc_column-inner\"><div class=\"wpb_wrapper\">\n\t<div class=\"wpb_text_column wpb_content_element\" >\n\t\t<div class=\"wpb_wrapper\">\n\t\t\t<p>LEHENGAIAK:<\/p>\n<p class=\"p1\">100% Zeta<\/p>\n\n\t\t<\/div>\n\t<\/div>\n<\/div><\/div><\/div><div class=\"wpb_column vc_column_container vc_col-sm-4\"><div class=\"vc_column-inner\"><div class=\"wpb_wrapper\">\n\t<div class=\"wpb_text_column wpb_content_element\" >\n\t\t<div class=\"wpb_wrapper\">\n\t\t\t<p>CUIDADO<\/p>\n<p class=\"p1\">Cuida de tus prendas. No solo proteges al planeta, sino que alargas la vida de tu ropa. M\u00e1s informaci\u00f3n aqu\u00ed.<\/p>\n<p class=\"p1\">Soka zapia eskuz ur hotzetan garbitzea gomendatzen dizugu.<\/p>\n\n\t\t<\/div>\n\t<\/div>\n<\/div><\/div><\/div><\/div><div class=\"vc_row wpb_row vc_row-fluid\"><div class=\"wpb_column vc_column_container vc_col-sm-6\"><div class=\"vc_column-inner\"><div class=\"wpb_wrapper\">\n\t<div class=\"wpb_text_column wpb_content_element\" >\n\t\t<div class=\"wpb_wrapper\">\n\t\t\t<p>JASANGARRITASUNA:<\/p>\n<p class=\"p1\">Hemos creado estos pa\u00f1uelos con el tejido sobrante de un error de producci\u00f3n de nuestros pa\u00f1uelos Arin y Lau Arin.<\/p>\n<p class=\"p1\">Hurrengo <a href=\"https:\/\/lamathelab.com\/eus\/sostenibilidad\/\">ziurtagiriak ditugu<\/a>.<\/p>\n\n\t\t<\/div>\n\t<\/div>\n<\/div><\/div><\/div><\/div>\n<\/div>","protected":false},"excerpt":{"rendered":"<p>Osatu zure lookak Soka besoko zein ileko apaingarri gisara erabiliaz. Lama The Lab-en ilustrazio esklusiboak kontrastean, digitalki inprimatuta dituzten zetazko zapi karratuak. Lau koloretan eskuragarri.<\/p>","protected":false},"featured_media":240,"template":"","meta":{"inline_featured_image":false},"product_brand":[],"product_cat":[30],"product_tag":[],"class_list":{"0":"post-232","1":"product","2":"type-product","3":"status-publish","4":"has-post-thumbnail","6":"product_cat-accesorios","8":"first","9":"instock","10":"taxable","11":"shipping-taxable","12":"purchasable","13":"product-type-variable"},"yoast_head":"<!-- This site is optimized with the Yoast SEO plugin v27.4 - https:\/\/yoast.com\/product\/yoast-seo-wordpress\/ -->\n<title>Coletero o brazalete SOKA | Ropa sostenible | LAMA THE LAB<\/title>\n<meta name=\"description\" content=\"Completa culquier outfit utilizando Soka como coletero o brazalete. Disponible en cuatro colores con una ilustraci\u00f3n exclusiva de Lama The Lab, Firma de moda sostenible del Pa\u00eds Vasco.\" \/>\n<meta name=\"robots\" content=\"index, follow, max-snippet:-1, max-image-preview:large, max-video-preview:-1\" \/>\n<link rel=\"canonical\" href=\"https:\/\/lamathelab.com\/eus\/shop\/soka\/\" \/>\n<meta property=\"og:locale\" content=\"en_US\" \/>\n<meta property=\"og:type\" content=\"article\" \/>\n<meta property=\"og:title\" content=\"Coletero o brazalete SOKA | Ropa sostenible | LAMA THE LAB\" \/>\n<meta property=\"og:description\" content=\"Completa culquier outfit utilizando Soka como coletero o brazalete. Disponible en cuatro colores con una ilustraci\u00f3n exclusiva de Lama The Lab, Firma de moda sostenible del Pa\u00eds Vasco.\" \/>\n<meta property=\"og:url\" content=\"https:\/\/lamathelab.com\/eus\/shop\/soka\/\" \/>\n<meta property=\"og:site_name\" content=\"LAMA THE LAB\" \/>\n<meta property=\"article:publisher\" content=\"https:\/\/www.facebook.com\/LamaTheLab\" \/>\n<meta property=\"article:modified_time\" content=\"2025-02-07T18:30:03+00:00\" \/>\n<meta property=\"og:image\" content=\"https:\/\/lamathelab.com\/wp-content\/uploads\/panuelo-mun-beige_e1.jpg\" \/>\n\t<meta property=\"og:image:width\" content=\"1280\" \/>\n\t<meta property=\"og:image:height\" content=\"1920\" \/>\n\t<meta property=\"og:image:type\" content=\"image\/jpeg\" \/>\n<meta name=\"twitter:card\" content=\"summary_large_image\" \/>\n<meta name=\"twitter:label1\" content=\"Est. reading time\" \/>\n\t<meta name=\"twitter:data1\" content=\"1 minutua\" \/>\n<script type=\"application\/ld+json\" class=\"yoast-schema-graph\">{\"@context\":\"https:\\\/\\\/schema.org\",\"@graph\":[{\"@type\":\"WebPage\",\"@id\":\"https:\\\/\\\/lamathelab.com\\\/shop\\\/soka\\\/\",\"url\":\"https:\\\/\\\/lamathelab.com\\\/shop\\\/soka\\\/\",\"name\":\"Coletero o brazalete SOKA | Ropa sostenible | LAMA THE LAB\",\"isPartOf\":{\"@id\":\"https:\\\/\\\/lamathelab.com\\\/#website\"},\"primaryImageOfPage\":{\"@id\":\"https:\\\/\\\/lamathelab.com\\\/shop\\\/soka\\\/#primaryimage\"},\"image\":{\"@id\":\"https:\\\/\\\/lamathelab.com\\\/shop\\\/soka\\\/#primaryimage\"},\"thumbnailUrl\":\"https:\\\/\\\/lamathelab.com\\\/wp-content\\\/uploads\\\/panuelo-mun-beige_e1.jpg\",\"datePublished\":\"2022-09-07T15:20:51+00:00\",\"dateModified\":\"2025-02-07T18:30:03+00:00\",\"description\":\"Completa culquier outfit utilizando Soka como coletero o brazalete. Disponible en cuatro colores con una ilustraci\u00f3n exclusiva de Lama The Lab, Firma de moda sostenible del Pa\u00eds Vasco.\",\"breadcrumb\":{\"@id\":\"https:\\\/\\\/lamathelab.com\\\/shop\\\/soka\\\/#breadcrumb\"},\"inLanguage\":\"eu\",\"potentialAction\":[{\"@type\":\"ReadAction\",\"target\":[\"https:\\\/\\\/lamathelab.com\\\/shop\\\/soka\\\/\"]}]},{\"@type\":\"ImageObject\",\"inLanguage\":\"eu\",\"@id\":\"https:\\\/\\\/lamathelab.com\\\/shop\\\/soka\\\/#primaryimage\",\"url\":\"https:\\\/\\\/lamathelab.com\\\/wp-content\\\/uploads\\\/panuelo-mun-beige_e1.jpg\",\"contentUrl\":\"https:\\\/\\\/lamathelab.com\\\/wp-content\\\/uploads\\\/panuelo-mun-beige_e1.jpg\",\"width\":1280,\"height\":1920},{\"@type\":\"BreadcrumbList\",\"@id\":\"https:\\\/\\\/lamathelab.com\\\/shop\\\/soka\\\/#breadcrumb\",\"itemListElement\":[{\"@type\":\"ListItem\",\"position\":1,\"name\":\"Portada\",\"item\":\"https:\\\/\\\/lamathelab.com\\\/\"},{\"@type\":\"ListItem\",\"position\":2,\"name\":\"Shop\",\"item\":\"https:\\\/\\\/lamathelab.com\\\/shop\\\/\"},{\"@type\":\"ListItem\",\"position\":3,\"name\":\"SOKA\"}]},{\"@type\":\"WebSite\",\"@id\":\"https:\\\/\\\/lamathelab.com\\\/#website\",\"url\":\"https:\\\/\\\/lamathelab.com\\\/\",\"name\":\"LAMA THE LAB\",\"description\":\"For a shared life.\",\"publisher\":{\"@id\":\"https:\\\/\\\/lamathelab.com\\\/#organization\"},\"potentialAction\":[{\"@type\":\"SearchAction\",\"target\":{\"@type\":\"EntryPoint\",\"urlTemplate\":\"https:\\\/\\\/lamathelab.com\\\/?s={search_term_string}\"},\"query-input\":{\"@type\":\"PropertyValueSpecification\",\"valueRequired\":true,\"valueName\":\"search_term_string\"}}],\"inLanguage\":\"eu\"},{\"@type\":\"Organization\",\"@id\":\"https:\\\/\\\/lamathelab.com\\\/#organization\",\"name\":\"LAMA THE LAB CLOTHING\",\"url\":\"https:\\\/\\\/lamathelab.com\\\/\",\"logo\":{\"@type\":\"ImageObject\",\"inLanguage\":\"eu\",\"@id\":\"https:\\\/\\\/lamathelab.com\\\/#\\\/schema\\\/logo\\\/image\\\/\",\"url\":\"https:\\\/\\\/lamathelab.com\\\/wp-content\\\/uploads\\\/LAMA-LOGO.jpg\",\"contentUrl\":\"https:\\\/\\\/lamathelab.com\\\/wp-content\\\/uploads\\\/LAMA-LOGO.jpg\",\"width\":1697,\"height\":612,\"caption\":\"LAMA THE LAB CLOTHING\"},\"image\":{\"@id\":\"https:\\\/\\\/lamathelab.com\\\/#\\\/schema\\\/logo\\\/image\\\/\"},\"sameAs\":[\"https:\\\/\\\/www.facebook.com\\\/LamaTheLab\",\"https:\\\/\\\/www.instagram.com\\\/lamathelab\\\/\",\"https:\\\/\\\/www.pinterest.es\\\/lamathelab\\\/\",\"https:\\\/\\\/www.tiktok.com\\\/@lamathelab\"]}]}<\/script>\n<!-- \/ Yoast SEO plugin. -->","yoast_head_json":{"title":"Coletero o brazalete SOKA | Ropa sostenible | LAMA THE LAB","description":"Completa culquier outfit utilizando Soka como coletero o brazalete. Disponible en cuatro colores con una ilustraci\u00f3n exclusiva de Lama The Lab, Firma de moda sostenible del Pa\u00eds Vasco.","robots":{"index":"index","follow":"follow","max-snippet":"max-snippet:-1","max-image-preview":"max-image-preview:large","max-video-preview":"max-video-preview:-1"},"canonical":"https:\/\/lamathelab.com\/eus\/shop\/soka\/","og_locale":"en_US","og_type":"article","og_title":"Coletero o brazalete SOKA | Ropa sostenible | LAMA THE LAB","og_description":"Completa culquier outfit utilizando Soka como coletero o brazalete. Disponible en cuatro colores con una ilustraci\u00f3n exclusiva de Lama The Lab, Firma de moda sostenible del Pa\u00eds Vasco.","og_url":"https:\/\/lamathelab.com\/eus\/shop\/soka\/","og_site_name":"LAMA THE LAB","article_publisher":"https:\/\/www.facebook.com\/LamaTheLab","article_modified_time":"2025-02-07T18:30:03+00:00","og_image":[{"width":1280,"height":1920,"url":"https:\/\/lamathelab.com\/wp-content\/uploads\/panuelo-mun-beige_e1.jpg","type":"image\/jpeg"}],"twitter_card":"summary_large_image","twitter_misc":{"Est. reading time":"1 minutua"},"schema":{"@context":"https:\/\/schema.org","@graph":[{"@type":"WebPage","@id":"https:\/\/lamathelab.com\/shop\/soka\/","url":"https:\/\/lamathelab.com\/shop\/soka\/","name":"Coletero o brazalete SOKA | Ropa sostenible | LAMA THE LAB","isPartOf":{"@id":"https:\/\/lamathelab.com\/#website"},"primaryImageOfPage":{"@id":"https:\/\/lamathelab.com\/shop\/soka\/#primaryimage"},"image":{"@id":"https:\/\/lamathelab.com\/shop\/soka\/#primaryimage"},"thumbnailUrl":"https:\/\/lamathelab.com\/wp-content\/uploads\/panuelo-mun-beige_e1.jpg","datePublished":"2022-09-07T15:20:51+00:00","dateModified":"2025-02-07T18:30:03+00:00","description":"Completa culquier outfit utilizando Soka como coletero o brazalete. Disponible en cuatro colores con una ilustraci\u00f3n exclusiva de Lama The Lab, Firma de moda sostenible del Pa\u00eds Vasco.","breadcrumb":{"@id":"https:\/\/lamathelab.com\/shop\/soka\/#breadcrumb"},"inLanguage":"eu","potentialAction":[{"@type":"ReadAction","target":["https:\/\/lamathelab.com\/shop\/soka\/"]}]},{"@type":"ImageObject","inLanguage":"eu","@id":"https:\/\/lamathelab.com\/shop\/soka\/#primaryimage","url":"https:\/\/lamathelab.com\/wp-content\/uploads\/panuelo-mun-beige_e1.jpg","contentUrl":"https:\/\/lamathelab.com\/wp-content\/uploads\/panuelo-mun-beige_e1.jpg","width":1280,"height":1920},{"@type":"BreadcrumbList","@id":"https:\/\/lamathelab.com\/shop\/soka\/#breadcrumb","itemListElement":[{"@type":"ListItem","position":1,"name":"Portada","item":"https:\/\/lamathelab.com\/"},{"@type":"ListItem","position":2,"name":"Shop","item":"https:\/\/lamathelab.com\/shop\/"},{"@type":"ListItem","position":3,"name":"SOKA"}]},{"@type":"WebSite","@id":"https:\/\/lamathelab.com\/#website","url":"https:\/\/lamathelab.com\/","name":"LAMA THE LAB","description":"For a shared life.","publisher":{"@id":"https:\/\/lamathelab.com\/#organization"},"potentialAction":[{"@type":"SearchAction","target":{"@type":"EntryPoint","urlTemplate":"https:\/\/lamathelab.com\/?s={search_term_string}"},"query-input":{"@type":"PropertyValueSpecification","valueRequired":true,"valueName":"search_term_string"}}],"inLanguage":"eu"},{"@type":"Organization","@id":"https:\/\/lamathelab.com\/#organization","name":"LAMA THE LAB CLOTHING","url":"https:\/\/lamathelab.com\/","logo":{"@type":"ImageObject","inLanguage":"eu","@id":"https:\/\/lamathelab.com\/#\/schema\/logo\/image\/","url":"https:\/\/lamathelab.com\/wp-content\/uploads\/LAMA-LOGO.jpg","contentUrl":"https:\/\/lamathelab.com\/wp-content\/uploads\/LAMA-LOGO.jpg","width":1697,"height":612,"caption":"LAMA THE LAB CLOTHING"},"image":{"@id":"https:\/\/lamathelab.com\/#\/schema\/logo\/image\/"},"sameAs":["https:\/\/www.facebook.com\/LamaTheLab","https:\/\/www.instagram.com\/lamathelab\/","https:\/\/www.pinterest.es\/lamathelab\/","https:\/\/www.tiktok.com\/@lamathelab"]}]}},"_links":{"self":[{"href":"https:\/\/lamathelab.com\/eus\/wp-json\/wp\/v2\/product\/232","targetHints":{"allow":["GET"]}}],"collection":[{"href":"https:\/\/lamathelab.com\/eus\/wp-json\/wp\/v2\/product"}],"about":[{"href":"https:\/\/lamathelab.com\/eus\/wp-json\/wp\/v2\/types\/product"}],"wp:featuredmedia":[{"embeddable":true,"href":"https:\/\/lamathelab.com\/eus\/wp-json\/wp\/v2\/media\/240"}],"wp:attachment":[{"href":"https:\/\/lamathelab.com\/eus\/wp-json\/wp\/v2\/media?parent=232"}],"wp:term":[{"taxonomy":"product_brand","embeddable":true,"href":"https:\/\/lamathelab.com\/eus\/wp-json\/wp\/v2\/product_brand?post=232"},{"taxonomy":"product_cat","embeddable":true,"href":"https:\/\/lamathelab.com\/eus\/wp-json\/wp\/v2\/product_cat?post=232"},{"taxonomy":"product_tag","embeddable":true,"href":"https:\/\/lamathelab.com\/eus\/wp-json\/wp\/v2\/product_tag?post=232"}],"curies":[{"name":"wp","href":"https:\/\/api.w.org\/{rel}","templated":true}]}}