{"id":36,"date":"2022-05-17T09:07:00","date_gmt":"2022-05-17T09:07:00","guid":{"rendered":"http:\/\/lamathelab.com\/?post_type=product&#038;p=36"},"modified":"2025-12-11T08:58:43","modified_gmt":"2025-12-11T08:58:43","slug":"fandango","status":"publish","type":"product","link":"https:\/\/lamathelab.com\/eus\/shop\/fandango\/","title":{"rendered":"FANDANGO"},"content":{"rendered":"<div class=\"wpb-content-wrapper\"><div class=\"vc_row wpb_row vc_row-fluid\"><div class=\"wpb_column vc_column_container vc_col-sm-4\"><div class=\"vc_column-inner\"><div class=\"wpb_wrapper\">\n\t<div class=\"wpb_text_column wpb_content_element\" >\n\t\t<div class=\"wpb_wrapper\">\n\t\t\t<p>DETAILEAK:<\/p>\n<p>\u2022 Euskal Herrian diseinatua<\/p>\n<p>\u2022 Bartzelona inguruetan produzitua<\/p>\n\n\t\t<\/div>\n\t<\/div>\n<\/div><\/div><\/div><div class=\"wpb_column vc_column_container vc_col-sm-4\"><div class=\"vc_column-inner\"><div class=\"wpb_wrapper\">\n\t<div class=\"wpb_text_column wpb_content_element\" >\n\t\t<div class=\"wpb_wrapper\">\n\t\t\t<p>LEHENGAIAK:<\/p>\n<p class=\"p1\">100% Ecovero (viscosa sostenible)<\/p>\n\n\t\t<\/div>\n\t<\/div>\n<\/div><\/div><\/div><div class=\"wpb_column vc_column_container vc_col-sm-4\"><div class=\"vc_column-inner\"><div class=\"wpb_wrapper\">\n\t<div class=\"wpb_text_column wpb_content_element\" >\n\t\t<div class=\"wpb_wrapper\">\n\t\t\t<p>ZAINTZA:<\/p>\n<p class=\"p1\">Zure arropak zaindu! Ez duzu planeta soilik babestuko, zure arroparen bizitza ere luzatuko duzu.<\/p>\n<p class=\"p1\"><a href=\"https:\/\/lamathelab.com\/eus\/cuidado-de-las-prendas\/\">Informazio gehiago hemen.<\/a><\/p>\n<p class=\"p1\">Zure Fandango alkandora eskuz 30\u00baC-tan garbitzea gomendatzen dizugu.<\/p>\n\n\t\t<\/div>\n\t<\/div>\n<\/div><\/div><\/div><\/div><div class=\"vc_row wpb_row vc_row-fluid\"><div class=\"wpb_column vc_column_container vc_col-sm-12\"><div class=\"vc_column-inner\"><div class=\"wpb_wrapper\">\n\t<div class=\"wpb_text_column wpb_content_element\" >\n\t\t<div class=\"wpb_wrapper\">\n\t\t\t<p>JASANGARRITASUNA:<\/p>\n<p class=\"p1\">Hurrengo <a href=\"\/eus\/sostenibilidad\/\">ziurtagiriak ditugu<\/a>:<\/p>\n\n\t\t<\/div>\n\t<\/div>\n<\/div><\/div><\/div><\/div><div class=\"vc_row wpb_row vc_row-fluid\"><div class=\"wpb_column vc_column_container vc_col-sm-4 vc_col-xs-4\"><div class=\"vc_column-inner\"><div class=\"wpb_wrapper\">\n\t<div  class=\"wpb_single_image wpb_content_element vc_align_left wpb_content_element  logo\">\n\t\t\n\t\t<figure class=\"wpb_wrapper vc_figure\">\n\t\t\t<div class=\"vc_single_image-wrapper   vc_box_border_grey\"><img loading=\"lazy\" decoding=\"async\" width=\"540\" height=\"414\" src=\"https:\/\/lamathelab.com\/wp-content\/uploads\/oeko-tex.png\" class=\"vc_single_image-img attachment-full\" alt=\"\" title=\"oeko-tex\" srcset=\"https:\/\/lamathelab.com\/wp-content\/uploads\/oeko-tex.png 540w, https:\/\/lamathelab.com\/wp-content\/uploads\/oeko-tex-16x12.png 16w\" sizes=\"auto, (max-width: 540px) 100vw, 540px\" \/><\/div>\n\t\t<\/figure>\n\t<\/div>\n<\/div><\/div><\/div><div class=\"wpb_column vc_column_container vc_col-sm-4 vc_col-xs-4\"><div class=\"vc_column-inner\"><div class=\"wpb_wrapper\">\n\t<div  class=\"wpb_single_image wpb_content_element vc_align_left wpb_content_element  logo\">\n\t\t\n\t\t<figure class=\"wpb_wrapper vc_figure\">\n\t\t\t<div class=\"vc_single_image-wrapper   vc_box_border_grey\"><img loading=\"lazy\" decoding=\"async\" width=\"544\" height=\"414\" src=\"https:\/\/lamathelab.com\/wp-content\/uploads\/ecovero2.png\" class=\"vc_single_image-img attachment-full\" alt=\"\" title=\"ecovero2\" srcset=\"https:\/\/lamathelab.com\/wp-content\/uploads\/ecovero2.png 544w, https:\/\/lamathelab.com\/wp-content\/uploads\/ecovero2-16x12.png 16w\" sizes=\"auto, (max-width: 544px) 100vw, 544px\" \/><\/div>\n\t\t<\/figure>\n\t<\/div>\n<\/div><\/div><\/div><div class=\"wpb_column vc_column_container vc_col-sm-4 vc_col-xs-4\"><div class=\"vc_column-inner\"><div class=\"wpb_wrapper\">\n\t<div  class=\"wpb_single_image wpb_content_element vc_align_left wpb_content_element  logo\">\n\t\t\n\t\t<figure class=\"wpb_wrapper vc_figure\">\n\t\t\t<div class=\"vc_single_image-wrapper   vc_box_border_grey\"><img loading=\"lazy\" decoding=\"async\" width=\"540\" height=\"414\" src=\"https:\/\/lamathelab.com\/wp-content\/uploads\/fsc.png\" class=\"vc_single_image-img attachment-full\" alt=\"\" title=\"fsc\" srcset=\"https:\/\/lamathelab.com\/wp-content\/uploads\/fsc.png 540w, https:\/\/lamathelab.com\/wp-content\/uploads\/fsc-16x12.png 16w\" sizes=\"auto, (max-width: 540px) 100vw, 540px\" \/><\/div>\n\t\t<\/figure>\n\t<\/div>\n<\/div><\/div><\/div><\/div><div class=\"vc_row wpb_row vc_row-fluid guiadetallas\"><div class=\"wpb_column vc_column_container vc_col-sm-12\"><div class=\"vc_column-inner\"><div class=\"wpb_wrapper\">\n\t<div  class=\"wpb_single_image wpb_content_element vc_align_left wpb_content_element\">\n\t\t\n\t\t<figure class=\"wpb_wrapper vc_figure\">\n\t\t\t<div class=\"vc_single_image-wrapper   vc_box_border_grey\"><img loading=\"lazy\" decoding=\"async\" width=\"1241\" height=\"573\" src=\"https:\/\/lamathelab.com\/wp-content\/uploads\/tallas_camisa.png\" class=\"vc_single_image-img attachment-full\" alt=\"\" title=\"tallas_camisa\" srcset=\"https:\/\/lamathelab.com\/wp-content\/uploads\/tallas_camisa.png 1241w, https:\/\/lamathelab.com\/wp-content\/uploads\/tallas_camisa-450x208.png 450w, https:\/\/lamathelab.com\/wp-content\/uploads\/tallas_camisa-600x277.png 600w, https:\/\/lamathelab.com\/wp-content\/uploads\/tallas_camisa-768x355.png 768w, https:\/\/lamathelab.com\/wp-content\/uploads\/tallas_camisa-18x8.png 18w\" sizes=\"auto, (max-width: 1241px) 100vw, 1241px\" \/><\/div>\n\t\t<\/figure>\n\t<\/div>\n\n\t<div class=\"wpb_text_column wpb_content_element\" >\n\t\t<div class=\"wpb_wrapper\">\n\t\t\t\n<table id=\"tablepress-camisa\" class=\"tablepress tablepress-id-camisa\">\n<thead>\n<tr class=\"row-1\">\n\t<th class=\"column-1\">DESKRIBAPENA<\/th><th class=\"column-2\">REF.<\/th><th class=\"column-3\">S<\/th><th class=\"column-4\">M<\/th><th class=\"column-5\">L<\/th><th class=\"column-6\">XL<\/th>\n<\/tr>\n<\/thead>\n<tbody class=\"row-striping row-hover\">\n<tr class=\"row-2\">\n\t<td class=\"column-1\">Barren zabalera<\/td><td class=\"column-2\">A<\/td><td class=\"column-3\">54<\/td><td class=\"column-4\">56<\/td><td class=\"column-5\">58<\/td><td class=\"column-6\">60<\/td>\n<\/tr>\n<tr class=\"row-3\">\n\t<td class=\"column-1\">Bularra<\/td><td class=\"column-2\">B<\/td><td class=\"column-3\">54<\/td><td class=\"column-4\">56<\/td><td class=\"column-5\">58<\/td><td class=\"column-6\">60<\/td>\n<\/tr>\n<tr class=\"row-4\">\n\t<td class=\"column-1\">Mahuka luzeera (eskumuturra barne)<\/td><td class=\"column-2\">C<\/td><td class=\"column-3\">57<\/td><td class=\"column-4\">57<\/td><td class=\"column-5\">58<\/td><td class=\"column-6\">59<\/td>\n<\/tr>\n<tr class=\"row-5\">\n\t<td class=\"column-1\">Sorbalda luzera<\/td><td class=\"column-2\">D<\/td><td class=\"column-3\">16<\/td><td class=\"column-4\">16,5<\/td><td class=\"column-5\">17<\/td><td class=\"column-6\">17,5<\/td>\n<\/tr>\n<tr class=\"row-6\">\n\t<td class=\"column-1\">Luzera<\/td><td class=\"column-2\">E<\/td><td class=\"column-3\">69<\/td><td class=\"column-4\">69<\/td><td class=\"column-5\">69<\/td><td class=\"column-6\">69<\/td>\n<\/tr>\n<\/tbody>\n<\/table>\n<!-- #tablepress-camisa from cache -->\n\n\t\t<\/div>\n\t<\/div>\n<\/div><\/div><\/div><\/div>\n<\/div>","protected":false},"excerpt":{"rendered":"<p>Egungo emakumearen bizi erritmora egokituko den alkandora zuri klasikoa berrasmatu dugu. Bizkarraldeko trench estiloko kanesuaren diseinuak, sorbal eroriek eta ezkutaturiko botoiekin osatutako itxierak moldaerreztasuna gehitzen die. Alkondara estiloko oinarridun lepoa, mauka luzea, eskumutur botoidunez bukatua. Look informal bat sortzeko, konbinatu ezazu bakero batzuekin eta okasio bereziago baterako, probatu gure Batido gonarekin janztea.<\/p>\n<p>Zure ohiko taila hartzea gomendatzen dizugu.<\/p>\n<div class=\"guiaboton\">NEURRIEN GIDA<\/div>","protected":false},"featured_media":295,"template":"","meta":{"inline_featured_image":false},"product_brand":[],"product_cat":[31],"product_tag":[],"class_list":{"0":"post-36","1":"product","2":"type-product","3":"status-publish","4":"has-post-thumbnail","6":"product_cat-camisas","8":"first","9":"instock","10":"sale","11":"taxable","12":"shipping-taxable","13":"purchasable","14":"product-type-variable"},"yoast_head":"<!-- This site is optimized with the Yoast SEO plugin v27.4 - https:\/\/yoast.com\/product\/yoast-seo-wordpress\/ -->\n<title>Camisa blanca de mujer FANDANGO | Cl\u00e1sica | LAMA THE LAB<\/title>\n<meta name=\"description\" content=\"Reinventamos la cl\u00e1sica camisa blanca con un dise\u00f1o de espalda canes\u00fa estilo trench. Entra a ver su dise\u00f1o exclusivo por Lama The Lab, firma de moda sostenible del Pa\u00eds Vasco.\" \/>\n<meta name=\"robots\" content=\"index, follow, max-snippet:-1, max-image-preview:large, max-video-preview:-1\" \/>\n<link rel=\"canonical\" href=\"https:\/\/lamathelab.com\/eus\/shop\/fandango\/\" \/>\n<meta property=\"og:locale\" content=\"en_US\" \/>\n<meta property=\"og:type\" content=\"article\" \/>\n<meta property=\"og:title\" content=\"Camisa blanca de mujer FANDANGO | Cl\u00e1sica | LAMA THE LAB\" \/>\n<meta property=\"og:description\" content=\"Reinventamos la cl\u00e1sica camisa blanca con un dise\u00f1o de espalda canes\u00fa estilo trench. Entra a ver su dise\u00f1o exclusivo por Lama The Lab, firma de moda sostenible del Pa\u00eds Vasco.\" \/>\n<meta property=\"og:url\" content=\"https:\/\/lamathelab.com\/eus\/shop\/fandango\/\" \/>\n<meta property=\"og:site_name\" content=\"LAMA THE LAB\" \/>\n<meta property=\"article:publisher\" content=\"https:\/\/www.facebook.com\/LamaTheLab\" \/>\n<meta property=\"article:modified_time\" content=\"2025-12-11T08:58:43+00:00\" \/>\n<meta property=\"og:image\" content=\"https:\/\/lamathelab.com\/wp-content\/uploads\/1-2.jpg\" \/>\n\t<meta property=\"og:image:width\" content=\"1280\" \/>\n\t<meta property=\"og:image:height\" content=\"1920\" \/>\n\t<meta property=\"og:image:type\" content=\"image\/jpeg\" \/>\n<meta name=\"twitter:card\" content=\"summary_large_image\" \/>\n<meta name=\"twitter:label1\" content=\"Est. reading time\" \/>\n\t<meta name=\"twitter:data1\" content=\"1 minutua\" \/>\n<script type=\"application\/ld+json\" class=\"yoast-schema-graph\">{\"@context\":\"https:\\\/\\\/schema.org\",\"@graph\":[{\"@type\":\"WebPage\",\"@id\":\"https:\\\/\\\/lamathelab.com\\\/shop\\\/fandango\\\/\",\"url\":\"https:\\\/\\\/lamathelab.com\\\/shop\\\/fandango\\\/\",\"name\":\"Camisa blanca de mujer FANDANGO | Cl\u00e1sica | LAMA THE LAB\",\"isPartOf\":{\"@id\":\"https:\\\/\\\/lamathelab.com\\\/#website\"},\"primaryImageOfPage\":{\"@id\":\"https:\\\/\\\/lamathelab.com\\\/shop\\\/fandango\\\/#primaryimage\"},\"image\":{\"@id\":\"https:\\\/\\\/lamathelab.com\\\/shop\\\/fandango\\\/#primaryimage\"},\"thumbnailUrl\":\"https:\\\/\\\/lamathelab.com\\\/wp-content\\\/uploads\\\/1-2.jpg\",\"datePublished\":\"2022-05-17T09:07:00+00:00\",\"dateModified\":\"2025-12-11T08:58:43+00:00\",\"description\":\"Reinventamos la cl\u00e1sica camisa blanca con un dise\u00f1o de espalda canes\u00fa estilo trench. Entra a ver su dise\u00f1o exclusivo por Lama The Lab, firma de moda sostenible del Pa\u00eds Vasco.\",\"breadcrumb\":{\"@id\":\"https:\\\/\\\/lamathelab.com\\\/shop\\\/fandango\\\/#breadcrumb\"},\"inLanguage\":\"eu\",\"potentialAction\":[{\"@type\":\"ReadAction\",\"target\":[\"https:\\\/\\\/lamathelab.com\\\/shop\\\/fandango\\\/\"]}]},{\"@type\":\"ImageObject\",\"inLanguage\":\"eu\",\"@id\":\"https:\\\/\\\/lamathelab.com\\\/shop\\\/fandango\\\/#primaryimage\",\"url\":\"https:\\\/\\\/lamathelab.com\\\/wp-content\\\/uploads\\\/1-2.jpg\",\"contentUrl\":\"https:\\\/\\\/lamathelab.com\\\/wp-content\\\/uploads\\\/1-2.jpg\",\"width\":1280,\"height\":1920,\"caption\":\"LAMA - THE LAB Moda sostenible\"},{\"@type\":\"BreadcrumbList\",\"@id\":\"https:\\\/\\\/lamathelab.com\\\/shop\\\/fandango\\\/#breadcrumb\",\"itemListElement\":[{\"@type\":\"ListItem\",\"position\":1,\"name\":\"Portada\",\"item\":\"https:\\\/\\\/lamathelab.com\\\/\"},{\"@type\":\"ListItem\",\"position\":2,\"name\":\"Shop\",\"item\":\"https:\\\/\\\/lamathelab.com\\\/shop\\\/\"},{\"@type\":\"ListItem\",\"position\":3,\"name\":\"FANDANGO\"}]},{\"@type\":\"WebSite\",\"@id\":\"https:\\\/\\\/lamathelab.com\\\/#website\",\"url\":\"https:\\\/\\\/lamathelab.com\\\/\",\"name\":\"LAMA THE LAB\",\"description\":\"For a shared life.\",\"publisher\":{\"@id\":\"https:\\\/\\\/lamathelab.com\\\/#organization\"},\"potentialAction\":[{\"@type\":\"SearchAction\",\"target\":{\"@type\":\"EntryPoint\",\"urlTemplate\":\"https:\\\/\\\/lamathelab.com\\\/?s={search_term_string}\"},\"query-input\":{\"@type\":\"PropertyValueSpecification\",\"valueRequired\":true,\"valueName\":\"search_term_string\"}}],\"inLanguage\":\"eu\"},{\"@type\":\"Organization\",\"@id\":\"https:\\\/\\\/lamathelab.com\\\/#organization\",\"name\":\"LAMA THE LAB CLOTHING\",\"url\":\"https:\\\/\\\/lamathelab.com\\\/\",\"logo\":{\"@type\":\"ImageObject\",\"inLanguage\":\"eu\",\"@id\":\"https:\\\/\\\/lamathelab.com\\\/#\\\/schema\\\/logo\\\/image\\\/\",\"url\":\"https:\\\/\\\/lamathelab.com\\\/wp-content\\\/uploads\\\/LAMA-LOGO.jpg\",\"contentUrl\":\"https:\\\/\\\/lamathelab.com\\\/wp-content\\\/uploads\\\/LAMA-LOGO.jpg\",\"width\":1697,\"height\":612,\"caption\":\"LAMA THE LAB CLOTHING\"},\"image\":{\"@id\":\"https:\\\/\\\/lamathelab.com\\\/#\\\/schema\\\/logo\\\/image\\\/\"},\"sameAs\":[\"https:\\\/\\\/www.facebook.com\\\/LamaTheLab\",\"https:\\\/\\\/www.instagram.com\\\/lamathelab\\\/\",\"https:\\\/\\\/www.pinterest.es\\\/lamathelab\\\/\",\"https:\\\/\\\/www.tiktok.com\\\/@lamathelab\"]}]}<\/script>\n<!-- \/ Yoast SEO plugin. -->","yoast_head_json":{"title":"Camisa blanca de mujer FANDANGO | Cl\u00e1sica | LAMA THE LAB","description":"Reinventamos la cl\u00e1sica camisa blanca con un dise\u00f1o de espalda canes\u00fa estilo trench. Entra a ver su dise\u00f1o exclusivo por Lama The Lab, firma de moda sostenible del Pa\u00eds Vasco.","robots":{"index":"index","follow":"follow","max-snippet":"max-snippet:-1","max-image-preview":"max-image-preview:large","max-video-preview":"max-video-preview:-1"},"canonical":"https:\/\/lamathelab.com\/eus\/shop\/fandango\/","og_locale":"en_US","og_type":"article","og_title":"Camisa blanca de mujer FANDANGO | Cl\u00e1sica | LAMA THE LAB","og_description":"Reinventamos la cl\u00e1sica camisa blanca con un dise\u00f1o de espalda canes\u00fa estilo trench. Entra a ver su dise\u00f1o exclusivo por Lama The Lab, firma de moda sostenible del Pa\u00eds Vasco.","og_url":"https:\/\/lamathelab.com\/eus\/shop\/fandango\/","og_site_name":"LAMA THE LAB","article_publisher":"https:\/\/www.facebook.com\/LamaTheLab","article_modified_time":"2025-12-11T08:58:43+00:00","og_image":[{"width":1280,"height":1920,"url":"https:\/\/lamathelab.com\/wp-content\/uploads\/1-2.jpg","type":"image\/jpeg"}],"twitter_card":"summary_large_image","twitter_misc":{"Est. reading time":"1 minutua"},"schema":{"@context":"https:\/\/schema.org","@graph":[{"@type":"WebPage","@id":"https:\/\/lamathelab.com\/shop\/fandango\/","url":"https:\/\/lamathelab.com\/shop\/fandango\/","name":"Camisa blanca de mujer FANDANGO | Cl\u00e1sica | LAMA THE LAB","isPartOf":{"@id":"https:\/\/lamathelab.com\/#website"},"primaryImageOfPage":{"@id":"https:\/\/lamathelab.com\/shop\/fandango\/#primaryimage"},"image":{"@id":"https:\/\/lamathelab.com\/shop\/fandango\/#primaryimage"},"thumbnailUrl":"https:\/\/lamathelab.com\/wp-content\/uploads\/1-2.jpg","datePublished":"2022-05-17T09:07:00+00:00","dateModified":"2025-12-11T08:58:43+00:00","description":"Reinventamos la cl\u00e1sica camisa blanca con un dise\u00f1o de espalda canes\u00fa estilo trench. Entra a ver su dise\u00f1o exclusivo por Lama The Lab, firma de moda sostenible del Pa\u00eds Vasco.","breadcrumb":{"@id":"https:\/\/lamathelab.com\/shop\/fandango\/#breadcrumb"},"inLanguage":"eu","potentialAction":[{"@type":"ReadAction","target":["https:\/\/lamathelab.com\/shop\/fandango\/"]}]},{"@type":"ImageObject","inLanguage":"eu","@id":"https:\/\/lamathelab.com\/shop\/fandango\/#primaryimage","url":"https:\/\/lamathelab.com\/wp-content\/uploads\/1-2.jpg","contentUrl":"https:\/\/lamathelab.com\/wp-content\/uploads\/1-2.jpg","width":1280,"height":1920,"caption":"LAMA - THE LAB Moda sostenible"},{"@type":"BreadcrumbList","@id":"https:\/\/lamathelab.com\/shop\/fandango\/#breadcrumb","itemListElement":[{"@type":"ListItem","position":1,"name":"Portada","item":"https:\/\/lamathelab.com\/"},{"@type":"ListItem","position":2,"name":"Shop","item":"https:\/\/lamathelab.com\/shop\/"},{"@type":"ListItem","position":3,"name":"FANDANGO"}]},{"@type":"WebSite","@id":"https:\/\/lamathelab.com\/#website","url":"https:\/\/lamathelab.com\/","name":"LAMA THE LAB","description":"For a shared life.","publisher":{"@id":"https:\/\/lamathelab.com\/#organization"},"potentialAction":[{"@type":"SearchAction","target":{"@type":"EntryPoint","urlTemplate":"https:\/\/lamathelab.com\/?s={search_term_string}"},"query-input":{"@type":"PropertyValueSpecification","valueRequired":true,"valueName":"search_term_string"}}],"inLanguage":"eu"},{"@type":"Organization","@id":"https:\/\/lamathelab.com\/#organization","name":"LAMA THE LAB CLOTHING","url":"https:\/\/lamathelab.com\/","logo":{"@type":"ImageObject","inLanguage":"eu","@id":"https:\/\/lamathelab.com\/#\/schema\/logo\/image\/","url":"https:\/\/lamathelab.com\/wp-content\/uploads\/LAMA-LOGO.jpg","contentUrl":"https:\/\/lamathelab.com\/wp-content\/uploads\/LAMA-LOGO.jpg","width":1697,"height":612,"caption":"LAMA THE LAB CLOTHING"},"image":{"@id":"https:\/\/lamathelab.com\/#\/schema\/logo\/image\/"},"sameAs":["https:\/\/www.facebook.com\/LamaTheLab","https:\/\/www.instagram.com\/lamathelab\/","https:\/\/www.pinterest.es\/lamathelab\/","https:\/\/www.tiktok.com\/@lamathelab"]}]}},"_links":{"self":[{"href":"https:\/\/lamathelab.com\/eus\/wp-json\/wp\/v2\/product\/36","targetHints":{"allow":["GET"]}}],"collection":[{"href":"https:\/\/lamathelab.com\/eus\/wp-json\/wp\/v2\/product"}],"about":[{"href":"https:\/\/lamathelab.com\/eus\/wp-json\/wp\/v2\/types\/product"}],"wp:featuredmedia":[{"embeddable":true,"href":"https:\/\/lamathelab.com\/eus\/wp-json\/wp\/v2\/media\/295"}],"wp:attachment":[{"href":"https:\/\/lamathelab.com\/eus\/wp-json\/wp\/v2\/media?parent=36"}],"wp:term":[{"taxonomy":"product_brand","embeddable":true,"href":"https:\/\/lamathelab.com\/eus\/wp-json\/wp\/v2\/product_brand?post=36"},{"taxonomy":"product_cat","embeddable":true,"href":"https:\/\/lamathelab.com\/eus\/wp-json\/wp\/v2\/product_cat?post=36"},{"taxonomy":"product_tag","embeddable":true,"href":"https:\/\/lamathelab.com\/eus\/wp-json\/wp\/v2\/product_tag?post=36"}],"curies":[{"name":"wp","href":"https:\/\/api.w.org\/{rel}","templated":true}]}}