{"id":601,"date":"2023-06-08T15:11:58","date_gmt":"2023-06-08T15:11:58","guid":{"rendered":"https:\/\/lamathelab.com\/?post_type=product&#038;p=601"},"modified":"2024-12-18T13:21:11","modified_gmt":"2024-12-18T13:21:11","slug":"karei","status":"publish","type":"product","link":"https:\/\/lamathelab.com\/eus\/shop\/karei\/","title":{"rendered":"KAREI"},"content":{"rendered":"<div class=\"wpb-content-wrapper\"><div class=\"vc_row wpb_row vc_row-fluid\"><div class=\"wpb_column vc_column_container vc_col-sm-4\"><div class=\"vc_column-inner\"><div class=\"wpb_wrapper\">\n\t<div class=\"wpb_text_column wpb_content_element\" >\n\t\t<div class=\"wpb_wrapper\">\n\t\t\t<p>DETAILEAK:<\/p>\n<p>\u2022 Euskal Herrian diseinatua<\/p>\n<p>\u2022 Bartzelona inguruetan produzitua<\/p>\n\n\t\t<\/div>\n\t<\/div>\n<\/div><\/div><\/div><div class=\"wpb_column vc_column_container vc_col-sm-4\"><div class=\"vc_column-inner\"><div class=\"wpb_wrapper\">\n\t<div class=\"wpb_text_column wpb_content_element\" >\n\t\t<div class=\"wpb_wrapper\">\n\t\t\t<p>LEHENGAIAK:<\/p>\n<p class=\"p1\">50% Ecotec (algod\u00f3n org\u00e1nico), 50% Algod\u00f3n<\/p>\n\n\t\t<\/div>\n\t<\/div>\n<\/div><\/div><\/div><div class=\"wpb_column vc_column_container vc_col-sm-4\"><div class=\"vc_column-inner\"><div class=\"wpb_wrapper\">\n\t<div class=\"wpb_text_column wpb_content_element\" >\n\t\t<div class=\"wpb_wrapper\">\n\t\t\t<p>ZAINTZA:<\/p>\n<p class=\"p1\">Zure arropak zaindu! Ez duzu planeta soilik babestuko, zure arroparen bizitza ere luzatuko duzu.<\/p>\n<p class=\"p1\">Recomendamos lavar tu gorro Sote a mano con agua fr\u00eda.<\/p>\n\n\t\t<\/div>\n\t<\/div>\n<\/div><\/div><\/div><\/div><div class=\"vc_row wpb_row vc_row-fluid\"><div class=\"wpb_column vc_column_container vc_col-sm-6\"><div class=\"vc_column-inner\"><div class=\"wpb_wrapper\">\n\t<div class=\"wpb_text_column wpb_content_element\" >\n\t\t<div class=\"wpb_wrapper\">\n\t\t\t<p>JASANGARRITASUNA:<\/p>\n<p class=\"p1\">Hurrengo <a href=\"\/eus\/sostenibilidad\/\">ziurtagiriak ditugu<\/a>:<\/p>\n\n\t\t<\/div>\n\t<\/div>\n<\/div><\/div><\/div><\/div>\n<\/div>","protected":false},"excerpt":{"rendered":"<p>Karei itsasoarekin dugun loturatik sortzen da. Lama The Lab itsasertzetik gertu egotean sentitzen ditugun emozioetan oinarritu da, soinekoaren diseinua sortzeko.Trikot puntuan, midi luzeran eginiko soinekoa. Ukondoaren goikalderarteko maukak. Bularraldea v forman du eta bizkar aldea berriz, bularretakoaren altuera gainetik, forma karratuan.\nGorputzera egokitzeko, menguatuek itsas maskorren formak gogorarazten dituzten efektua sortzen dute. Aurrean zein atzean, kanalea zabalagorz baliatuz sortutiko zutabe bertikalak, jantziko durnaren silueta estilizatzen du.Konbinatu Karei soinekoa gure Lau Arin zapiekin, lookari ukitu sofistikatua emateko.<\/p>","protected":false},"featured_media":609,"template":"","meta":{"inline_featured_image":false},"product_brand":[],"product_cat":[43],"product_tag":[],"class_list":{"0":"post-601","1":"product","2":"type-product","3":"status-publish","4":"has-post-thumbnail","6":"product_cat-vestidos","8":"first","9":"instock","10":"sale","11":"taxable","12":"shipping-taxable","13":"purchasable","14":"product-type-variable"},"yoast_head":"<!-- This site is optimized with the Yoast SEO plugin v27.4 - https:\/\/yoast.com\/product\/yoast-seo-wordpress\/ -->\n<title>Vestido mujer KAREI | Moda joven | Ropa sostenible | LAMA THE LAB<\/title>\n<meta name=\"description\" content=\"El vestido ideal para todas las mujeres. El dise\u00f1o Karei se adapta al cuerpo que lo viste. Perfecto para toda ocasi\u00f3n. Firma de moda sostenible del Pa\u00eds Vasco.\" \/>\n<meta name=\"robots\" content=\"index, follow, max-snippet:-1, max-image-preview:large, max-video-preview:-1\" \/>\n<link rel=\"canonical\" href=\"https:\/\/lamathelab.com\/eus\/shop\/karei\/\" \/>\n<meta property=\"og:locale\" content=\"en_US\" \/>\n<meta property=\"og:type\" content=\"article\" \/>\n<meta property=\"og:title\" content=\"Vestido mujer KAREI | Moda joven | Ropa sostenible | LAMA THE LAB\" \/>\n<meta property=\"og:description\" content=\"El vestido ideal para todas las mujeres. El dise\u00f1o Karei se adapta al cuerpo que lo viste. Perfecto para toda ocasi\u00f3n. Firma de moda sostenible del Pa\u00eds Vasco.\" \/>\n<meta property=\"og:url\" content=\"https:\/\/lamathelab.com\/eus\/shop\/karei\/\" \/>\n<meta property=\"og:site_name\" content=\"LAMA THE LAB\" \/>\n<meta property=\"article:publisher\" content=\"https:\/\/www.facebook.com\/LamaTheLab\" \/>\n<meta property=\"article:modified_time\" content=\"2024-12-18T13:21:11+00:00\" \/>\n<meta property=\"og:image\" content=\"https:\/\/lamathelab.com\/wp-content\/uploads\/IMG_0371.jpg\" \/>\n\t<meta property=\"og:image:width\" content=\"1365\" \/>\n\t<meta property=\"og:image:height\" content=\"2048\" \/>\n\t<meta property=\"og:image:type\" content=\"image\/jpeg\" \/>\n<meta name=\"twitter:card\" content=\"summary_large_image\" \/>\n<meta name=\"twitter:label1\" content=\"Est. reading time\" \/>\n\t<meta name=\"twitter:data1\" content=\"1 minutua\" \/>\n<script type=\"application\/ld+json\" class=\"yoast-schema-graph\">{\"@context\":\"https:\\\/\\\/schema.org\",\"@graph\":[{\"@type\":\"WebPage\",\"@id\":\"https:\\\/\\\/lamathelab.com\\\/shop\\\/karei\\\/\",\"url\":\"https:\\\/\\\/lamathelab.com\\\/shop\\\/karei\\\/\",\"name\":\"Vestido mujer KAREI | Moda joven | Ropa sostenible | LAMA THE LAB\",\"isPartOf\":{\"@id\":\"https:\\\/\\\/lamathelab.com\\\/#website\"},\"primaryImageOfPage\":{\"@id\":\"https:\\\/\\\/lamathelab.com\\\/shop\\\/karei\\\/#primaryimage\"},\"image\":{\"@id\":\"https:\\\/\\\/lamathelab.com\\\/shop\\\/karei\\\/#primaryimage\"},\"thumbnailUrl\":\"https:\\\/\\\/lamathelab.com\\\/wp-content\\\/uploads\\\/IMG_0371.jpg\",\"datePublished\":\"2023-06-08T15:11:58+00:00\",\"dateModified\":\"2024-12-18T13:21:11+00:00\",\"description\":\"El vestido ideal para todas las mujeres. El dise\u00f1o Karei se adapta al cuerpo que lo viste. Perfecto para toda ocasi\u00f3n. Firma de moda sostenible del Pa\u00eds Vasco.\",\"breadcrumb\":{\"@id\":\"https:\\\/\\\/lamathelab.com\\\/shop\\\/karei\\\/#breadcrumb\"},\"inLanguage\":\"eu\",\"potentialAction\":[{\"@type\":\"ReadAction\",\"target\":[\"https:\\\/\\\/lamathelab.com\\\/shop\\\/karei\\\/\"]}]},{\"@type\":\"ImageObject\",\"inLanguage\":\"eu\",\"@id\":\"https:\\\/\\\/lamathelab.com\\\/shop\\\/karei\\\/#primaryimage\",\"url\":\"https:\\\/\\\/lamathelab.com\\\/wp-content\\\/uploads\\\/IMG_0371.jpg\",\"contentUrl\":\"https:\\\/\\\/lamathelab.com\\\/wp-content\\\/uploads\\\/IMG_0371.jpg\",\"width\":1365,\"height\":2048,\"caption\":\"LAMA - THE LAB Moda sostenible\"},{\"@type\":\"BreadcrumbList\",\"@id\":\"https:\\\/\\\/lamathelab.com\\\/shop\\\/karei\\\/#breadcrumb\",\"itemListElement\":[{\"@type\":\"ListItem\",\"position\":1,\"name\":\"Portada\",\"item\":\"https:\\\/\\\/lamathelab.com\\\/\"},{\"@type\":\"ListItem\",\"position\":2,\"name\":\"Shop\",\"item\":\"https:\\\/\\\/lamathelab.com\\\/shop\\\/\"},{\"@type\":\"ListItem\",\"position\":3,\"name\":\"KAREI\"}]},{\"@type\":\"WebSite\",\"@id\":\"https:\\\/\\\/lamathelab.com\\\/#website\",\"url\":\"https:\\\/\\\/lamathelab.com\\\/\",\"name\":\"LAMA THE LAB\",\"description\":\"For a shared life.\",\"publisher\":{\"@id\":\"https:\\\/\\\/lamathelab.com\\\/#organization\"},\"potentialAction\":[{\"@type\":\"SearchAction\",\"target\":{\"@type\":\"EntryPoint\",\"urlTemplate\":\"https:\\\/\\\/lamathelab.com\\\/?s={search_term_string}\"},\"query-input\":{\"@type\":\"PropertyValueSpecification\",\"valueRequired\":true,\"valueName\":\"search_term_string\"}}],\"inLanguage\":\"eu\"},{\"@type\":\"Organization\",\"@id\":\"https:\\\/\\\/lamathelab.com\\\/#organization\",\"name\":\"LAMA THE LAB CLOTHING\",\"url\":\"https:\\\/\\\/lamathelab.com\\\/\",\"logo\":{\"@type\":\"ImageObject\",\"inLanguage\":\"eu\",\"@id\":\"https:\\\/\\\/lamathelab.com\\\/#\\\/schema\\\/logo\\\/image\\\/\",\"url\":\"https:\\\/\\\/lamathelab.com\\\/wp-content\\\/uploads\\\/LAMA-LOGO.jpg\",\"contentUrl\":\"https:\\\/\\\/lamathelab.com\\\/wp-content\\\/uploads\\\/LAMA-LOGO.jpg\",\"width\":1697,\"height\":612,\"caption\":\"LAMA THE LAB CLOTHING\"},\"image\":{\"@id\":\"https:\\\/\\\/lamathelab.com\\\/#\\\/schema\\\/logo\\\/image\\\/\"},\"sameAs\":[\"https:\\\/\\\/www.facebook.com\\\/LamaTheLab\",\"https:\\\/\\\/www.instagram.com\\\/lamathelab\\\/\",\"https:\\\/\\\/www.pinterest.es\\\/lamathelab\\\/\",\"https:\\\/\\\/www.tiktok.com\\\/@lamathelab\"]}]}<\/script>\n<!-- \/ Yoast SEO plugin. -->","yoast_head_json":{"title":"Vestido mujer KAREI | Moda joven | Ropa sostenible | LAMA THE LAB","description":"El vestido ideal para todas las mujeres. El dise\u00f1o Karei se adapta al cuerpo que lo viste. Perfecto para toda ocasi\u00f3n. Firma de moda sostenible del Pa\u00eds Vasco.","robots":{"index":"index","follow":"follow","max-snippet":"max-snippet:-1","max-image-preview":"max-image-preview:large","max-video-preview":"max-video-preview:-1"},"canonical":"https:\/\/lamathelab.com\/eus\/shop\/karei\/","og_locale":"en_US","og_type":"article","og_title":"Vestido mujer KAREI | Moda joven | Ropa sostenible | LAMA THE LAB","og_description":"El vestido ideal para todas las mujeres. El dise\u00f1o Karei se adapta al cuerpo que lo viste. Perfecto para toda ocasi\u00f3n. Firma de moda sostenible del Pa\u00eds Vasco.","og_url":"https:\/\/lamathelab.com\/eus\/shop\/karei\/","og_site_name":"LAMA THE LAB","article_publisher":"https:\/\/www.facebook.com\/LamaTheLab","article_modified_time":"2024-12-18T13:21:11+00:00","og_image":[{"width":1365,"height":2048,"url":"https:\/\/lamathelab.com\/wp-content\/uploads\/IMG_0371.jpg","type":"image\/jpeg"}],"twitter_card":"summary_large_image","twitter_misc":{"Est. reading time":"1 minutua"},"schema":{"@context":"https:\/\/schema.org","@graph":[{"@type":"WebPage","@id":"https:\/\/lamathelab.com\/shop\/karei\/","url":"https:\/\/lamathelab.com\/shop\/karei\/","name":"Vestido mujer KAREI | Moda joven | Ropa sostenible | LAMA THE LAB","isPartOf":{"@id":"https:\/\/lamathelab.com\/#website"},"primaryImageOfPage":{"@id":"https:\/\/lamathelab.com\/shop\/karei\/#primaryimage"},"image":{"@id":"https:\/\/lamathelab.com\/shop\/karei\/#primaryimage"},"thumbnailUrl":"https:\/\/lamathelab.com\/wp-content\/uploads\/IMG_0371.jpg","datePublished":"2023-06-08T15:11:58+00:00","dateModified":"2024-12-18T13:21:11+00:00","description":"El vestido ideal para todas las mujeres. El dise\u00f1o Karei se adapta al cuerpo que lo viste. Perfecto para toda ocasi\u00f3n. Firma de moda sostenible del Pa\u00eds Vasco.","breadcrumb":{"@id":"https:\/\/lamathelab.com\/shop\/karei\/#breadcrumb"},"inLanguage":"eu","potentialAction":[{"@type":"ReadAction","target":["https:\/\/lamathelab.com\/shop\/karei\/"]}]},{"@type":"ImageObject","inLanguage":"eu","@id":"https:\/\/lamathelab.com\/shop\/karei\/#primaryimage","url":"https:\/\/lamathelab.com\/wp-content\/uploads\/IMG_0371.jpg","contentUrl":"https:\/\/lamathelab.com\/wp-content\/uploads\/IMG_0371.jpg","width":1365,"height":2048,"caption":"LAMA - THE LAB Moda sostenible"},{"@type":"BreadcrumbList","@id":"https:\/\/lamathelab.com\/shop\/karei\/#breadcrumb","itemListElement":[{"@type":"ListItem","position":1,"name":"Portada","item":"https:\/\/lamathelab.com\/"},{"@type":"ListItem","position":2,"name":"Shop","item":"https:\/\/lamathelab.com\/shop\/"},{"@type":"ListItem","position":3,"name":"KAREI"}]},{"@type":"WebSite","@id":"https:\/\/lamathelab.com\/#website","url":"https:\/\/lamathelab.com\/","name":"LAMA THE LAB","description":"For a shared life.","publisher":{"@id":"https:\/\/lamathelab.com\/#organization"},"potentialAction":[{"@type":"SearchAction","target":{"@type":"EntryPoint","urlTemplate":"https:\/\/lamathelab.com\/?s={search_term_string}"},"query-input":{"@type":"PropertyValueSpecification","valueRequired":true,"valueName":"search_term_string"}}],"inLanguage":"eu"},{"@type":"Organization","@id":"https:\/\/lamathelab.com\/#organization","name":"LAMA THE LAB CLOTHING","url":"https:\/\/lamathelab.com\/","logo":{"@type":"ImageObject","inLanguage":"eu","@id":"https:\/\/lamathelab.com\/#\/schema\/logo\/image\/","url":"https:\/\/lamathelab.com\/wp-content\/uploads\/LAMA-LOGO.jpg","contentUrl":"https:\/\/lamathelab.com\/wp-content\/uploads\/LAMA-LOGO.jpg","width":1697,"height":612,"caption":"LAMA THE LAB CLOTHING"},"image":{"@id":"https:\/\/lamathelab.com\/#\/schema\/logo\/image\/"},"sameAs":["https:\/\/www.facebook.com\/LamaTheLab","https:\/\/www.instagram.com\/lamathelab\/","https:\/\/www.pinterest.es\/lamathelab\/","https:\/\/www.tiktok.com\/@lamathelab"]}]}},"_links":{"self":[{"href":"https:\/\/lamathelab.com\/eus\/wp-json\/wp\/v2\/product\/601","targetHints":{"allow":["GET"]}}],"collection":[{"href":"https:\/\/lamathelab.com\/eus\/wp-json\/wp\/v2\/product"}],"about":[{"href":"https:\/\/lamathelab.com\/eus\/wp-json\/wp\/v2\/types\/product"}],"wp:featuredmedia":[{"embeddable":true,"href":"https:\/\/lamathelab.com\/eus\/wp-json\/wp\/v2\/media\/609"}],"wp:attachment":[{"href":"https:\/\/lamathelab.com\/eus\/wp-json\/wp\/v2\/media?parent=601"}],"wp:term":[{"taxonomy":"product_brand","embeddable":true,"href":"https:\/\/lamathelab.com\/eus\/wp-json\/wp\/v2\/product_brand?post=601"},{"taxonomy":"product_cat","embeddable":true,"href":"https:\/\/lamathelab.com\/eus\/wp-json\/wp\/v2\/product_cat?post=601"},{"taxonomy":"product_tag","embeddable":true,"href":"https:\/\/lamathelab.com\/eus\/wp-json\/wp\/v2\/product_tag?post=601"}],"curies":[{"name":"wp","href":"https:\/\/api.w.org\/{rel}","templated":true}]}}